{"id":16003,"date":"2026-03-04T11:51:43","date_gmt":"2026-03-04T07:51:43","guid":{"rendered":"https:\/\/karchershop.az\/?post_type=product&#038;p=16003"},"modified":"2026-05-02T21:11:25","modified_gmt":"2026-05-02T17:11:25","slug":"rvm-4-comfort-extra","status":"publish","type":"product","link":"https:\/\/karchershop.az\/az\/home-garden\/roboty-pylesosy\/rvm-4-comfort-extra","title":{"rendered":"RVM 4 Comfort Extra"},"content":{"rendered":"<p data-start=\"0\" data-end=\"379\">H\u0259r g\u00fcn t\u0259miz d\u00f6\u015f\u0259m\u0259l\u0259r. N\u0259m t\u0259mizl\u0259m\u0259 funksiyal\u0131 intellektual robot-tozsoran RVM 4 Comfort Extra, b\u0259rk d\u00f6\u015f\u0259m\u0259 \u00f6rt\u00fckl\u0259rini v\u0259 q\u0131sa t\u00fckl\u00fc xal\u00e7alar\u0131 sistematik \u015f\u0259kild\u0259 t\u0259mizl\u0259yir. Quru t\u0259mizl\u0259m\u0259 f\u0131rlanan f\u0131r\u00e7a, yan f\u0131r\u00e7a v\u0259 g\u00fccl\u00fc sovurma funksiyas\u0131 vasit\u0259sil\u0259 h\u0259yata ke\u00e7irilir. Biri k\u0259nara do\u011fru uzanan iki \u0259d\u0259d qalxan yuyucu disk is\u0259 h\u0259tta inadkar \u00e7irkl\u0259ri bel\u0259 yox edir.<\/p>\n<p data-start=\"381\" data-end=\"778\">RVM 4 Comfort Extra ilkin tan\u0131\u015fl\u0131q ke\u00e7idind\u0259n sonra LiDAR lazer sensoru vasit\u0259sil\u0259 otaqlar\u0131n x\u0259rit\u0259sini yarad\u0131r. Bu x\u0259rit\u0259d\u0259 f\u0259rdi t\u0259mizlik parametrl\u0259rini t\u0259nziml\u0259m\u0259k m\u00fcmk\u00fcnd\u00fcr. Daxili ikili lazer sistemi v\u0259 kamera say\u0259sind\u0259 RVM 4 Comfort Extra kabel v\u0259 ya corab kimi yast\u0131 mane\u0259l\u0259ri tan\u0131y\u0131r v\u0259 onlardan yan ke\u00e7ir. \u018flav\u0259 sensorlar is\u0259 aparat\u0131n, m\u0259s\u0259l\u0259n, pill\u0259k\u0259nd\u0259n y\u0131x\u0131lmas\u0131n\u0131n qar\u015f\u0131s\u0131n\u0131 al\u0131r.<\/p>\n<p data-start=\"780\" data-end=\"1295\" data-is-last-node=\"\" data-is-only-node=\"\">Ultras\u0259s sensoru xal\u00e7alar\u0131 tan\u0131y\u0131r, \"Auto Boost\" funksiyas\u0131 is\u0259 sovurma g\u00fcc\u00fcn\u00fc avtomatik t\u0259nziml\u0259yir. N\u0259m t\u0259mizl\u0259m\u0259 rejimind\u0259 xal\u00e7alardan yan ke\u00e7ilir v\u0259 ya f\u0131rlanan yuyucu diskl\u0259r yuxar\u0131 qalx\u0131r. \u00c7oxfunksiyal\u0131 stansiya yuyucu ba\u015fl\u0131qlar\u0131 yuyur v\u0259 qurudur, h\u0259m\u00e7inin robotun toz qab\u0131n\u0131 avtomatik t\u0259mizl\u0259yir. Cihaz\u0131n idar\u0259 edilm\u0259si t\u0259tbiq vasit\u0259sil\u0259, t\u0259yin olunmu\u015f c\u0259dv\u0259l \u00fczr\u0259 v\u0259 ya korpusdak\u0131 d\u00fcym\u0259ni s\u0131xmaqla h\u0259yata ke\u00e7irilir. \u018fg\u0259r robot-tozsorana k\u00f6m\u0259k laz\u0131m olarsa, o, bu bar\u0259d\u0259 s\u0259sli bildiri\u015fl\u0259 m\u0259lumat ver\u0259c\u0259kdir.<\/p>","protected":false},"excerpt":{"rendered":"<p>RVM 4 Comfort Extra tozsoranlay\u0131r, n\u0259m t\u0259mizl\u0259m\u0259ni yerin\u0259 yetirir v\u0259 \u00e7oxfunksiyal\u0131 stansiyas\u0131 say\u0259sind\u0259 y\u00fcks\u0259k muxtariyy\u0259t (avtonomluq) t\u0259min edir. D\u0259qiq LiDAR naviqasiyas\u0131, ikili lazer sistemi v\u0259 kameras\u0131 say\u0259sind\u0259 mane\u0259l\u0259rd\u0259n asanl\u0131qla yan ke\u00e7ir.<\/p>","protected":false},"featured_media":16004,"comment_status":"open","ping_status":"closed","template":"","meta":[],"product_cat":[15,564],"product_tag":[],"class_list":{"0":"post-16003","1":"product","2":"type-product","3":"status-publish","4":"has-post-thumbnail","6":"product_cat-home-garden","7":"product_cat-roboty-pylesosy","9":"first","10":"instock","11":"shipping-taxable","12":"purchasable","13":"product-type-simple"},"_links":{"self":[{"href":"https:\/\/karchershop.az\/az\/wp-json\/wp\/v2\/product\/16003","targetHints":{"allow":["GET"]}}],"collection":[{"href":"https:\/\/karchershop.az\/az\/wp-json\/wp\/v2\/product"}],"about":[{"href":"https:\/\/karchershop.az\/az\/wp-json\/wp\/v2\/types\/product"}],"replies":[{"embeddable":true,"href":"https:\/\/karchershop.az\/az\/wp-json\/wp\/v2\/comments?post=16003"}],"wp:featuredmedia":[{"embeddable":true,"href":"https:\/\/karchershop.az\/az\/wp-json\/wp\/v2\/media\/16004"}],"wp:attachment":[{"href":"https:\/\/karchershop.az\/az\/wp-json\/wp\/v2\/media?parent=16003"}],"wp:term":[{"taxonomy":"product_cat","embeddable":true,"href":"https:\/\/karchershop.az\/az\/wp-json\/wp\/v2\/product_cat?post=16003"},{"taxonomy":"product_tag","embeddable":true,"href":"https:\/\/karchershop.az\/az\/wp-json\/wp\/v2\/product_tag?post=16003"}],"curies":[{"name":"wp","href":"https:\/\/api.w.org\/{rel}","templated":true}]}}