{"id":16035,"date":"2026-03-07T08:59:24","date_gmt":"2026-03-07T04:59:24","guid":{"rendered":"https:\/\/karchershop.az\/?post_type=product&#038;p=16035"},"modified":"2026-05-01T21:36:32","modified_gmt":"2026-05-01T17:36:32","slug":"wd-6-p-v-25-8-22-t","status":"publish","type":"product","link":"https:\/\/karchershop.az\/az\/home-garden\/hozyajstvennye-pylesosy\/hozyajstvenny-pylesos\/wd-6-p-v-25-8-22-t","title":{"rendered":"WD 6 P V-25\/8\/22\/T"},"content":{"rendered":"<p>Birinci d\u0259r\u0259c\u0259li t\u0259mizlik: WD 6 P V-25\/8\/22\/T tozsoran\u0131 c\u0259mi 1300 Vt enerji s\u0259rfiyyat\u0131 il\u0259 \u2013 ist\u0259nil\u0259n n\u00f6v \u00e7irkl\u0259nm\u0259 (quru v\u0259 ya n\u0259m, x\u0131rda v\u0259 ya iri) \u00fc\u00e7\u00fcn m\u00fck\u0259mm\u0259l n\u0259tic\u0259l\u0259r t\u0259min edir.\n\nBu n\u0259m v\u0259 quru t\u0259mizl\u0259m\u0259 \u00fc\u00e7\u00fcn n\u0259z\u0259rd\u0259 tutulmu\u015f tozsoran 25 litrlik z\u0259rb\u0259y\u0259 davaml\u0131 plastik konteyner, 8 metrlik kabel, tutacaql\u0131 2,2 metrlik sorucu \u015flanq, paslanmayan poladdan borular, d\u0259yi\u015fdiril\u0259 bil\u0259n d\u00f6\u015f\u0259m\u0259 ba\u015fl\u0131\u011f\u0131, yast\u0131 qatlanan filtr v\u0259 flis torba filtr il\u0259 t\u0259chiz olunub.\n\nAvtomatik a\u00e7\u0131l\u0131b-s\u00f6nm\u0259 funksiyas\u0131na malik daxili rozetka mi\u015far v\u0259 ya cilalama ma\u015f\u0131nlar\u0131 kimi elektro al\u0259tl\u0259rin qo\u015fulmas\u0131na imkan verir. Yaranan \u00e7irkl\u0259r d\u0259rhal sorularaq t\u0259mizl\u0259nir.\n\nF\u0131rlanan t\u0259nziml\u0259yici istifad\u0259\u00e7iy\u0259 soru\u015f g\u00fcc\u00fcn\u00fc ehtiyac\u0131na uy\u011fun \u015f\u0259kild\u0259 nizamlama\u011fa imkan verir. Yast\u0131 qatlanan filtr say\u0259sind\u0259 \u0259lav\u0259 filtr d\u0259yi\u015fm\u0259d\u0259n h\u0259m quru, h\u0259m d\u0259 n\u0259m \u00e7irkl\u0259ri t\u0259mizl\u0259m\u0259k m\u00fcmk\u00fcnd\u00fcr. Filtr \u00e7irkl\u0259 t\u0259mas etm\u0259d\u0259n bir ne\u00e7\u0259 saniy\u0259y\u0259 \u00e7\u0131xar\u0131l\u0131b t\u0259mizl\u0259n\u0259 bil\u0259r. Bundan \u0259lav\u0259, filtr t\u0259mizl\u0259m\u0259 d\u00fcym\u0259sini basmaqla filtr effektiv \u015f\u0259kild\u0259 t\u0259mizl\u0259nir v\u0259 tam soru\u015f g\u00fcc\u00fc asanl\u0131qla b\u0259rpa olunur.\n\nQ\u0131sa fasil\u0259l\u0259r zaman\u0131 borular v\u0259 d\u00f6\u015f\u0259m\u0259 ba\u015fl\u0131\u011f\u0131 cihaz\u0131n \u00fcz\u0259rind\u0259 rahat \u015f\u0259kild\u0259 saxlan\u0131la bil\u0259r. Cihaz h\u0259m\u00e7inin saxlama \u00fc\u00e7\u00fcn r\u0259f, kabel b\u00f6lm\u0259si v\u0259 aksesuarlar \u00fc\u00e7\u00fcn b\u00f6lm\u0259, el\u0259c\u0259 d\u0259 patentl\u0259\u015fdirilmi\u015f 3-\u00fc 1-d\u0259 erqonomik da\u015f\u0131ma tutaca\u011f\u0131 il\u0259 t\u0259chiz olunub.<\/p>","protected":false},"excerpt":{"rendered":"<p>Quru v\u0259 n\u0259m t\u0259mizl\u0259m\u0259 \u00fc\u00e7\u00fcn WD 6 P V-25\/8\/22\/T tozsoran\u0131, elektro al\u0259tl\u0259r \u00fc\u00e7\u00fcn rozetka, 25 litrlik plastik konteyner, 8 metrlik kabel v\u0259 2,2 metrlik sorucu \u015flanq il\u0259 son d\u0259r\u0259c\u0259 rahat, enerji bax\u0131m\u0131ndan s\u0259m\u0259r\u0259li v\u0259 \u00e7ox y\u00fcks\u0259k soru\u015f g\u00fcc\u00fc t\u0259min edir.<\/p>","protected":false},"featured_media":16036,"comment_status":"open","ping_status":"closed","template":"","meta":[],"product_cat":[15,553,90],"product_tag":[],"class_list":{"0":"post-16035","1":"product","2":"type-product","3":"status-publish","4":"has-post-thumbnail","6":"product_cat-home-garden","7":"product_cat-hozyajstvennye-pylesosy","8":"product_cat-hozyajstvenny-pylesos","10":"first","11":"outofstock","12":"shipping-taxable","13":"purchasable","14":"product-type-simple"},"_links":{"self":[{"href":"https:\/\/karchershop.az\/az\/wp-json\/wp\/v2\/product\/16035","targetHints":{"allow":["GET"]}}],"collection":[{"href":"https:\/\/karchershop.az\/az\/wp-json\/wp\/v2\/product"}],"about":[{"href":"https:\/\/karchershop.az\/az\/wp-json\/wp\/v2\/types\/product"}],"replies":[{"embeddable":true,"href":"https:\/\/karchershop.az\/az\/wp-json\/wp\/v2\/comments?post=16035"}],"wp:featuredmedia":[{"embeddable":true,"href":"https:\/\/karchershop.az\/az\/wp-json\/wp\/v2\/media\/16036"}],"wp:attachment":[{"href":"https:\/\/karchershop.az\/az\/wp-json\/wp\/v2\/media?parent=16035"}],"wp:term":[{"taxonomy":"product_cat","embeddable":true,"href":"https:\/\/karchershop.az\/az\/wp-json\/wp\/v2\/product_cat?post=16035"},{"taxonomy":"product_tag","embeddable":true,"href":"https:\/\/karchershop.az\/az\/wp-json\/wp\/v2\/product_tag?post=16035"}],"curies":[{"name":"wp","href":"https:\/\/api.w.org\/{rel}","templated":true}]}}