{"id":16072,"date":"2026-03-17T16:18:40","date_gmt":"2026-03-17T12:18:40","guid":{"rendered":"https:\/\/karchershop.az\/?post_type=product&#038;p=16072"},"modified":"2026-05-01T21:36:32","modified_gmt":"2026-05-01T17:36:32","slug":"sc-3-easyfix-go-further","status":"publish","type":"product","link":"https:\/\/karchershop.az\/az\/home-garden\/paroochistiteli\/sc-3-easyfix-go-further","title":{"rendered":"SC 3 EasyFix Go!Further"},"content":{"rendered":"<p>SC 3\u00a0<span class=\"fix-spelling\">EasyFix<\/span>\u00a0Go!Further \u2014 g\u00fcnd\u0259lik t\u0259mizlikd\u0259n daha \u00e7oxunu g\u00f6zl\u0259y\u0259nl\u0259r \u00fc\u00e7\u00fcn buxarl\u0131 t\u0259mizl\u0259yicidir. M\u0259hdud sayda istehsal olunmu\u015f qara dizayn y\u00fcks\u0259k t\u0259mizl\u0259m\u0259 s\u0259m\u0259r\u0259liliyini, d\u00fc\u015f\u00fcn\u00fclm\u00fc\u015f erqonomikan\u0131 v\u0259 resurslardan m\u0259suliyy\u0259tli istifad\u0259 yana\u015fmas\u0131n\u0131 \u00f6z\u00fcnd\u0259 birl\u0259\u015fdirir: cihaz\u0131n g\u00f6vd\u0259si 35% t\u0259krar emal olunmu\u015f plastikd\u0259n haz\u0131rlan\u0131b. Aparat i\u015f\u0259 sal\u0131nd\u0131qdan c\u0259mi 30 saniy\u0259 sonra istifad\u0259y\u0259 haz\u0131rd\u0131r v\u0259 kimy\u0259vi vasit\u0259l\u0259rd\u0259n istifad\u0259 etm\u0259d\u0259n b\u0259rk s\u0259thl\u0259rd\u0259ki viruslar\u0131n 99,999%-ni, m\u0259i\u015f\u0259td\u0259 rast g\u0259lin\u0259n \u00fcmumi bakteriyalar\u0131n is\u0259 99,99%-ni effektiv \u015f\u0259kild\u0259 yox edir. D\u00f6\u015f\u0259m\u0259 ba\u015fl\u0131\u011f\u0131...\u00a0<span class=\"fix-spelling\">EasyFix<\/span>\u00a0oynaql\u0131 birl\u0259\u015fm\u0259si v\u0259 l\u00f6vh\u0259li altl\u0131q qurulu\u015fu say\u0259sind\u0259 rahat idar\u0259etm\u0259ni v\u0259 stabil olaraq y\u00fcks\u0259k t\u0259mizlik n\u0259tic\u0259l\u0259rini t\u0259min edir. 100% t\u0259krar emal olunmu\u015f poliesterd\u0259n CiCLO\u00ae texnologiyas\u0131 il\u0259 haz\u0131rlanm\u0131\u015f Re!Fibe d\u00f6\u015f\u0259m\u0259 salfetl\u0259ri is\u0259 \"c\u0131rt-c\u0131rt\" (tikanl\u0131 lent) vasit\u0259sil\u0259 asanl\u0131qla b\u0259rkidilir v\u0259 \u00e7irk\u0259 toxunmadan \u00e7\u0131xar\u0131l\u0131r. D\u0259st\u0259, h\u0259m\u00e7inin h\u0259m d\u00fcz, h\u0259m d\u0259 \u0259yri s\u0259thl\u0259rd\u0259, o c\u00fcml\u0259d\u0259n \u00e7anaq v\u0259 vannalarda inadkar \u00e7irkl\u0259ri effektiv \u015f\u0259kild\u0259 t\u0259mizl\u0259m\u0259k \u00fc\u00e7\u00fcn ekskl\u00fcziv \u00e7evik \u0259l ba\u015fl\u0131\u011f\u0131 daxildir. Daim doldurula bil\u0259n su \u00e7\u0259ni fasil\u0259siz i\u015fl\u0259m\u0259y\u0259 imkan verir, qura\u015fd\u0131r\u0131lm\u0131\u015f \u0259rp \u0259leyhin\u0259 kartric is\u0259 suyu avtomatik t\u0259mizl\u0259y\u0259r\u0259k buxarl\u0131 t\u0259mizl\u0259yicinin xidm\u0259t m\u00fcdd\u0259tini uzad\u0131r.<\/p>","protected":false},"excerpt":{"rendered":"<p>SC 3\u00a0<span class=\"fix-spelling\">EasyFix<\/span>\u00a0Go!Further \u2014 m\u0259suliyy\u0259tli istehlak prinsipl\u0259ri n\u0259z\u0259r\u0259 al\u0131nmaqla yarad\u0131lm\u0131\u015f, q\u0259\u015f\u0259ng qara dizayna malik m\u0259hdud sayda (limited edition) buxarl\u0131 t\u0259mizl\u0259yici seriyas\u0131d\u0131r. Cihaz\u0131n g\u00f6vd\u0259si 35% t\u0259krar emal olunmu\u015f plastikd\u0259n haz\u0131rlan\u0131b, d\u0259st\u0259 is\u0259 ekskl\u00fcziv aksesuarlar, o c\u00fcml\u0259d\u0259n Re!Fibe d\u00f6\u015f\u0259m\u0259 salfetl\u0259ri daxildir. Y\u00fcks\u0259k t\u0259mizl\u0259m\u0259 s\u0259m\u0259r\u0259liliyi, m\u00fcasir dizayn v\u0259 ekoloji yana\u015fman\u0131n v\u0259hd\u0259ti bu modeli evd\u0259 q\u00fcsursuz t\u0259mizlik \u00fc\u00e7\u00fcn x\u00fcsusi bir h\u0259ll yoluna \u00e7evirir.<\/p>","protected":false},"featured_media":16073,"comment_status":"open","ping_status":"closed","template":"","meta":[],"product_cat":[15,184],"product_tag":[],"class_list":{"0":"post-16072","1":"product","2":"type-product","3":"status-publish","4":"has-post-thumbnail","6":"product_cat-home-garden","7":"product_cat-paroochistiteli","9":"first","10":"instock","11":"shipping-taxable","12":"purchasable","13":"product-type-simple"},"_links":{"self":[{"href":"https:\/\/karchershop.az\/az\/wp-json\/wp\/v2\/product\/16072","targetHints":{"allow":["GET"]}}],"collection":[{"href":"https:\/\/karchershop.az\/az\/wp-json\/wp\/v2\/product"}],"about":[{"href":"https:\/\/karchershop.az\/az\/wp-json\/wp\/v2\/types\/product"}],"replies":[{"embeddable":true,"href":"https:\/\/karchershop.az\/az\/wp-json\/wp\/v2\/comments?post=16072"}],"wp:featuredmedia":[{"embeddable":true,"href":"https:\/\/karchershop.az\/az\/wp-json\/wp\/v2\/media\/16073"}],"wp:attachment":[{"href":"https:\/\/karchershop.az\/az\/wp-json\/wp\/v2\/media?parent=16072"}],"wp:term":[{"taxonomy":"product_cat","embeddable":true,"href":"https:\/\/karchershop.az\/az\/wp-json\/wp\/v2\/product_cat?post=16072"},{"taxonomy":"product_tag","embeddable":true,"href":"https:\/\/karchershop.az\/az\/wp-json\/wp\/v2\/product_tag?post=16072"}],"curies":[{"name":"wp","href":"https:\/\/api.w.org\/{rel}","templated":true}]}}