{"id":16102,"date":"2026-03-22T11:31:15","date_gmt":"2026-03-22T07:31:15","guid":{"rendered":"https:\/\/karchershop.az\/?post_type=product&#038;p=16102"},"modified":"2026-05-01T21:36:32","modified_gmt":"2026-05-01T17:36:32","slug":"k-3-eu","status":"publish","type":"product","link":"https:\/\/karchershop.az\/az\/home-garden\/mojki-vysokogo-davleniya\/k-3-eu","title":{"rendered":"K 3 EU"},"content":{"rendered":"<p>K 3 y\u00fcks\u0259k t\u0259zyiqli yuma cihaz\u0131 il\u0259 kirl\u0259r ke\u00e7mi\u015fd\u0259 qalacaq. 6 metrlik y\u00fcks\u0259k t\u0259zyiqli \u015flanq\u0131 say\u0259sind\u0259 bu cihaz ev \u0259traf\u0131nda vaxta\u015f\u0131r\u0131 istifad\u0259 \u00fc\u00e7\u00fcn ideald\u0131r; ki\u00e7ik ba\u011f sah\u0259l\u0259rin\u0259, daxili h\u0259y\u0259tl\u0259r\u0259 (patio), h\u0259m\u00e7inin ba\u011f mebell\u0259rin\u0259 v\u0259 avtomobill\u0259r\u0259 par\u0131lt\u0131 b\u0259x\u015f edir. **Vario Power (VPS)** p\u00fcsk\u00fcrtm\u0259 borusu say\u0259sind\u0259 suyun t\u0259zyiqini sad\u0259 bir \u00e7evirm\u0259 h\u0259r\u0259k\u0259ti il\u0259 s\u0259th\u0259 uy\u011fun olaraq asanl\u0131qla t\u0259nziml\u0259m\u0259k m\u00fcmk\u00fcnd\u00fcr. F\u0131rlanan n\u00f6qt\u0259vi \u015f\u0131rnaql\u0131 kir frezi \u0259n inadkar kirl\u0259ri bel\u0259 t\u0259mizl\u0259yir, nasos is\u0259 uzun \u00f6m\u00fcrl\u00fc olmas\u0131 \u00fc\u00e7\u00fcn su filtri il\u0259 qorunur. S\u0259lis h\u0259r\u0259k\u0259t ed\u0259n t\u0259k\u0259rl\u0259ri K 3-\u00fc ehtiyac duyulan h\u0259r yer\u0259 da\u015f\u0131ma\u011f\u0131 asanla\u015fd\u0131r\u0131r.<\/p>","protected":false},"excerpt":{"rendered":"<p>K 3 y\u00fcks\u0259k t\u0259zyiqli yuma cihaz\u0131na h\u0259r zaman g\u00fcv\u0259n\u0259 bil\u0259rsiniz: bu etibarl\u0131 k\u00f6m\u0259k\u00e7i ki\u00e7ik ba\u011f sah\u0259l\u0259rind\u0259n v\u0259 daxili h\u0259y\u0259tl\u0259rd\u0259n (patio), ba\u011f mebell\u0259rind\u0259n, avtomobill\u0259rd\u0259n v\u0259 s. y\u00fcng\u00fcl \u00e7irkl\u0259rin t\u0259mizl\u0259nm\u0259si \u00fc\u00e7\u00fcn m\u00fck\u0259mm\u0259l se\u00e7imdir.<\/p>","protected":false},"featured_media":16103,"comment_status":"open","ping_status":"closed","template":"","meta":[],"product_cat":[15,20],"product_tag":[],"class_list":{"0":"post-16102","1":"product","2":"type-product","3":"status-publish","4":"has-post-thumbnail","6":"product_cat-home-garden","7":"product_cat-mojki-vysokogo-davleniya","9":"first","10":"instock","11":"shipping-taxable","12":"purchasable","13":"product-type-simple"},"_links":{"self":[{"href":"https:\/\/karchershop.az\/az\/wp-json\/wp\/v2\/product\/16102","targetHints":{"allow":["GET"]}}],"collection":[{"href":"https:\/\/karchershop.az\/az\/wp-json\/wp\/v2\/product"}],"about":[{"href":"https:\/\/karchershop.az\/az\/wp-json\/wp\/v2\/types\/product"}],"replies":[{"embeddable":true,"href":"https:\/\/karchershop.az\/az\/wp-json\/wp\/v2\/comments?post=16102"}],"wp:featuredmedia":[{"embeddable":true,"href":"https:\/\/karchershop.az\/az\/wp-json\/wp\/v2\/media\/16103"}],"wp:attachment":[{"href":"https:\/\/karchershop.az\/az\/wp-json\/wp\/v2\/media?parent=16102"}],"wp:term":[{"taxonomy":"product_cat","embeddable":true,"href":"https:\/\/karchershop.az\/az\/wp-json\/wp\/v2\/product_cat?post=16102"},{"taxonomy":"product_tag","embeddable":true,"href":"https:\/\/karchershop.az\/az\/wp-json\/wp\/v2\/product_tag?post=16102"}],"curies":[{"name":"wp","href":"https:\/\/api.w.org\/{rel}","templated":true}]}}