{"id":16180,"date":"2026-04-02T12:05:07","date_gmt":"2026-04-02T08:05:07","guid":{"rendered":"https:\/\/karchershop.az\/?post_type=product&#038;p=16180"},"modified":"2026-05-01T21:36:32","modified_gmt":"2026-05-01T17:36:32","slug":"window-vac-wv-2-universal-precision","status":"publish","type":"product","link":"https:\/\/karchershop.az\/az\/home-garden\/okonnye-pylesosy\/window-vac-wv-2-universal-precision","title":{"rendered":"WV 2 Universal Precision"},"content":{"rendered":"<div class=\"hUSyCf PhAaxc QkFwMe\" data-msl-viewport=\"true\" data-tooltip-viewport=\"true\" data-link-preview-viewport=\"true\">\n<div class=\"BEUMQ\">\n<div class=\"k3ABge\" role=\"list\">\n<div class=\"NA2Vme\" role=\"listitem\" data-generation-index=\"5\" data-session-id=\"goog_-474978371\">\n<div class=\"pA4Vnf\" dir=\"auto\">\n<div>\n<div>\n<p><span class=\"rnc2Gd\" data-ast-node-id=\"0\">P\u0259nc\u0259r\u0259 T\u0259mizl\u0259y\u0259n WV 2 Universal Precision K\u00e4rcher \u015firk\u0259tinin b\u00fct\u00fcn evd\u0259 p\u0259nc\u0259r\u0259l\u0259rin, g\u00fczg\u00fcl\u0259rin, plit\u0259l\u0259rin v\u0259 dig\u0259r hamar s\u0259thl\u0259rin l\u0259k\u0259siz t\u0259mizl\u0259nm\u0259si \u00fc\u00e7\u00fcn n\u0259z\u0259rd\u0259 tutulmu\u015f universal \u015f\u00fc\u015f\u0259 t\u0259mizl\u0259yicisidir.<\/span><\/p>\n<div class=\"gWqWw rnc2Gd\"><\/div>\n<p><strong><span class=\"rnc2Gd\" data-ast-node-id=\"1\">\u018fsas x\u00fcsusiyy\u0259tl\u0259r v\u0259 \u00fcst\u00fcnl\u00fckl\u0259r:<\/span><\/strong><\/p>\n<ul class=\"gdAMzb\">\n<li class=\"rnc2Gd\"><strong><span class=\"rnc2Gd\" data-ast-node-id=\"2\">S\u00fcr\u0259tli v\u0259 effektiv t\u0259mizl\u0259m\u0259:<\/span><\/strong><span class=\"rnc2Gd\" data-ast-node-id=\"3\">\u00a0B\u00fct\u00fcn hamar s\u0259thl\u0259rd\u0259 l\u0259k\u0259siz, q\u00fcsursuz t\u0259mizlik! 360\u00b0 Comfort texnologiyas\u0131 say\u0259sind\u0259 \u00fc\u00e7 d\u0259f\u0259 daha s\u00fcr\u0259tli t\u0259mizl\u0259yin! Parlaq eviniz \u00fc\u00e7\u00fcn universal v\u0259 d\u0259qiq WV 2 p\u0259nc\u0259r\u0259 t\u0259mizl\u0259yicisi.<\/span><\/li>\n<li class=\"rnc2Gd\"><strong><span class=\"rnc2Gd\" data-ast-node-id=\"4\">Universal dizayn:<\/span><\/strong><span class=\"rnc2Gd\" data-ast-node-id=\"5\">\u00a0Rahat, erqonomik dizayn\u0131 v\u0259 funksiyas\u0131 il\u0259 f\u0259rql\u0259nir.\u00a0<\/span><strong><span class=\"rnc2Gd\" data-ast-node-id=\"6\">360\u00b0 Comfort!Clean<\/span><\/strong><span class=\"rnc2Gd\" data-ast-node-id=\"7\"> m\u00fcxt\u0259lif bucaqlar alt\u0131nda istifad\u0259 \u00fc\u00e7\u00fcn, o c\u00fcml\u0259d\u0259n \u015faquli v\u0259 ya \u00fcf\u00fcqi v\u0259ziyy\u0259td\u0259, h\u0259m\u00e7inin ba\u015f \u00fcst\u00fcnd\u0259 i\u015fl\u0259y\u0259rk\u0259n. D\u0259st\u0259 p\u0259nc\u0259r\u0259 \u015f\u0259b\u0259k\u0259l\u0259ri kimi dar v\u0259 ya \u00e7\u0259tin \u00e7atan yerl\u0259ri t\u0259mizl\u0259m\u0259k \u00fc\u00e7\u00fcn dar sorma ba\u015fl\u0131\u011f\u0131 daxildir.<\/span><span class=\"rnc2Gd\" data-ast-node-id=\"9\">Cihaz akkumulyatorla i\u015fl\u0259yir.\u00a0<\/span><strong><span class=\"rnc2Gd\" data-ast-node-id=\"10\">Cihaz akkumulyatorla 35 d\u0259qiq\u0259 i\u015fl\u0259yir<\/span><\/strong><span class=\"rnc2Gd\" data-ast-node-id=\"11\">bu is\u0259 ... q\u0259d\u0259r sah\u0259li s\u0259thl\u0259rin t\u0259mizl\u0259nm\u0259si \u00fc\u00e7\u00fcn ideal uy\u011fundur.\u00a0<\/span><strong><span class=\"rnc2Gd\" data-ast-node-id=\"12\">105 kvadrat metr.<\/span><\/strong><span class=\"rnc2Gd\" data-ast-node-id=\"13\">.<\/span><\/li>\n<li class=\"rnc2Gd\"><strong><span class=\"rnc2Gd\" data-ast-node-id=\"14\">**Rahat doldurma v\u0259 bax\u0131m:<\/span><\/strong><span class=\"rnc2Gd\" data-ast-node-id=\"15\">\u00a0Cihaz USB-C vasit\u0259sil\u0259 asanl\u0131qla doldurulur.\u00a0<\/span><strong><span class=\"rnc2Gd\" data-ast-node-id=\"16\">USB-C<\/span><\/strong><span class=\"rnc2Gd\" data-ast-node-id=\"17\">bu is\u0259 ... q\u0259d\u0259r sah\u0259li s\u0259thl\u0259rin t\u0259mizl\u0259nm\u0259si \u00fc\u00e7\u00fcn ideal uy\u011fundur.<\/span><\/li>\n<\/ul>\n<\/div>\n<\/div>\n<\/div>\n<\/div>\n<\/div>\n<\/div>\n<\/div>","protected":false},"excerpt":{"rendered":"<p><strong class=\"text-static-background-inverse-base leading-relaxed font-semibold break-words\">B\u00fct\u00fcn hamar s\u0259thl\u0259rd\u0259 l\u0259k\u0259siz, q\u00fcsursuz t\u0259mizlik! 360\u00b0 Comfort texnologiyas\u0131 say\u0259sind\u0259 \u00fc\u00e7 d\u0259f\u0259 daha s\u00fcr\u0259tli t\u0259mizl\u0259yin! Parlaq eviniz \u00fc\u00e7\u00fcn universal v\u0259 d\u0259qiq WV 2 p\u0259nc\u0259r\u0259 t\u0259mizl\u0259yicisi.<\/strong><\/p>","protected":false},"featured_media":16181,"comment_status":"open","ping_status":"closed","template":"","meta":[],"product_cat":[15,183],"product_tag":[],"class_list":{"0":"post-16180","1":"product","2":"type-product","3":"status-publish","4":"has-post-thumbnail","6":"product_cat-home-garden","7":"product_cat-okonnye-pylesosy","9":"first","10":"instock","11":"shipping-taxable","12":"purchasable","13":"product-type-simple"},"_links":{"self":[{"href":"https:\/\/karchershop.az\/az\/wp-json\/wp\/v2\/product\/16180","targetHints":{"allow":["GET"]}}],"collection":[{"href":"https:\/\/karchershop.az\/az\/wp-json\/wp\/v2\/product"}],"about":[{"href":"https:\/\/karchershop.az\/az\/wp-json\/wp\/v2\/types\/product"}],"replies":[{"embeddable":true,"href":"https:\/\/karchershop.az\/az\/wp-json\/wp\/v2\/comments?post=16180"}],"wp:featuredmedia":[{"embeddable":true,"href":"https:\/\/karchershop.az\/az\/wp-json\/wp\/v2\/media\/16181"}],"wp:attachment":[{"href":"https:\/\/karchershop.az\/az\/wp-json\/wp\/v2\/media?parent=16180"}],"wp:term":[{"taxonomy":"product_cat","embeddable":true,"href":"https:\/\/karchershop.az\/az\/wp-json\/wp\/v2\/product_cat?post=16180"},{"taxonomy":"product_tag","embeddable":true,"href":"https:\/\/karchershop.az\/az\/wp-json\/wp\/v2\/product_tag?post=16180"}],"curies":[{"name":"wp","href":"https:\/\/api.w.org\/{rel}","templated":true}]}}