{"id":16201,"date":"2026-04-03T13:38:14","date_gmt":"2026-04-03T09:38:14","guid":{"rendered":"https:\/\/karchershop.az\/?post_type=product&#038;p=16201"},"modified":"2026-05-01T21:36:32","modified_gmt":"2026-05-01T17:36:32","slug":"karcher-wd-5-p-v-25-8-35-car","status":"publish","type":"product","link":"https:\/\/karchershop.az\/az\/home-garden\/hozyajstvennye-pylesosy\/hozyajstvenny-pylesos\/karcher-wd-5-p-v-25-8-35-car","title":{"rendered":"Karcher WD 5 P V-25\/8\/35 Car"},"content":{"rendered":"<p>WD 5 P V-25\/8\/35 Car n\u0259m v\u0259 quru tozsoran\u0131, c\u0259mi 1100 Vt nominal enerji istehlak\u0131 il\u0259 g\u00fccl\u00fc v\u0259 s\u0259m\u0259r\u0259li sovurma t\u0259min edir. Cihaz 3,5 metr uzunlu\u011funda davaml\u0131 sovurma \u015flanq\u0131, iki plastik boru, ke\u00e7idli d\u00f6\u015f\u0259m\u0259 ba\u015fl\u0131\u011f\u0131, 25 litrlik m\u00f6hk\u0259m plastik konteyner, 8 metrlik kabel v\u0259 flis filtr-torba il\u0259 t\u0259chiz olunub.\n\nBu cihaz\u0131 f\u0259rql\u0259ndir\u0259n \u0259sas c\u0259h\u0259t, avtomobil salonunun t\u0259mizl\u0259nm\u0259si \u00fc\u00e7\u00fcn n\u0259z\u0259rd\u0259 tutulmu\u015f geni\u015f aksesuarlar d\u0259stidir: avtomobil ba\u015fl\u0131\u011f\u0131, \u00e7ox uzun darald\u0131lm\u0131\u015f ba\u015fl\u0131q, h\u0259m\u00e7inin s\u0259rt v\u0259 yum\u015faq t\u00fckl\u00fc sovurma f\u0131r\u00e7as\u0131 h\u0259ssas s\u0259thl\u0259rin, \u00e7ox \u00e7irkl\u0259nmi\u015f zonalar\u0131n, geni\u015f sah\u0259l\u0259rin v\u0259 \u00e7\u0259tin \u0259l\u00e7atan yerl\u0259rin q\u0131sa m\u00fcdd\u0259td\u0259 m\u00fck\u0259mm\u0259l t\u0259mizl\u0259nm\u0259sini t\u0259min edir.\n\nDig\u0259r x\u00fcsusiyy\u0259tl\u0259r: ke\u00e7idli d\u00f6\u015f\u0259m\u0259 ba\u015fl\u0131\u011f\u0131, elektrikli al\u0259tl\u0259r \u00fc\u00e7\u00fcn qura\u015fd\u0131r\u0131lm\u0131\u015f rozetka, g\u00fcc t\u0259nziml\u0259yicisi olan f\u0131rlanma a\u00e7ar\u0131, yast\u0131 b\u00fczm\u0259li filtr v\u0259 saniy\u0259l\u0259r \u0259rzind\u0259 i\u015fl\u0259y\u0259n patentl\u0259\u015fdirilmi\u015f filtr \u00e7\u0131xarma sistemi. Tozsoranla t\u0259mizl\u0259m\u0259yin m\u00fcmk\u00fcn olmad\u0131\u011f\u0131 yerl\u0259rd\u0259 praktiki \u00fcf\u00fcrm\u0259 funksiyas\u0131ndan istifad\u0259 etm\u0259k olar. \u00c7\u0131xar\u0131lan tutacaq aksesuarlar\u0131 birba\u015fa sovurma \u015flanq\u0131na qo\u015fma\u011fa imkan verir. H\u0259m\u00e7inin, \u015flanq cihaz\u0131n yuxar\u0131 hiss\u0259sin\u0259 as\u0131laraq h\u0259r iki t\u0259r\u0259fd\u0259n etibarl\u0131 \u015f\u0259kild\u0259 b\u0259rkidil\u0259 bil\u0259r. Cihaz\u0131n \u00fcst hiss\u0259sind\u0259ki saxlama sah\u0259si al\u0259tl\u0259r v\u0259 ki\u00e7ik hiss\u0259l\u0259r \u00fc\u00e7\u00fcn ideald\u0131r. \"3-\u00fc 1-d\u0259\" da\u015f\u0131ma tutaca\u011f\u0131 is\u0259 konteynerin a\u00e7\u0131lmas\u0131n\u0131, ba\u011flanmas\u0131n\u0131 v\u0259 bo\u015fald\u0131lmas\u0131n\u0131 asanla\u015fd\u0131r\u0131r.<\/p>","protected":false},"excerpt":{"rendered":"<p>Avtomobil salonunun d\u0259rind\u0259n t\u0259mizl\u0259nm\u0259si \u00fc\u00e7\u00fcn: 25 litrlik plastik konteyner v\u0259 x\u00fcsusi ba\u015fl\u0131qlar say\u0259sind\u0259, bu n\u0259m v\u0259 quru tozsoran enerji s\u0259m\u0259r\u0259liliyini qoruyaraq m\u00fck\u0259mm\u0259l sovurma g\u00fcc\u00fc t\u0259min edir.<\/p>","protected":false},"featured_media":16202,"comment_status":"open","ping_status":"closed","template":"","meta":[],"product_cat":[15,553,90],"product_tag":[],"class_list":{"0":"post-16201","1":"product","2":"type-product","3":"status-publish","4":"has-post-thumbnail","6":"product_cat-home-garden","7":"product_cat-hozyajstvennye-pylesosy","8":"product_cat-hozyajstvenny-pylesos","10":"first","11":"instock","12":"shipping-taxable","13":"purchasable","14":"product-type-simple"},"_links":{"self":[{"href":"https:\/\/karchershop.az\/az\/wp-json\/wp\/v2\/product\/16201","targetHints":{"allow":["GET"]}}],"collection":[{"href":"https:\/\/karchershop.az\/az\/wp-json\/wp\/v2\/product"}],"about":[{"href":"https:\/\/karchershop.az\/az\/wp-json\/wp\/v2\/types\/product"}],"replies":[{"embeddable":true,"href":"https:\/\/karchershop.az\/az\/wp-json\/wp\/v2\/comments?post=16201"}],"wp:featuredmedia":[{"embeddable":true,"href":"https:\/\/karchershop.az\/az\/wp-json\/wp\/v2\/media\/16202"}],"wp:attachment":[{"href":"https:\/\/karchershop.az\/az\/wp-json\/wp\/v2\/media?parent=16201"}],"wp:term":[{"taxonomy":"product_cat","embeddable":true,"href":"https:\/\/karchershop.az\/az\/wp-json\/wp\/v2\/product_cat?post=16201"},{"taxonomy":"product_tag","embeddable":true,"href":"https:\/\/karchershop.az\/az\/wp-json\/wp\/v2\/product_tag?post=16201"}],"curies":[{"name":"wp","href":"https:\/\/api.w.org\/{rel}","templated":true}]}}