{"id":16228,"date":"2026-04-03T15:48:06","date_gmt":"2026-04-03T11:48:06","guid":{"rendered":"https:\/\/karchershop.az\/?post_type=product&#038;p=16228"},"modified":"2026-05-10T22:56:10","modified_gmt":"2026-05-10T18:56:10","slug":"ruchnaya-podmetalnaya-mashina-s-4-twin","status":"publish","type":"product","link":"https:\/\/karchershop.az\/az\/home-garden\/ruchnye-podmetalnye-mashiny\/ruchnaya-podmetalnaya-mashina-s-4-twin","title":{"rendered":"S 4 Twin"},"content":{"rendered":"<p>Yazda g\u00fcl l\u0259\u00e7\u0259kl\u0259rini, yayda qumu, pay\u0131zda yarpaqlar\u0131 v\u0259 ya q\u0131\u015fda \u00e7irki s\u00fcp\u00fcrm\u0259yiniz laz\u0131md\u0131r? K\u00e4rcher-in effektiv v\u0259 erqonomik S 4 Twin s\u00fcp\u00fcrg\u0259 ma\u015f\u0131n\u0131 evinizin v\u0259 ba\u011f\u0131n\u0131z\u0131n t\u0259mizliyini t\u0259min ed\u0259c\u0259k. \u018fsas f\u0131r\u00e7as\u0131, yan f\u0131r\u00e7alar\u0131 v\u0259 680 mm \u00fcmumi eni say\u0259sind\u0259 o, saatda 1800 m\u00b2-\u0259 q\u0259d\u0259r sah\u0259ni z\u0259hm\u0259t \u00e7\u0259km\u0259d\u0259n t\u0259mizl\u0259yir. Cihaz \u00e7irki birba\u015fa 20 litrlik zibil qab\u0131na \u00f6t\u00fcr\u00fcr.\n\nYan f\u0131r\u00e7alar\u0131n uzun t\u00fckl\u0259ri k\u0259narlar\u0131n m\u00fck\u0259mm\u0259l t\u0259mizl\u0259nm\u0259sini t\u0259min edir. H\u00fcnd\u00fcrl\u00fcy\u00fc t\u0259nziml\u0259n\u0259n it\u0259l\u0259m\u0259 qolu h\u0259r bir istifad\u0259\u00e7inin boyuna uy\u011fun optimal \u015f\u0259kild\u0259 uy\u011funla\u015fd\u0131r\u0131la bil\u0259r. Laz\u0131m g\u0259ldikd\u0259, yer\u0259 q\u0259na\u0259t etm\u0259k \u00fc\u00e7\u00fcn ma\u015f\u0131n tamamil\u0259 qatlana bil\u0259r. Yan f\u0131r\u00e7an\u0131n al\u0259tsiz qura\u015fd\u0131r\u0131lmas\u0131 unikal x\u00fcsusiyy\u0259tdir, buna g\u00f6r\u0259 d\u0259 ma\u015f\u0131n ist\u0259nil\u0259n vaxt istifad\u0259y\u0259 haz\u0131rd\u0131r. Zibil konteyneri asanl\u0131qla \u00e7\u0131xar\u0131la bil\u0259r v\u0259 \u00e7irkl\u0259 t\u0259mas etm\u0259d\u0259n t\u0259hl\u00fck\u0259siz \u015f\u0259kild\u0259 bo\u015fald\u0131la bil\u0259r.<\/p>","protected":false},"excerpt":{"rendered":"<p>20 litrlik zibil \u00e7\u0259ni, yan f\u0131r\u00e7as\u0131 v\u0259 680 mm eni il\u0259: S 4 Twin s\u00fcp\u00fcrg\u0259 ma\u015f\u0131n\u0131 ki\u00e7ik v\u0259 daha dar sah\u0259l\u0259rd\u0259 istifad\u0259 olunur, k\u0259narlar\u0131n m\u00fck\u0259mm\u0259l t\u0259mizl\u0259nm\u0259sini t\u0259min edir.<\/p>","protected":false},"featured_media":16229,"comment_status":"open","ping_status":"closed","template":"","meta":[],"product_cat":[15,88,546],"product_tag":[],"class_list":{"0":"post-16228","1":"product","2":"type-product","3":"status-publish","4":"has-post-thumbnail","6":"product_cat-home-garden","7":"product_cat-ruchnye-podmetalnye-mashiny","8":"product_cat-sadovaya-tehnika-home-garden","10":"first","11":"instock","12":"shipping-taxable","13":"purchasable","14":"product-type-simple"},"_links":{"self":[{"href":"https:\/\/karchershop.az\/az\/wp-json\/wp\/v2\/product\/16228","targetHints":{"allow":["GET"]}}],"collection":[{"href":"https:\/\/karchershop.az\/az\/wp-json\/wp\/v2\/product"}],"about":[{"href":"https:\/\/karchershop.az\/az\/wp-json\/wp\/v2\/types\/product"}],"replies":[{"embeddable":true,"href":"https:\/\/karchershop.az\/az\/wp-json\/wp\/v2\/comments?post=16228"}],"wp:featuredmedia":[{"embeddable":true,"href":"https:\/\/karchershop.az\/az\/wp-json\/wp\/v2\/media\/16229"}],"wp:attachment":[{"href":"https:\/\/karchershop.az\/az\/wp-json\/wp\/v2\/media?parent=16228"}],"wp:term":[{"taxonomy":"product_cat","embeddable":true,"href":"https:\/\/karchershop.az\/az\/wp-json\/wp\/v2\/product_cat?post=16228"},{"taxonomy":"product_tag","embeddable":true,"href":"https:\/\/karchershop.az\/az\/wp-json\/wp\/v2\/product_tag?post=16228"}],"curies":[{"name":"wp","href":"https:\/\/api.w.org\/{rel}","templated":true}]}}