{"id":16244,"date":"2026-04-05T11:59:26","date_gmt":"2026-04-05T07:59:26","guid":{"rendered":"https:\/\/karchershop.az\/?post_type=product&#038;p=16244"},"modified":"2026-05-01T21:36:33","modified_gmt":"2026-05-01T17:36:33","slug":"wv-8-signature-line","status":"publish","type":"product","link":"https:\/\/karchershop.az\/az\/home-garden\/okonnye-pylesosy\/wv-8-signature-line","title":{"rendered":"WV 8 Signature Line"},"content":{"rendered":"<p>Yaln\u0131z \u0259n innovativ v\u0259 g\u00fccl\u00fc m\u0259hsullar\u0131m\u0131z texnoloji pioner v\u0259 \u015firk\u0259tin qurucusu Alfred K\u00e4rcherin izini da\u015f\u0131y\u0131r. WV 8 Signature Line p\u0259nc\u0259r\u0259 t\u0259mizl\u0259yicisi geni\u015f spektrli tap\u015f\u0131r\u0131qlar \u00fc\u00e7\u00fcn uy\u011fundur. \u0130st\u0259r p\u0259nc\u0259r\u0259l\u0259r, ist\u0259r g\u00fczg\u00fcl\u0259r, ist\u0259rs\u0259 d\u0259 kafel v\u0259 ya kondensat olsun, WV 8 Signature Line 360\u00b0 Comfort!Clean texnologiyas\u0131 say\u0259sind\u0259 h\u0259tta bucaq alt\u0131nda, \u00fcf\u00fcqi v\u0259 ya yuxar\u0131dan bel\u0259 q\u00fcsursuz n\u0259tic\u0259l\u0259r\u0259 z\u0259man\u0259t verir. Xtra!Flex\u00ae \u00e7evik silikon b\u0131\u00e7aq say\u0259sind\u0259 k\u0259narlara v\u0259 d\u00f6\u015f\u0259m\u0259y\u0259 q\u0259d\u0259r t\u0259mizl\u0259m\u0259 d\u0259 problem deyil, dar sorucu ba\u015fl\u0131q is\u0259 q\u0259f\u0259s p\u0259nc\u0259r\u0259l\u0259r kimi dar s\u0259thl\u0259r \u00fc\u00e7\u00fcn istifad\u0259 olunur. Sprey \u015f\u00fc\u015f\u0259si v\u0259 mikrofiber par\u00e7a il\u0259 birlikd\u0259 WV 8 Signature Line-\u0131n sorucu funksiyas\u0131 t\u0259mizl\u0259m\u0259ni \u00fc\u00e7 d\u0259f\u0259 daha s\u00fcr\u0259tli edir. N\u0259tic\u0259d\u0259 l\u0259k\u0259siz s\u0259thl\u0259r v\u0259 narahat edici damc\u0131lar yaranm\u0131r. \u00c7irkli su \u00e7\u0259ni asanl\u0131qla v\u0259 gigiyenik \u015f\u0259kild\u0259 bo\u015fald\u0131l\u0131r. Uzunm\u00fcdd\u0259tli batareya \u00f6mr\u00fc (55 d\u0259qiq\u0259y\u0259 q\u0259d\u0259r) say\u0259sind\u0259 Window Vac p\u0259nc\u0259r\u0259 t\u0259mizl\u0259yicisi 165 kvadrat metr\u0259 q\u0259d\u0259r \u0259razid\u0259 uzun m\u00fcdd\u0259t istifad\u0259 oluna bilir v\u0259 3 LED displey m\u00f6vcud doldurma v\u0259ziyy\u0259ti haqq\u0131nda m\u0259lumat\u0131 g\u00f6st\u0259rir. USB-C vasit\u0259sil\u0259 doldurma say\u0259sind\u0259 cihaz t\u0259krar istifad\u0259y\u0259 tez haz\u0131r olur.<\/p>","protected":false},"excerpt":{"rendered":"<p>P\u0259nc\u0259r\u0259 t\u0259mizl\u0259y\u0259n WV 8 Signature Line, Xtra!Flex\u00ae silikon b\u0131\u00e7a\u011f\u0131 v\u0259 c\u0259lbedici aksesuarlar\u0131 il\u0259 birlikd\u0259 - \u0259la n\u0259tic\u0259l\u0259r v\u0259 evd\u0259 maksimum \u00e7oxfunksiyal\u0131l\u0131q \u00fc\u00e7\u00fcn ideal se\u00e7imdir.<\/p>","protected":false},"featured_media":16245,"comment_status":"open","ping_status":"closed","template":"","meta":[],"product_cat":[15,183],"product_tag":[],"class_list":{"0":"post-16244","1":"product","2":"type-product","3":"status-publish","4":"has-post-thumbnail","6":"product_cat-home-garden","7":"product_cat-okonnye-pylesosy","9":"first","10":"instock","11":"shipping-taxable","12":"purchasable","13":"product-type-simple"},"_links":{"self":[{"href":"https:\/\/karchershop.az\/az\/wp-json\/wp\/v2\/product\/16244","targetHints":{"allow":["GET"]}}],"collection":[{"href":"https:\/\/karchershop.az\/az\/wp-json\/wp\/v2\/product"}],"about":[{"href":"https:\/\/karchershop.az\/az\/wp-json\/wp\/v2\/types\/product"}],"replies":[{"embeddable":true,"href":"https:\/\/karchershop.az\/az\/wp-json\/wp\/v2\/comments?post=16244"}],"wp:featuredmedia":[{"embeddable":true,"href":"https:\/\/karchershop.az\/az\/wp-json\/wp\/v2\/media\/16245"}],"wp:attachment":[{"href":"https:\/\/karchershop.az\/az\/wp-json\/wp\/v2\/media?parent=16244"}],"wp:term":[{"taxonomy":"product_cat","embeddable":true,"href":"https:\/\/karchershop.az\/az\/wp-json\/wp\/v2\/product_cat?post=16244"},{"taxonomy":"product_tag","embeddable":true,"href":"https:\/\/karchershop.az\/az\/wp-json\/wp\/v2\/product_tag?post=16244"}],"curies":[{"name":"wp","href":"https:\/\/api.w.org\/{rel}","templated":true}]}}