{"id":16263,"date":"2026-04-05T13:57:47","date_gmt":"2026-04-05T09:57:47","guid":{"rendered":"https:\/\/karchershop.az\/?post_type=product&#038;p=16263"},"modified":"2026-05-01T21:36:33","modified_gmt":"2026-05-01T17:36:33","slug":"k-5-power-control-flex","status":"publish","type":"product","link":"https:\/\/karchershop.az\/az\/home-garden\/mojki-vysokogo-davleniya\/k-5-power-control-flex","title":{"rendered":"K 5 Power Control Flex"},"content":{"rendered":"<p><span dir=\"auto\" style=\"vertical-align: inherit;\"><span dir=\"auto\" style=\"vertical-align: inherit;\">K 5 Power Control Flex y\u00fcks\u0259k t\u0259zyiqli yuma cihaz\u0131 ist\u0259nil\u0259n s\u0259thi m\u00fcvafiq t\u0259zyiqin k\u00f6m\u0259yi il\u0259 t\u0259mizl\u0259m\u0259y\u0259 imkan verir. \"Daxili t\u0259tbiqetm\u0259\" (Home &amp; Garden) say\u0259sind\u0259 optimal t\u0259zyiqi se\u00e7m\u0259k \u00e7ox asand\u0131r \u2014 t\u0259tbiq\u0259 inteqrasiya olunmu\u015f proqram-k\u00f6m\u0259k\u00e7i, m\u00fck\u0259mm\u0259l n\u0259tic\u0259l\u0259r \u0259ld\u0259 etm\u0259k \u00fc\u00e7\u00fcn istifad\u0259\u00e7iy\u0259 h\u0259r bir v\u0259ziyy\u0259t v\u0259 h\u0259r bir t\u0259mizlik obyekti \u00fc\u00e7\u00fcn praktiki m\u0259sl\u0259h\u0259tl\u0259r verir. Maksimum n\u0259zar\u0259t \u00fc\u00e7\u00fcn t\u0259zyiq s\u0259viyy\u0259si p\u00fcsk\u00fcrtm\u0259 borusunu (uclu\u011fu) \u00e7evirm\u0259kl\u0259 asanl\u0131qla t\u0259nziml\u0259nir v\u0259 n\u0259tic\u0259ni \"G 160 Q Power Control\" tapan\u00e7as\u0131nda yoxlamaq m\u00fcmk\u00fcnd\u00fcr. Bundan \u0259lav\u0259, y\u00fcks\u0259k t\u0259zyiqli aparat\u0131n f\u0259rql\u0259ndirici x\u00fcsusiyy\u0259tl\u0259ri \"K\u00e4rcher\" sistemidir.\u00a0 <\/span><\/span><span class=\"fix-spelling\"><span dir=\"auto\" style=\"vertical-align: inherit;\"><span dir=\"auto\" style=\"vertical-align: inherit;\">Plug \u2018n\u2019 Clean<\/span><\/span><\/span><span dir=\"auto\" style=\"vertical-align: inherit;\"><span dir=\"auto\" style=\"vertical-align: inherit;\"> \u00bb t\u0259mizl\u0259yici vasit\u0259 qab\u0131n\u0131n asanl\u0131qla d\u0259yi\u015fdirilm\u0259si \u00fc\u00e7\u00fcn, y\u00fcks\u0259k t\u0259zyiqli \u015flanq <\/span><\/span><span class=\"fix-spelling\"><span dir=\"auto\" style=\"vertical-align: inherit;\"><span dir=\"auto\" style=\"vertical-align: inherit;\">\u2026PremiumFlex<\/span><\/span><\/span><span dir=\"auto\" style=\"vertical-align: inherit;\"><span dir=\"auto\" style=\"vertical-align: inherit;\"> \u00a0rahat i\u015fl\u0259m\u0259k \u00fc\u00e7\u00fcn, rahat da\u015f\u0131nman\u0131 t\u0259min ed\u0259n y\u00fcks\u0259kkeyfiyy\u0259tli al\u00fcminium teleskopik tutacaq, sistem <\/span><\/span><span class=\"fix-spelling\"><span dir=\"auto\" style=\"vertical-align: inherit;\"><span dir=\"auto\" style=\"vertical-align: inherit;\">Quick Connect<\/span><\/span><\/span><span dir=\"auto\" style=\"vertical-align: inherit;\"><span dir=\"auto\" style=\"vertical-align: inherit;\"> \u00a0y\u00fcks\u0259k t\u0259zyiqli \u015flanq\u0131n aparata v\u0259 tapan\u00e7aya asan, s\u00fcr\u0259tli qo\u015fulmas\u0131 v\u0259 ayr\u0131lmas\u0131 \u00fc\u00e7\u00fcn, h\u0259m\u00e7inin aksesuarlar\u0131n h\u0259r zaman istifad\u0259y\u0259 haz\u0131r olmas\u0131 \u00fc\u00e7\u00fcn n\u0259z\u0259rd\u0259 tutulmu\u015f fiksator.<\/span><\/span><\/p>","protected":false},"excerpt":{"rendered":"<p><span dir=\"auto\" style=\"vertical-align: inherit;\"><span dir=\"auto\" style=\"vertical-align: inherit;\">Maksimum n\u0259zar\u0259t \u00fc\u00e7\u00fcn: \u015flanq il\u0259 t\u0259chiz olunmu\u015f \"K 5 Power Control Flex\" y\u00fcks\u0259k t\u0259zyiqli yuma cihaz\u0131. <\/span><\/span><span class=\"fix-spelling\"><span dir=\"auto\" style=\"vertical-align: inherit;\"><span dir=\"auto\" style=\"vertical-align: inherit;\">\u2026PremiumFlex<\/span><\/span><\/span><span dir=\"auto\" style=\"vertical-align: inherit;\"><span dir=\"auto\" style=\"vertical-align: inherit;\"> \u00a0v\u0259 G 160 Q Power Control tapan\u00e7as\u0131 terraslardan, ba\u011f mebell\u0259rind\u0259n v\u0259 avtomobill\u0259rd\u0259n inadkar \u00e7irkl\u0259ri t\u0259mizl\u0259m\u0259k \u00fc\u00e7\u00fcn uy\u011fundur.<\/span><\/span><\/p>","protected":false},"featured_media":16265,"comment_status":"open","ping_status":"closed","template":"","meta":[],"product_cat":[15,20],"product_tag":[],"class_list":{"0":"post-16263","1":"product","2":"type-product","3":"status-publish","4":"has-post-thumbnail","6":"product_cat-home-garden","7":"product_cat-mojki-vysokogo-davleniya","9":"first","10":"instock","11":"shipping-taxable","12":"purchasable","13":"product-type-simple"},"_links":{"self":[{"href":"https:\/\/karchershop.az\/az\/wp-json\/wp\/v2\/product\/16263","targetHints":{"allow":["GET"]}}],"collection":[{"href":"https:\/\/karchershop.az\/az\/wp-json\/wp\/v2\/product"}],"about":[{"href":"https:\/\/karchershop.az\/az\/wp-json\/wp\/v2\/types\/product"}],"replies":[{"embeddable":true,"href":"https:\/\/karchershop.az\/az\/wp-json\/wp\/v2\/comments?post=16263"}],"wp:featuredmedia":[{"embeddable":true,"href":"https:\/\/karchershop.az\/az\/wp-json\/wp\/v2\/media\/16265"}],"wp:attachment":[{"href":"https:\/\/karchershop.az\/az\/wp-json\/wp\/v2\/media?parent=16263"}],"wp:term":[{"taxonomy":"product_cat","embeddable":true,"href":"https:\/\/karchershop.az\/az\/wp-json\/wp\/v2\/product_cat?post=16263"},{"taxonomy":"product_tag","embeddable":true,"href":"https:\/\/karchershop.az\/az\/wp-json\/wp\/v2\/product_tag?post=16263"}],"curies":[{"name":"wp","href":"https:\/\/api.w.org\/{rel}","templated":true}]}}