{"id":16283,"date":"2026-04-05T15:19:15","date_gmt":"2026-04-05T11:19:15","guid":{"rendered":"https:\/\/karchershop.az\/?post_type=product&#038;p=16283"},"modified":"2026-05-01T21:36:35","modified_gmt":"2026-05-01T17:36:35","slug":"k-7-wcm-fj-home","status":"publish","type":"product","link":"https:\/\/karchershop.az\/az\/home-garden\/mojki-vysokogo-davleniya\/k-7-wcm-fj-home","title":{"rendered":"K 7 WCM FJ Home"},"content":{"rendered":"<p>T\u0259sirli performans g\u00f6st\u0259ricil\u0259ri say\u0259sind\u0259 K 7 WCM FJ Home cihaz\u0131 tez-tez t\u0259mizlik i\u015fl\u0259ri aparmaq v\u0259 a\u011f\u0131r \u00e7irkl\u0259ri aradan qald\u0131rmaq \u00fc\u00e7\u00fcn ideal se\u00e7imdir. Onun g\u00fccl\u00fc su soyutma sistemli m\u00fch\u0259rriki yollar\u0131n, terraslar\u0131n, ba\u011f avadanl\u0131qlar\u0131n\u0131n v\u0259 h\u0259tta b\u00f6y\u00fck \u00f6l\u00e7\u00fcl\u00fc avtomobill\u0259rin d\u0259rind\u0259n t\u0259mizl\u0259nm\u0259sin\u0259 z\u0259man\u0259t verir. Ev \u0259traf\u0131nda t\u0259mizlik \u00fc\u00e7\u00fcn n\u0259z\u0259rd\u0259 tutulmu\u015f d\u0259st\u0259 ucluq daxildir.\u00a0<span class=\"fix-spelling\">T-Racer<\/span>\u00a0T 7 s\u0259th t\u0259mizl\u0259yicisi b\u00f6y\u00fck sah\u0259l\u0259rin suyu \u0259trafa s\u0131\u00e7ratmadan t\u0259mizl\u0259nm\u0259sini t\u0259min edir, d\u0259st\u0259 h\u0259m\u00e7inin da\u015f v\u0259 fasad t\u0259mizl\u0259yicisi (1 l) daxildir. Cihaz, y\u00fcks\u0259k effektivlik v\u0259 m\u00fck\u0259mm\u0259l n\u0259tic\u0259 \u00fc\u00e7\u00fcn k\u00f6p\u00fck uclu\u011fu v\u0259 avtomobil \u015fampunu (1 l) il\u0259 t\u0259chiz olunub. M\u00fcxt\u0259lif s\u0259thl\u0259rin effektiv v\u0259 d\u0259rind\u0259n t\u0259mizl\u0259nm\u0259si \u00fc\u00e7\u00fcn komplekt\u0259 t\u0259zyiqi sad\u0259c\u0259 uclu\u011fu \u00e7evirm\u0259kl\u0259 t\u0259nziml\u0259n\u0259n Vario Power p\u00fcsk\u00fcrtm\u0259 borusu v\u0259 \u0259n inadkar kirl\u0259ri f\u0131rlanan n\u00f6qt\u0259vi \u015f\u0131rnaqla yox ed\u0259n kir frezi daxildir. Daxili su filtri nasosu \u00e7irk hiss\u0259cikl\u0259rind\u0259n etibarl\u0131 \u015f\u0259kild\u0259 qoruyur, b\u00fct\u00fcn aksesuarlar is\u0259 cihaz\u0131n g\u00f6vd\u0259sind\u0259 rahatl\u0131qla saxlan\u0131la bil\u0259r.<\/p>","protected":false},"excerpt":{"rendered":"<p>Su soyutma sistemli m\u00fch\u0259rrikl\u0259 t\u0259chiz olunmu\u015f K 7 WCM FJ Home  y\u00fcks\u0259k t\u0259zyiqli yuma cihaz\u0131 terraslardan tutmu\u015f avtomobill\u0259r\u0259 q\u0259d\u0259r h\u0259r bir obyekti d\u0259rind\u0259n t\u0259mizl\u0259yir. D\u0259st\u0259 k\u00f6p\u00fckl\u0259 t\u0259mizl\u0259m\u0259 \u00fc\u00e7\u00fcn ucluq v\u0259 ev \u0259traf\u0131nda t\u0259mizlik \u00fc\u00e7\u00fcn x\u00fcsusi d\u0259st daxildir.<\/p>","protected":false},"featured_media":16284,"comment_status":"open","ping_status":"closed","template":"","meta":[],"product_cat":[15,20],"product_tag":[],"class_list":{"0":"post-16283","1":"product","2":"type-product","3":"status-publish","4":"has-post-thumbnail","6":"product_cat-home-garden","7":"product_cat-mojki-vysokogo-davleniya","9":"first","10":"instock","11":"shipping-taxable","12":"purchasable","13":"product-type-simple"},"_links":{"self":[{"href":"https:\/\/karchershop.az\/az\/wp-json\/wp\/v2\/product\/16283","targetHints":{"allow":["GET"]}}],"collection":[{"href":"https:\/\/karchershop.az\/az\/wp-json\/wp\/v2\/product"}],"about":[{"href":"https:\/\/karchershop.az\/az\/wp-json\/wp\/v2\/types\/product"}],"replies":[{"embeddable":true,"href":"https:\/\/karchershop.az\/az\/wp-json\/wp\/v2\/comments?post=16283"}],"wp:featuredmedia":[{"embeddable":true,"href":"https:\/\/karchershop.az\/az\/wp-json\/wp\/v2\/media\/16284"}],"wp:attachment":[{"href":"https:\/\/karchershop.az\/az\/wp-json\/wp\/v2\/media?parent=16283"}],"wp:term":[{"taxonomy":"product_cat","embeddable":true,"href":"https:\/\/karchershop.az\/az\/wp-json\/wp\/v2\/product_cat?post=16283"},{"taxonomy":"product_tag","embeddable":true,"href":"https:\/\/karchershop.az\/az\/wp-json\/wp\/v2\/product_tag?post=16283"}],"curies":[{"name":"wp","href":"https:\/\/api.w.org\/{rel}","templated":true}]}}