{"id":16308,"date":"2026-04-06T12:09:18","date_gmt":"2026-04-06T08:09:18","guid":{"rendered":"https:\/\/karchershop.az\/?post_type=product&#038;p=16308"},"modified":"2026-05-01T21:36:35","modified_gmt":"2026-05-01T17:36:35","slug":"wd-3-p-v-17-4-20-workshop","status":"publish","type":"product","link":"https:\/\/karchershop.az\/az\/home-garden\/hozyajstvennye-pylesosy\/hozyajstvenny-pylesos\/wd-3-p-v-17-4-20-workshop","title":{"rendered":"WD 3 P V-17\/4\/20 Workshop"},"content":{"rendered":"<div id=\"description\" class=\"row\" data-anchor=\"\u041e\u043f\u0438\u0441\u0430\u043d\u0438\u0435\">\n<div class=\"col-sm-12\">\n<p>Kompakt v\u0259 enerjiy\u0259 q\u0259na\u0259t ed\u0259n WD 3 P V-17\/4\/20 Workshop t\u0259s\u0259rr\u00fcfat tozsoran\u0131 a\u015fa\u011f\u0131 enerji istehlak\u0131 (c\u0259mi 1000 Vt) il\u0259 \u00e7ox y\u00fcks\u0259k sorma g\u00fcc\u00fc n\u00fcmayi\u015f etdirir. Ev emalatxanalar\u0131nda t\u0259mizlik \u00fc\u00e7\u00fcn n\u0259z\u0259rd\u0259 tutulmu\u015f bu x\u00fcsusi cihaz 2 metrlik sorma \u015flanq\u0131 v\u0259 4 metrlik kabel il\u0259 t\u0259chiz olunub. \n\nKomplektasiyaya 2 \u0259d\u0259d plastik uzatma borusu, m\u00fcxt\u0259lif ba\u015fl\u0131ql\u0131 d\u00f6\u015f\u0259m\u0259 uclu\u011fu, dar yerl\u0259r \u00fc\u00e7\u00fcn ucluq, nazik \u015flanq, al\u0259tl\u0259ri qo\u015fmaq \u00fc\u00e7\u00fcn adapter v\u0259 yum\u015faq t\u00fckl\u00fc f\u0131r\u00e7a-ucluq daxildir. Dig\u0259r praktik h\u0259ll is\u0259 tozsorana elektrik al\u0259tl\u0259rini qo\u015fmaq \u00fc\u00e7\u00fcn daxili rozetkad\u0131r ki, bu da tozsoran\u0131n istifad\u0259 olunan al\u0259tl\u0259 eyni vaxtda (sinxron) a\u00e7\u0131l\u0131b-ba\u011flanmas\u0131n\u0131 t\u0259min edir. \n\nBundan \u0259lav\u0259, tozsoran 17 litrlik m\u00f6hk\u0259m plastik zibil \u00e7\u0259ni v\u0259 h\u0259m x\u0131rda, h\u0259m d\u0259 iri zibill\u0259ri s\u00fcr\u0259tl\u0259 v\u0259 h\u0259rt\u0259r\u0259fli t\u0259mizl\u0259m\u0259y\u0259 imkan ver\u0259n d\u00f6\u015f\u0259m\u0259 uclu\u011fu il\u0259 t\u0259chiz edilmi\u015fdir. Daha h\u0259ssas s\u0259thl\u0259rin t\u0259mizl\u0259nm\u0259si \u00fc\u00e7\u00fcn is\u0259 f\u0131r\u00e7a-ucluqdan istifad\u0259 oluna bil\u0259r. \u00c7\u0131xar\u0131la bil\u0259n tutacaq say\u0259sind\u0259 ucluqlar\u0131 birba\u015fa sorma \u015flanq\u0131na qo\u015faraq dar sah\u0259l\u0259rd\u0259 asanl\u0131qla t\u0259mizlik i\u015fl\u0259ri aparmaq m\u00fcmk\u00fcnd\u00fcr. \u00c7\u0259tin \u0259l\u00e7atmaz yerl\u0259rd\u0259n zibill\u0259rin k\u0259narla\u015fd\u0131r\u0131lmas\u0131 is\u0259 \u00fcf\u00fcrm\u0259 funksiyas\u0131 il\u0259 xeyli asanla\u015f\u0131r.<\/p>\n<\/div>\n<\/div>\n<div id=\"featurebenefits\" data-anchor=\"\u041e\u0441\u043e\u0431\u0435\u043d\u043d\u043e\u0441\u0442\u0438 \u0438 \u043f\u0440\u0435\u0438\u043c\u0443\u0449\u0435\u0441\u0442\u0432\u0430\">\n<h5 class=\"section-headline\">\u041e\u0441\u043e\u0431\u0435\u043d\u043d\u043e\u0441\u0442\u0438 \u0438 \u043f\u0440\u0435\u0438\u043c\u0443\u0449\u0435\u0441\u0442\u0432\u0430<\/h5>\n<\/div>","protected":false},"excerpt":{"rendered":"<p>17 litrlik plastik zibil \u00e7\u0259ni, 4 m elektrik kabeli, 2 m sorma \u015flanq\u0131 v\u0259 avtomatik yand\u0131rma\/s\u00f6nd\u00fcrm\u0259 funksiyal\u0131 elektrik rozetkas\u0131 il\u0259 t\u0259chiz olunmu\u015f WD 3 P V-17\/4\/20 Workshop t\u0259s\u0259rr\u00fcfat tozsoran\u0131, x\u00fcsusi aksesuarlar\u0131 say\u0259sind\u0259 ev emalatxanalar\u0131nda t\u0259mizlik \u00fc\u00e7\u00fcn m\u00fck\u0259mm\u0259l se\u00e7imdir.<\/p>","protected":false},"featured_media":16309,"comment_status":"open","ping_status":"closed","template":"","meta":[],"product_cat":[15,553,90],"product_tag":[],"class_list":{"0":"post-16308","1":"product","2":"type-product","3":"status-publish","4":"has-post-thumbnail","6":"product_cat-home-garden","7":"product_cat-hozyajstvennye-pylesosy","8":"product_cat-hozyajstvenny-pylesos","10":"first","11":"instock","12":"sale","13":"shipping-taxable","14":"purchasable","15":"product-type-simple"},"_links":{"self":[{"href":"https:\/\/karchershop.az\/az\/wp-json\/wp\/v2\/product\/16308","targetHints":{"allow":["GET"]}}],"collection":[{"href":"https:\/\/karchershop.az\/az\/wp-json\/wp\/v2\/product"}],"about":[{"href":"https:\/\/karchershop.az\/az\/wp-json\/wp\/v2\/types\/product"}],"replies":[{"embeddable":true,"href":"https:\/\/karchershop.az\/az\/wp-json\/wp\/v2\/comments?post=16308"}],"wp:featuredmedia":[{"embeddable":true,"href":"https:\/\/karchershop.az\/az\/wp-json\/wp\/v2\/media\/16309"}],"wp:attachment":[{"href":"https:\/\/karchershop.az\/az\/wp-json\/wp\/v2\/media?parent=16308"}],"wp:term":[{"taxonomy":"product_cat","embeddable":true,"href":"https:\/\/karchershop.az\/az\/wp-json\/wp\/v2\/product_cat?post=16308"},{"taxonomy":"product_tag","embeddable":true,"href":"https:\/\/karchershop.az\/az\/wp-json\/wp\/v2\/product_tag?post=16308"}],"curies":[{"name":"wp","href":"https:\/\/api.w.org\/{rel}","templated":true}]}}