{"id":16322,"date":"2026-04-07T14:39:59","date_gmt":"2026-04-07T10:39:59","guid":{"rendered":"https:\/\/karchershop.az\/?post_type=product&#038;p=16322"},"modified":"2026-05-01T21:36:35","modified_gmt":"2026-05-01T17:36:35","slug":"wd-3-s-v-17-4-20-4-fb","status":"publish","type":"product","link":"https:\/\/karchershop.az\/az\/home-garden\/hozyajstvennye-pylesosy\/hozyajstvenny-pylesos\/wd-3-s-v-17-4-20-4-fb","title":{"rendered":"WD 3 S V-17\/4\/20 + 4 FB"},"content":{"rendered":"<div class=\"NA2Vme\" role=\"listitem\" data-generation-index=\"5\" data-session-id=\"goog_-1018784474\">\n<div class=\"pA4Vnf\" dir=\"auto\">\n<div>\n<div><span class=\"rnc2Gd\" data-ast-node-id=\"0\">C\u0259mi 1000 Vt nominal enerji istehlak\u0131na malik WD 3 S V-17\/4\/20 + 4 FB n\u0259m v\u0259 quru t\u0259mizl\u0259m\u0259 tozsoran\u0131, standart komplektasiyaya daxil olan bir \u0259d\u0259d flis filtr-torbas\u0131na \u0259lav\u0259 olaraq d\u00f6rd \u0259lav\u0259 flis filtr-torbas\u0131 il\u0259 birlikd\u0259 t\u0259qdim olunur. Cihaz h\u0259m\u00e7inin \"Clips\" d\u00f6\u015f\u0259m\u0259 uclu\u011fu, 17 litrlik m\u00f6hk\u0259m paslanmaz polad konteyner, 4 metrlik kabel, 2 metrlik sorma \u015flanq\u0131, \u00e7\u0131xar\u0131la bil\u0259n tutacaq, patron filtri v\u0259 flis filtr-torbas\u0131 il\u0259 t\u0259chiz edilmi\u015fdir ki, bu da quru, n\u0259m, x\u0131rda v\u0259 ya iri \u00e7irkl\u0259rin t\u0259mizl\u0259nm\u0259sind\u0259 optimal n\u0259tic\u0259l\u0259r \u0259ld\u0259 etm\u0259y\u0259 imkan verir.\n\nB\u00fct\u00f6v patron filtri say\u0259sind\u0259 filtri d\u0259yi\u015fm\u0259d\u0259n h\u0259m quru, h\u0259m d\u0259 n\u0259m zibill\u0259ri rahatl\u0131qla toplamaq m\u00fcmk\u00fcnd\u00fcr. Dig\u0259r x\u00fcsusiyy\u0259tl\u0259r: m\u0259hdud sah\u0259l\u0259rd\u0259 t\u0259mizlik \u00fc\u00e7\u00fcn \u0259lav\u0259 rahatl\u0131q yaradan \u00e7\u0131xar\u0131la bil\u0259n tutacaq, sorma \u015flanq\u0131n\u0131n kompakt v\u0259 etibarl\u0131 saxlanmas\u0131, praktik \u00fcf\u00fcrm\u0259 funksiyas\u0131, cihaz\u0131n yuxar\u0131 hiss\u0259sind\u0259 al\u0259tl\u0259r v\u0259 x\u0131rda detallar \u00fc\u00e7\u00fcn saxlama yeri, kabel \u00fc\u00e7\u00fcn qarmaq, erqonomik da\u015f\u0131ma tutaca\u011f\u0131, cihaz\u0131 asanl\u0131qla yand\u0131r\u0131b-s\u00f6nd\u00fcrm\u0259k \u00fc\u00e7\u00fcn f\u0131rlanan a\u00e7ar, el\u0259c\u0259 d\u0259 konteynerin a\u00e7\u0131l\u0131b-ba\u011flanmas\u0131n\u0131 sad\u0259l\u0259\u015fdir\u0259n \"Pull &amp; Push\" kilidl\u0259m\u0259 sistemidir. Tozsoran\u0131n tutaca\u011f\u0131n\u0131 \u00e7\u0131xarmaq, aksesuarlar\u0131 is\u0259 birba\u015fa sorma \u015flanq\u0131na b\u0259rkitm\u0259k olar. Daha bir d\u00fc\u015f\u00fcn\u00fclm\u00fc\u015f x\u00fcsusiyy\u0259t is\u0259 cihaz\u0131n \u00fcst hiss\u0259sind\u0259 x\u0131rda \u0259\u015fyalar\u0131n qoyulmas\u0131 \u00fc\u00e7\u00fcn n\u0259z\u0259rd\u0259 tutulmu\u015f s\u0259thdir.<\/span><\/div>\n<\/div>\n<\/div>\n<\/div>","protected":false},"excerpt":{"rendered":"<p><span class=\"rnc2Gd\" data-ast-node-id=\"0\">WD 3 S V-17\/4\/20 + 4 FB n\u0259m v\u0259 quru t\u0259mizl\u0259m\u0259 tozsoran\u0131 \u00fcst\u00fcn sorma g\u00fcc\u00fc t\u0259min edir v\u0259 17 litrlik paslanmaz polad konteyneri, 4 metrlik kabeli, 2 metrlik sorma \u015flanq\u0131, patron filtri v\u0259 \u00fcmumilikd\u0259 5 \u0259d\u0259d flis filtr-torbas\u0131 il\u0259 f\u0259rql\u0259nir.<\/span><span class=\"rnc2Gd\" data-ast-node-id=\"1\">.<\/span><\/p>","protected":false},"featured_media":16323,"comment_status":"open","ping_status":"closed","template":"","meta":[],"product_cat":[15,553,90],"product_tag":[],"class_list":{"0":"post-16322","1":"product","2":"type-product","3":"status-publish","4":"has-post-thumbnail","6":"product_cat-home-garden","7":"product_cat-hozyajstvennye-pylesosy","8":"product_cat-hozyajstvenny-pylesos","10":"first","11":"instock","12":"shipping-taxable","13":"purchasable","14":"product-type-simple"},"_links":{"self":[{"href":"https:\/\/karchershop.az\/az\/wp-json\/wp\/v2\/product\/16322","targetHints":{"allow":["GET"]}}],"collection":[{"href":"https:\/\/karchershop.az\/az\/wp-json\/wp\/v2\/product"}],"about":[{"href":"https:\/\/karchershop.az\/az\/wp-json\/wp\/v2\/types\/product"}],"replies":[{"embeddable":true,"href":"https:\/\/karchershop.az\/az\/wp-json\/wp\/v2\/comments?post=16322"}],"wp:featuredmedia":[{"embeddable":true,"href":"https:\/\/karchershop.az\/az\/wp-json\/wp\/v2\/media\/16323"}],"wp:attachment":[{"href":"https:\/\/karchershop.az\/az\/wp-json\/wp\/v2\/media?parent=16322"}],"wp:term":[{"taxonomy":"product_cat","embeddable":true,"href":"https:\/\/karchershop.az\/az\/wp-json\/wp\/v2\/product_cat?post=16322"},{"taxonomy":"product_tag","embeddable":true,"href":"https:\/\/karchershop.az\/az\/wp-json\/wp\/v2\/product_tag?post=16322"}],"curies":[{"name":"wp","href":"https:\/\/api.w.org\/{rel}","templated":true}]}}