{"id":16339,"date":"2026-04-07T16:41:43","date_gmt":"2026-04-07T12:41:43","guid":{"rendered":"https:\/\/karchershop.az\/?post_type=product&#038;p=16339"},"modified":"2026-05-04T08:30:43","modified_gmt":"2026-05-04T04:30:43","slug":"wd-4-s-go-further","status":"publish","type":"product","link":"https:\/\/karchershop.az\/az\/home-garden\/hozyajstvennye-pylesosy\/hozyajstvenny-pylesos\/wd-4-s-go-further","title":{"rendered":"WD 4 S Go!Further"},"content":{"rendered":"<p>Avtomobil ba\u015fl\u0131\u011f\u0131 v\u0259 f\u0131r\u00e7a d\u0259sti il\u0259 t\u0259chiz olunmu\u015f **WD 4 S Go!Further**, y\u00fcks\u0259k sorma g\u00fcc\u00fc v\u0259 enerji s\u0259m\u0259r\u0259liliyi (enerji istehlak\u0131 c\u0259mi 1100 Vt) il\u0259 se\u00e7ilir: sorma \u015flanq\u0131 v\u0259 d\u00f6\u015f\u0259m\u0259 ba\u015fl\u0131\u011f\u0131 il\u0259 optimal \u015f\u0259kild\u0259 uy\u011funla\u015fan **WD 4 S Go!Further** ya\u015f v\u0259 quru t\u0259mizl\u0259m\u0259 tozsoran\u0131 m\u00fck\u0259mm\u0259l t\u0259mizlik n\u0259tic\u0259l\u0259rin\u0259 z\u0259man\u0259t verir.<\/p>\n<p>Cihaz 20 litrlik z\u0259rb\u0259y\u0259 davaml\u0131 paslanmaz poladdan haz\u0131rlanm\u0131\u015f zibil \u00e7\u0259ni, 5 metrlik kabel, 2,2 m uzunlu\u011funda sorma \u015flanq\u0131, m\u00fcxt\u0259lif \u0259lav\u0259li d\u00f6\u015f\u0259m\u0259 ba\u015fl\u0131\u011f\u0131, yast\u0131 qatlanm\u0131\u015f filtr v\u0259 toxunmam\u0131\u015f materialdan (flis) haz\u0131rlanm\u0131\u015f filtr torbas\u0131 il\u0259 t\u0259chiz olunub.<\/p>\n<p>Patentl\u0259\u015fdirilmi\u015f filtr qurulu\u015fu say\u0259sind\u0259 filtri \u00e7irkl\u0259 t\u0259mas etm\u0259d\u0259n asanl\u0131qla v\u0259 s\u00fcr\u0259tl\u0259 \u00e7\u0131xarmaq m\u00fcmk\u00fcnd\u00fcr, \u00fcf\u00fcrm\u0259 funksiyas\u0131 is\u0259 tozsoranla t\u0259mizl\u0259nm\u0259si m\u00fcmk\u00fcn olmayan yerl\u0259rd\u0259ki \u00e7irkl\u0259ri k\u0259narla\u015fd\u0131rma\u011fa imkan verir.<\/p>\n<p>\u00c7\u0131xar\u0131lan tutacaq konstruksiyas\u0131 say\u0259sind\u0259 ba\u015fl\u0131qlar birba\u015fa sorma \u015flanq\u0131na qo\u015fula bil\u0259r, \u015flanq is\u0259 saxlanc \u00fc\u00e7\u00fcn cihaz\u0131n g\u00f6vd\u0259sin\u0259 y\u0131\u011fcam \u015f\u0259kild\u0259 b\u0259rkidilir.<\/p>\n<p>D\u00f6\u015f\u0259m\u0259 ba\u015fl\u0131\u011f\u0131 v\u0259 uzad\u0131c\u0131 borular tozsoran\u0131n z\u0259rb\u0259y\u0259 davaml\u0131 g\u00f6vd\u0259si (bamperi) \u00fcz\u0259rind\u0259 tez v\u0259 asan \u015f\u0259kild\u0259 b\u0259rkidilir.<\/p>","protected":false},"excerpt":{"rendered":"<p>Daha da ir\u0259li ged\u0259n ya\u015f v\u0259 quru t\u0259mizl\u0259m\u0259 tozsoran\u0131 \u2013 35% t\u0259krar emal edilmi\u015f plastikd\u0259n haz\u0131rlanm\u0131\u015f v\u0259 ekskl\u00fcziv aksesuarlarla t\u0259chiz olunmu\u015f m\u0259hdud sayda qara r\u0259ngli **WD 4 S Go!Further** seriyas\u0131 \u0259n yax\u015f\u0131 t\u0259mizl\u0259m\u0259 n\u0259tic\u0259l\u0259rini v\u0259 y\u00fcks\u0259k s\u0259viyy\u0259li rahatl\u0131\u011f\u0131 t\u0259min edir.<\/p>","protected":false},"featured_media":16340,"comment_status":"open","ping_status":"closed","template":"","meta":[],"product_cat":[15,553,90],"product_tag":[],"class_list":{"0":"post-16339","1":"product","2":"type-product","3":"status-publish","4":"has-post-thumbnail","6":"product_cat-home-garden","7":"product_cat-hozyajstvennye-pylesosy","8":"product_cat-hozyajstvenny-pylesos","10":"first","11":"instock","12":"shipping-taxable","13":"purchasable","14":"product-type-simple"},"_links":{"self":[{"href":"https:\/\/karchershop.az\/az\/wp-json\/wp\/v2\/product\/16339","targetHints":{"allow":["GET"]}}],"collection":[{"href":"https:\/\/karchershop.az\/az\/wp-json\/wp\/v2\/product"}],"about":[{"href":"https:\/\/karchershop.az\/az\/wp-json\/wp\/v2\/types\/product"}],"replies":[{"embeddable":true,"href":"https:\/\/karchershop.az\/az\/wp-json\/wp\/v2\/comments?post=16339"}],"wp:featuredmedia":[{"embeddable":true,"href":"https:\/\/karchershop.az\/az\/wp-json\/wp\/v2\/media\/16340"}],"wp:attachment":[{"href":"https:\/\/karchershop.az\/az\/wp-json\/wp\/v2\/media?parent=16339"}],"wp:term":[{"taxonomy":"product_cat","embeddable":true,"href":"https:\/\/karchershop.az\/az\/wp-json\/wp\/v2\/product_cat?post=16339"},{"taxonomy":"product_tag","embeddable":true,"href":"https:\/\/karchershop.az\/az\/wp-json\/wp\/v2\/product_tag?post=16339"}],"curies":[{"name":"wp","href":"https:\/\/api.w.org\/{rel}","templated":true}]}}