{"id":16354,"date":"2026-04-08T12:44:55","date_gmt":"2026-04-08T08:44:55","guid":{"rendered":"https:\/\/karchershop.az\/?post_type=product&#038;p=16354"},"modified":"2026-05-04T08:30:59","modified_gmt":"2026-05-04T04:30:59","slug":"wd-5-control-25-5-22","status":"publish","type":"product","link":"https:\/\/karchershop.az\/az\/home-garden\/hozyajstvennye-pylesosy\/hozyajstvenny-pylesos\/wd-5-control-25-5-22","title":{"rendered":"WD 5 Control 25\/5\/22"},"content":{"rendered":"<p>**WD 5 Control 25\/5\/22** y\u00fcks\u0259k sorma g\u00fcc\u00fc v\u0259 enerji s\u0259m\u0259r\u0259liliyi say\u0259sind\u0259 quru, ya\u015f, nar\u0131n v\u0259 iri zibill\u0259rin t\u0259mizl\u0259nm\u0259sind\u0259 m\u00fck\u0259mm\u0259l n\u0259tic\u0259l\u0259r t\u0259min edir. \"2-si 1-d\u0259\" m\u0259saf\u0259d\u0259n idar\u0259etm\u0259 pultunun sorma \u015flanq\u0131na b\u0259rkidilm\u0259si say\u0259sind\u0259 ya\u015f v\u0259 quru t\u0259mizl\u0259m\u0259 tozsoran\u0131n\u0131 cihaz\u0131n yan\u0131na getm\u0259d\u0259n rahatl\u0131qla yand\u0131r\u0131b-s\u00f6nd\u00fcrm\u0259k m\u00fcmk\u00fcnd\u00fcr. \n\nAkkumulyatorlu elektrik al\u0259tl\u0259ri il\u0259 i\u015fl\u0259y\u0259rk\u0259n, vibrasiyan\u0131n avtomatik t\u0259yini funksiyas\u0131 say\u0259sind\u0259 tozsoran \u00f6z\u00fc i\u015f\u0259 d\u00fc\u015f\u00fcr v\u0259 bu da fasil\u0259siz i\u015fl\u0259m\u0259y\u0259 \u015f\u0259rait yarad\u0131r. \u00dcst\u00fcn filtr t\u0259mizl\u0259m\u0259 sistemi v\u0259 patentl\u0259\u015fdirilmi\u015f filtr \u00e7\u0131xarma texnologiyas\u0131 yast\u0131 qatlanm\u0131\u015f filtrin \u00e7irkl\u0259 t\u0259mas etm\u0259d\u0259n d\u0259yi\u015fdirilm\u0259sin\u0259 imkan verir; filtr t\u0259mizl\u0259m\u0259 funksiyas\u0131 is\u0259 sorma g\u00fcc\u00fcn\u00fc asanl\u0131qla b\u0259rpa edir.\n\nCihaz h\u0259m\u00e7inin sorma q\u00fcvv\u0259sini r\u0259van \u015f\u0259kild\u0259 t\u0259nziml\u0259m\u0259k \u00fc\u00e7\u00fcn **Power Control** funksiyas\u0131na malikdir. G\u00fccl\u00fc sorma qabiliyy\u0259ti il\u0259 yana\u015f\u0131, daha h\u0259ssas t\u0259mizlik i\u015fl\u0259ri \u00fc\u00e7\u00fcn praktik \u00fcf\u00fcrm\u0259 funksiyas\u0131 da m\u00f6vcuddur. **WD 5 Control 25\/5\/22** geni\u015f 25 litrlik plastik konteyner, 5 metrlik kabel v\u0259 2,2 metrlik sorma \u015flanq\u0131 il\u0259 t\u0259chiz olunub. \u018flav\u0259 rahatl\u0131q v\u0259 yer\u0259 q\u0259na\u0259t \u00fc\u00e7\u00fcn \u015flanq, kabel v\u0259 aksesuarlar birba\u015fa cihaz\u0131n \u00fcz\u0259rind\u0259 saxlan\u0131la bil\u0259r.<\/p>","protected":false},"excerpt":{"rendered":"<div class=\"NA2Vme\" role=\"listitem\" data-generation-index=\"3\" data-session-id=\"goog_-1924098225\">\n<div class=\"pA4Vnf\" dir=\"auto\">\n<div>\n<div><span class=\"rnc2Gd\" data-ast-node-id=\"0\">25 litrlik \u00e7\u0259n\u0259 malik **WD 5 Control 25\/5\/22**, sorma g\u00fcc\u00fcn\u00fc v\u0259 filtrin t\u0259mizl\u0259nm\u0259sini m\u0259saf\u0259d\u0259n idar\u0259 etm\u0259k \u00fc\u00e7\u00fcn \"2-si 1-d\u0259\" m\u0259saf\u0259d\u0259n idar\u0259etm\u0259 pultu, filtrin \u00e7\u0131xar\u0131lmas\u0131 texnologiyas\u0131, h\u0259m\u00e7inin sorma q\u00fcvv\u0259sini t\u0259nziml\u0259m\u0259k \u00fc\u00e7\u00fcn g\u00fcc t\u0259nziml\u0259yicisi il\u0259 t\u0259chiz olunub.<\/span><\/div>\n<\/div>\n<\/div>\n<\/div>","protected":false},"featured_media":16355,"comment_status":"open","ping_status":"closed","template":"","meta":[],"product_cat":[15,553,90],"product_tag":[],"class_list":{"0":"post-16354","1":"product","2":"type-product","3":"status-publish","4":"has-post-thumbnail","6":"product_cat-home-garden","7":"product_cat-hozyajstvennye-pylesosy","8":"product_cat-hozyajstvenny-pylesos","10":"first","11":"instock","12":"sale","13":"shipping-taxable","14":"purchasable","15":"product-type-simple"},"_links":{"self":[{"href":"https:\/\/karchershop.az\/az\/wp-json\/wp\/v2\/product\/16354","targetHints":{"allow":["GET"]}}],"collection":[{"href":"https:\/\/karchershop.az\/az\/wp-json\/wp\/v2\/product"}],"about":[{"href":"https:\/\/karchershop.az\/az\/wp-json\/wp\/v2\/types\/product"}],"replies":[{"embeddable":true,"href":"https:\/\/karchershop.az\/az\/wp-json\/wp\/v2\/comments?post=16354"}],"wp:featuredmedia":[{"embeddable":true,"href":"https:\/\/karchershop.az\/az\/wp-json\/wp\/v2\/media\/16355"}],"wp:attachment":[{"href":"https:\/\/karchershop.az\/az\/wp-json\/wp\/v2\/media?parent=16354"}],"wp:term":[{"taxonomy":"product_cat","embeddable":true,"href":"https:\/\/karchershop.az\/az\/wp-json\/wp\/v2\/product_cat?post=16354"},{"taxonomy":"product_tag","embeddable":true,"href":"https:\/\/karchershop.az\/az\/wp-json\/wp\/v2\/product_tag?post=16354"}],"curies":[{"name":"wp","href":"https:\/\/api.w.org\/{rel}","templated":true}]}}