{"id":16379,"date":"2026-04-10T12:02:55","date_gmt":"2026-04-10T08:02:55","guid":{"rendered":"https:\/\/karchershop.az\/?post_type=product&#038;p=16379"},"modified":"2026-05-01T21:36:36","modified_gmt":"2026-05-01T17:36:36","slug":"wd-2-plus-s-v-15-4-18","status":"publish","type":"product","link":"https:\/\/karchershop.az\/az\/home-garden\/hozyajstvennye-pylesosy\/hozyajstvenny-pylesos\/wd-2-plus-s-v-15-4-18","title":{"rendered":"WD 2 Plus S V-15\/4\/18"},"content":{"rendered":"<p>**Karcher WD 2 Plus S V-15\/4\/18** kompakt konstruksiyas\u0131na baxmayaraq, y\u00fcks\u0259k sorucu g\u00fcc\u00fc v\u0259 enerji s\u0259m\u0259r\u0259liliyi il\u0259 se\u00e7ilir \u2013 s\u0259rf etdiyi g\u00fcc c\u0259mi 1000 Vt t\u0259\u015fkil edir. O, h\u0259m x\u0131rda, h\u0259m d\u0259 iri \u00f6l\u00e7\u00fcl\u00fc quru v\u0259 ya\u015f \u00e7irkl\u0259rin toplanmas\u0131nda \u0259la n\u0259tic\u0259 t\u0259min edir.\n\nBu t\u0259s\u0259rr\u00fcfat tipli tozsoran 15 litrlik paslanmayan poladdan haz\u0131rlanm\u0131\u015f m\u00f6hk\u0259m toz konteyneri, 4 metrlik kabel, d\u00fcz tutacaql\u0131 1,8 metrlik sorucu \u015flanq, d\u00f6\u015f\u0259m\u0259 \u00fc\u00e7\u00fcn ba\u015fl\u0131q (\u0259lav\u0259 hiss\u0259l\u0259rl\u0259), porolon filtr v\u0259 toxunmam\u0131\u015f materialdan haz\u0131rlanm\u0131\u015f filtr torbas\u0131 il\u0259 t\u0259chiz olunub.\n\nCihaz, adi tozsoran\u0131n effektiv olmad\u0131\u011f\u0131 \u00e7\u0259tin \u0259l\u00e7atan yerl\u0259rd\u0259n \u00e7irkl\u0259ri \u00e7\u0131xarmaq \u00fc\u00e7\u00fcn praktik \u00fcf\u00fcrm\u0259 funksiyas\u0131na malikdir. \u00dcst hiss\u0259d\u0259 yerl\u0259\u015f\u0259n panel al\u0259tl\u0259rin v\u0259 x\u0131rda detallar\u0131n (m\u0259s\u0259l\u0259n, mismar v\u0259 ya vintl\u0259rin) rahat saxlanmas\u0131n\u0131 t\u0259min edir. D\u00f6\u015f\u0259m\u0259 ba\u015fl\u0131\u011f\u0131 v\u0259 uzad\u0131c\u0131 borular tozsoran\u0131n korpusunda tez v\u0259 rahat \u015f\u0259kild\u0259 sabitl\u0259n\u0259 bilir.\n\nBundan \u0259lav\u0259, cihaz y\u0131\u011fcam saxlanma imkan\u0131, aksesuarlar\u0131n rahat yerl\u0259\u015fdirilm\u0259si, **Pull &amp; Push** kilid sistemi v\u0259 da\u015f\u0131man\u0131 asanla\u015fd\u0131ran erqonomik tutacaq il\u0259 f\u0259rql\u0259nir.<\/p>","protected":false},"excerpt":{"rendered":"<p>**Karcher WD 2 Plus S V-15\/4\/18** t\u0259s\u0259rr\u00fcfat tipli tozsoran 15 litrlik paslanmayan poladdan haz\u0131rlanm\u0131\u015f geni\u015f toz konteyneri, 4 metrlik rahat kabeli v\u0259 1,8 metrlik sorucu \u015flanq\u0131 il\u0259 t\u0259chiz olunub. \u00dcf\u00fcrm\u0259 funksiyas\u0131 say\u0259sind\u0259 bu tozsoran t\u0259mizl\u0259m\u0259 zaman\u0131 y\u00fcks\u0259k g\u00fcc v\u0259 effektivlik t\u0259min edir.<\/p>","protected":false},"featured_media":16380,"comment_status":"open","ping_status":"closed","template":"","meta":[],"product_cat":[15,553,90],"product_tag":[],"class_list":{"0":"post-16379","1":"product","2":"type-product","3":"status-publish","4":"has-post-thumbnail","6":"product_cat-home-garden","7":"product_cat-hozyajstvennye-pylesosy","8":"product_cat-hozyajstvenny-pylesos","10":"first","11":"instock","12":"sale","13":"shipping-taxable","14":"purchasable","15":"product-type-simple"},"_links":{"self":[{"href":"https:\/\/karchershop.az\/az\/wp-json\/wp\/v2\/product\/16379","targetHints":{"allow":["GET"]}}],"collection":[{"href":"https:\/\/karchershop.az\/az\/wp-json\/wp\/v2\/product"}],"about":[{"href":"https:\/\/karchershop.az\/az\/wp-json\/wp\/v2\/types\/product"}],"replies":[{"embeddable":true,"href":"https:\/\/karchershop.az\/az\/wp-json\/wp\/v2\/comments?post=16379"}],"wp:featuredmedia":[{"embeddable":true,"href":"https:\/\/karchershop.az\/az\/wp-json\/wp\/v2\/media\/16380"}],"wp:attachment":[{"href":"https:\/\/karchershop.az\/az\/wp-json\/wp\/v2\/media?parent=16379"}],"wp:term":[{"taxonomy":"product_cat","embeddable":true,"href":"https:\/\/karchershop.az\/az\/wp-json\/wp\/v2\/product_cat?post=16379"},{"taxonomy":"product_tag","embeddable":true,"href":"https:\/\/karchershop.az\/az\/wp-json\/wp\/v2\/product_tag?post=16379"}],"curies":[{"name":"wp","href":"https:\/\/api.w.org\/{rel}","templated":true}]}}