{"id":16418,"date":"2026-04-12T13:45:12","date_gmt":"2026-04-12T09:45:12","guid":{"rendered":"https:\/\/karchershop.az\/?post_type=product&#038;p=16418"},"modified":"2026-05-01T21:36:36","modified_gmt":"2026-05-01T17:36:36","slug":"drenazhnyj-nasos-dlya-gryaznoj-vody-sp-9-500-dirt","status":"publish","type":"product","link":"https:\/\/karchershop.az\/az\/home-garden\/nasosy\/drenazhnyj-nasos-dlya-gryaznoj-vody-sp-9-500-dirt","title":{"rendered":"SP 9.500 Dirt"},"content":{"rendered":"<p>Maksimum m\u0259hsuldarl\u0131\u011f\u0131 9500 l\/saat olan SP 9.500 Dirt nasosu \u2014 ba\u011f hovuzundak\u0131 v\u0259 ya ya\u011f\u0131\u015f suyu \u00e7\u0259ll\u0259yind\u0259ki suyun s\u00fcr\u0259tl\u0259 bo\u015fald\u0131lmas\u0131 \u00fc\u00e7\u00fcn \u0259la giri\u015f s\u0259viyy\u0259li modeldir. O, h\u0259m t\u0259miz, h\u0259m d\u0259 t\u0259rkibind\u0259 20 mm-\u0259 q\u0259d\u0259r hiss\u0259cikl\u0259r olan \u00e7irkli suyu problemsiz bo\u015fald\u0131r v\u0259 ya k\u00f6\u00e7\u00fcr\u00fcr. Daha iri \u00e7irkl\u0259nm\u0259l\u0259r (m\u0259s\u0259l\u0259n, budaqlar) olduqda is\u0259 \u00e7arx\u0131 z\u0259d\u0259l\u0259nm\u0259d\u0259n qoruyan giri\u015f filtri (opsiya) il\u0259 t\u0259chiz edil\u0259 bil\u0259r. Pe\u015f\u0259kar t\u0259yinatl\u0131 dalma nasoslar\u0131nda geni\u015f istifad\u0259 olunan kontaktl\u0131 ki\u00e7ilm\u0259 halqas\u0131 nasosun \u00e7ox uzun xidm\u0259t m\u00fcdd\u0259tini t\u0259min edir. \u00c7irkli su \u00fc\u00e7\u00fcn dalma nasosu, suyun s\u0259viyy\u0259sind\u0259n as\u0131l\u0131 olaraq onu yand\u0131r\u0131b-s\u00f6nd\u00fcr\u0259n v\u0259 \"quru i\u015fl\u0259m\u0259\" rejiminin qar\u015f\u0131s\u0131n\u0131 alan \u015famand\u0131ral\u0131 (poplavok) a\u00e7arla t\u0259chiz edilmi\u015fdir. Eyni zamanda, \u015famand\u0131ral\u0131 a\u00e7ar\u0131n fiksasiya imkan\u0131 nasosu a\u015fa\u011f\u0131 qal\u0131q su s\u0259viyy\u0259sind\u0259 (\u0259n az\u0131 25 mm) istifad\u0259 etm\u0259y\u0259 imkan verir. Sistemin birl\u0259\u015fdirici \u015ftuseri d\u0259 \u00e7ox praktik bir h\u0259lldir.\u00a0<span class=\"fix-spelling\">Quick Connect<\/span>diametri ... olan \u015flanqlar\u0131n s\u00fcr\u0259tli v\u0259 asan qo\u015fulmas\u0131n\u0131 t\u0259min ed\u0259n<\/p>","protected":false},"excerpt":{"rendered":"<p>Maksimum m\u0259hsuldarl\u0131\u011f\u0131 9500 l\/saat olan etibarl\u0131 SP 9.500 Dirt dalma nasosu, \u00e7irkli suyun bo\u015fald\u0131lmas\u0131 v\u0259 ya k\u00f6\u00e7\u00fcr\u00fclm\u0259si \u00fc\u00e7\u00fcn y\u0131\u011fcam, giri\u015f s\u0259viyy\u0259li bir h\u0259lldir.<\/p>","protected":false},"featured_media":16419,"comment_status":"open","ping_status":"closed","template":"","meta":[],"product_cat":[577,15],"product_tag":[],"class_list":{"0":"post-16418","1":"product","2":"type-product","3":"status-publish","4":"has-post-thumbnail","6":"product_cat-nasosy","7":"product_cat-home-garden","9":"first","10":"instock","11":"shipping-taxable","12":"purchasable","13":"product-type-simple"},"_links":{"self":[{"href":"https:\/\/karchershop.az\/az\/wp-json\/wp\/v2\/product\/16418","targetHints":{"allow":["GET"]}}],"collection":[{"href":"https:\/\/karchershop.az\/az\/wp-json\/wp\/v2\/product"}],"about":[{"href":"https:\/\/karchershop.az\/az\/wp-json\/wp\/v2\/types\/product"}],"replies":[{"embeddable":true,"href":"https:\/\/karchershop.az\/az\/wp-json\/wp\/v2\/comments?post=16418"}],"wp:featuredmedia":[{"embeddable":true,"href":"https:\/\/karchershop.az\/az\/wp-json\/wp\/v2\/media\/16419"}],"wp:attachment":[{"href":"https:\/\/karchershop.az\/az\/wp-json\/wp\/v2\/media?parent=16418"}],"wp:term":[{"taxonomy":"product_cat","embeddable":true,"href":"https:\/\/karchershop.az\/az\/wp-json\/wp\/v2\/product_cat?post=16418"},{"taxonomy":"product_tag","embeddable":true,"href":"https:\/\/karchershop.az\/az\/wp-json\/wp\/v2\/product_tag?post=16418"}],"curies":[{"name":"wp","href":"https:\/\/api.w.org\/{rel}","templated":true}]}}