{"id":16425,"date":"2026-04-12T14:44:47","date_gmt":"2026-04-12T10:44:47","guid":{"rendered":"https:\/\/karchershop.az\/?post_type=product&#038;p=16425"},"modified":"2026-05-01T21:36:36","modified_gmt":"2026-05-01T17:36:36","slug":"sp-16-000-dual","status":"publish","type":"product","link":"https:\/\/karchershop.az\/az\/home-garden\/nasosy\/sp-16-000-dual","title":{"rendered":"SP 16.000 Dual"},"content":{"rendered":"<p>\u0130ki funksiyal\u0131 etibarl\u0131 SP 16.000 Dual dalma nasosu h\u0259m t\u0259miz, h\u0259m d\u0259 \u00e7irkli (hiss\u0259cik \u00f6l\u00e7\u00fcs\u00fc 20 mm-\u0259 q\u0259d\u0259r olan) suyu pompalama\u011fa imkan verir. Bununla bel\u0259, filtrin sad\u0259c\u0259 yerini d\u0259yi\u015fm\u0259kl\u0259 o, d\u0259rhal t\u0259miz suyun dib\u0259 q\u0259d\u0259r (1 mm qal\u0131q s\u0259viyy\u0259sin\u0259 q\u0259d\u0259r) \u00e7\u0259kilm\u0259si rejimin\u0259 ke\u00e7irilir. Y\u00fcks\u0259k m\u0259hsuldarl\u0131\u011f\u0131 (maks. 16000 l\/saat) say\u0259sind\u0259 SP 16.000 Dual nasosu su basm\u0131\u015f zirz\u0259mil\u0259rd\u0259n, ba\u011f g\u00f6lm\u0259\u00e7\u0259l\u0259rind\u0259n v\u0259 ya hovuzlardan suyun bo\u015fald\u0131lmas\u0131 \u00fc\u00e7\u00fcn m\u00fck\u0259mm\u0259l se\u00e7imdir. Pe\u015f\u0259kar texnikada geni\u015f istifad\u0259 olunan kontakt s\u0131xla\u015fd\u0131r\u0131c\u0131 halqa il\u0259 t\u0259chiz edilm\u0259si nasosun uzun \u00f6m\u00fcrl\u00fc olaca\u011f\u0131na z\u0259man\u0259t verir. Nasosun avtomatik qo\u015fulub-s\u00f6nm\u0259si \u015faquli istiqam\u0259td\u0259 h\u0259r\u0259k\u0259t etdiril\u0259 bil\u0259n \u015fin \u00fcz\u0259rind\u0259 qura\u015fd\u0131r\u0131lm\u0131\u015f v\u0259 suyun a\u015fa\u011f\u0131 qal\u0131q s\u0259viyy\u0259sin\u0259 q\u0259d\u0259r \u00e7\u0259kilm\u0259sin\u0259 imkan ver\u0259n \u015famand\u0131ral\u0131 (poplavok) a\u00e7ar vasit\u0259sil\u0259 t\u0259min edilir. Sistemin birl\u0259\u015fdirici \u015ftuseri...\u00a0<span class=\"fix-spelling\">Quick Connect<\/span>\u00a01\u2033, 1 1\/4\u2033 v\u0259 1 1\/2\u2033 diametrli \u015flanqlar\u0131 nasosa s\u00fcr\u0259tli v\u0259 asan birl\u0259\u015fdirm\u0259y\u0259 imkan verir.<\/p>","protected":false},"excerpt":{"rendered":"<p>Saatda 16.000 litr\u0259 q\u0259d\u0259r t\u0259miz v\u0259 ya \u00e7irkli suyu pompalay\u0131r: \"2-si 1-d\u0259\" h\u0259lli \u2013 h\u0259m \u00e7irkli suyu pompalama\u011fa, h\u0259m d\u0259 dib\u0259 q\u0259d\u0259r (1 mm qal\u0131q s\u0259viyy\u0259si il\u0259) suyun \u00e7\u0259kilm\u0259si funksiyas\u0131n\u0131 yerin\u0259 yetirm\u0259y\u0259 imkan ver\u0259n, h\u00fcnd\u00fcrl\u00fcy\u00fc t\u0259nziml\u0259n\u0259n \u015famand\u0131ral\u0131 (poplavok) a\u00e7arla t\u0259chiz edilmi\u015f etibarl\u0131 SP 16.000 dalma nasosu.<\/p>","protected":false},"featured_media":16426,"comment_status":"open","ping_status":"closed","template":"","meta":[],"product_cat":[577,15],"product_tag":[],"class_list":{"0":"post-16425","1":"product","2":"type-product","3":"status-publish","4":"has-post-thumbnail","6":"product_cat-nasosy","7":"product_cat-home-garden","9":"first","10":"instock","11":"shipping-taxable","12":"purchasable","13":"product-type-simple"},"_links":{"self":[{"href":"https:\/\/karchershop.az\/az\/wp-json\/wp\/v2\/product\/16425","targetHints":{"allow":["GET"]}}],"collection":[{"href":"https:\/\/karchershop.az\/az\/wp-json\/wp\/v2\/product"}],"about":[{"href":"https:\/\/karchershop.az\/az\/wp-json\/wp\/v2\/types\/product"}],"replies":[{"embeddable":true,"href":"https:\/\/karchershop.az\/az\/wp-json\/wp\/v2\/comments?post=16425"}],"wp:featuredmedia":[{"embeddable":true,"href":"https:\/\/karchershop.az\/az\/wp-json\/wp\/v2\/media\/16426"}],"wp:attachment":[{"href":"https:\/\/karchershop.az\/az\/wp-json\/wp\/v2\/media?parent=16425"}],"wp:term":[{"taxonomy":"product_cat","embeddable":true,"href":"https:\/\/karchershop.az\/az\/wp-json\/wp\/v2\/product_cat?post=16425"},{"taxonomy":"product_tag","embeddable":true,"href":"https:\/\/karchershop.az\/az\/wp-json\/wp\/v2\/product_tag?post=16425"}],"curies":[{"name":"wp","href":"https:\/\/api.w.org\/{rel}","templated":true}]}}