{"id":16438,"date":"2026-04-13T16:08:22","date_gmt":"2026-04-13T12:08:22","guid":{"rendered":"https:\/\/karchershop.az\/?post_type=product&#038;p=16438"},"modified":"2026-05-01T21:36:36","modified_gmt":"2026-05-01T17:36:36","slug":"puzzi-8-1-go-further","status":"publish","type":"product","link":"https:\/\/karchershop.az\/az\/professional\/moyushhie-pylesosy-i-mashiny-dlya-chistki-kovrovyh-pokrytij\/puzzi-8-1-go-further","title":{"rendered":"Puzzi 8\/1 Go!Further"},"content":{"rendered":"<p><span class=\"fix-spelling\">Xal\u00e7a yuma aparat\u0131<\/span>\u00a08\/1 Go!Further \u2014 qara r\u0259ngd\u0259 olan m\u0259hdud sayl\u0131 yuyucu tozsorand\u0131r, 44% t\u0259krar emal olunmu\u015f plastikd\u0259n haz\u0131rlanm\u0131\u015fd\u0131r v\u0259 1 litr h\u0259cmind\u0259 RM 764N OA yuyucu vasit\u0259 il\u0259 birlikd\u0259 t\u0259qdim olunur. Qur\u011fu d\u00f6\u015f\u0259m\u0259 \u00f6rt\u00fckl\u0259rinin t\u0259mizl\u0259nm\u0259si v\u0259 tekstil s\u0259thl\u0259rd\u0259ki l\u0259k\u0259l\u0259rin \u00e7\u0131xar\u0131lmas\u0131 zaman\u0131 gigiyenik c\u0259h\u0259td\u0259n m\u00fck\u0259mm\u0259l n\u0259tic\u0259l\u0259r t\u0259min edir v\u0259 y\u00fcks\u0259k iqtisadi s\u0259m\u0259r\u0259liliyi il\u0259 se\u00e7ilir.\n\nD\u0259rin t\u0259mizl\u0259m\u0259, yuyucu m\u0259hlulun lifl\u0259rin i\u00e7in\u0259 d\u0259rind\u0259n p\u00fcsk\u00fcrd\u00fclm\u0259si v\u0259 daha sonra h\u0259ll olunmu\u015f \u00e7irkin sorulmas\u0131 il\u0259 h\u0259yata ke\u00e7irilir. G\u00fccl\u00fc sorucu sistem s\u0259thl\u0259rin tez qurumas\u0131n\u0131 t\u0259min edir v\u0259 t\u0259mizl\u0259nmi\u015f sah\u0259l\u0259rin q\u0131sa zamanda yenid\u0259n istifad\u0259sin\u0259 imkan verir.\n\nBel\u0259likl\u0259, yuyucu tozsoran otel v\u0259 restoran sah\u0259sind\u0259 \u00e7al\u0131\u015fan t\u0259mizlik m\u00fct\u0259x\u0259ssisl\u0259rinin, el\u0259c\u0259 d\u0259 n\u0259qliyyat vasit\u0259l\u0259rinin salonlar\u0131n\u0131n t\u0259mizl\u0259nm\u0259si \u00fc\u00e7\u00fcn y\u00fcks\u0259k t\u0259l\u0259bl\u0259r\u0259 cavab verir. Standart q\u0131sa d\u00f6\u015f\u0259m\u0259 uclu\u011fu h\u0259tta \u00e7\u0259tin \u00e7at\u0131lan yerl\u0259rd\u0259 bel\u0259 t\u0259mizliyi asanla\u015fd\u0131r\u0131r.\n\nA\u015fa\u011f\u0131 \u00e7\u0259ki v\u0259 erqonomik tutacaq say\u0259sind\u0259 cihaz\u0131 bir \u0259ll\u0259 asanl\u0131qla da\u015f\u0131maq m\u00fcmk\u00fcnd\u00fcr. Cihaz\u0131n \u015f\u0259ffaf qapa\u011f\u0131 i\u015f zaman\u0131 \u00e7irkli suyun s\u0259viyy\u0259sini v\u0259 v\u0259ziyy\u0259tini izl\u0259m\u0259y\u0259 imkan verir.<\/p>","protected":false},"excerpt":{"rendered":"<p><span class=\"fix-spelling\">Xal\u00e7a yuma aparat\u0131<\/span>\u00a08\/1 Go!Further \u2014 qara r\u0259ngd\u0259 haz\u0131rlanm\u0131\u015f, 44% t\u0259krar emal olunmu\u015f plastikd\u0259n istehsal edil\u0259n m\u0259hdud sayda burax\u0131l\u0131\u015fl\u0131 yuyucu tozsorand\u0131r. O, ekskl\u00fcziv aksesuarlarla t\u0259chiz olunub: 1 litr h\u0259cmind\u0259 RM 764N OA t\u0259mizl\u0259yici vasit\u0259.<\/p>","protected":false},"featured_media":16439,"comment_status":"open","ping_status":"closed","template":"","meta":[],"product_cat":[19,277],"product_tag":[],"class_list":{"0":"post-16438","1":"product","2":"type-product","3":"status-publish","4":"has-post-thumbnail","6":"product_cat-professional","7":"product_cat-moyushhie-pylesosy-i-mashiny-dlya-chistki-kovrovyh-pokrytij","9":"first","10":"instock","11":"shipping-taxable","12":"purchasable","13":"product-type-simple"},"_links":{"self":[{"href":"https:\/\/karchershop.az\/az\/wp-json\/wp\/v2\/product\/16438","targetHints":{"allow":["GET"]}}],"collection":[{"href":"https:\/\/karchershop.az\/az\/wp-json\/wp\/v2\/product"}],"about":[{"href":"https:\/\/karchershop.az\/az\/wp-json\/wp\/v2\/types\/product"}],"replies":[{"embeddable":true,"href":"https:\/\/karchershop.az\/az\/wp-json\/wp\/v2\/comments?post=16438"}],"wp:featuredmedia":[{"embeddable":true,"href":"https:\/\/karchershop.az\/az\/wp-json\/wp\/v2\/media\/16439"}],"wp:attachment":[{"href":"https:\/\/karchershop.az\/az\/wp-json\/wp\/v2\/media?parent=16438"}],"wp:term":[{"taxonomy":"product_cat","embeddable":true,"href":"https:\/\/karchershop.az\/az\/wp-json\/wp\/v2\/product_cat?post=16438"},{"taxonomy":"product_tag","embeddable":true,"href":"https:\/\/karchershop.az\/az\/wp-json\/wp\/v2\/product_tag?post=16438"}],"curies":[{"name":"wp","href":"https:\/\/api.w.org\/{rel}","templated":true}]}}