{"id":16445,"date":"2026-04-16T11:09:48","date_gmt":"2026-04-16T07:09:48","guid":{"rendered":"https:\/\/karchershop.az\/?post_type=product&#038;p=16445"},"modified":"2026-05-01T21:36:37","modified_gmt":"2026-05-01T17:36:37","slug":"vch-4-uvclean","status":"publish","type":"product","link":"https:\/\/karchershop.az\/az\/home-garden\/pylesosy\/vertikalnye-pylesosy\/vch-4-uvclean","title":{"rendered":"VCH 4 UVClean"},"content":{"rendered":"<p>VCH 4 UVClean ultrab\u0259n\u00f6v\u015f\u0259yi (UB) lampal\u0131 \u0259l tozsoran\u0131 haqq\u0131nda t\u0259qdim etdiyiniz bu m\u0259lumat, cihaz\u0131n h\u0259m texniki \u00fcst\u00fcnl\u00fckl\u0259rini, h\u0259m d\u0259 istifad\u0259\u00e7i \u00fc\u00e7\u00fcn faydalar\u0131n\u0131 \u00e7ox ayd\u0131n \u015f\u0259kild\u0259 izah edir. \n\nM\u0259tnin qurulu\u015fu pe\u015f\u0259kard\u0131r v\u0259 a\u015fa\u011f\u0131dak\u0131 vacib m\u0259qamlar\u0131 vur\u011fulay\u0131r:\n\n* **H\u0259d\u0259f k\u00fctl\u0259:** X\u00fcsusil\u0259 allergiyaya meyilli insanlar \u00fc\u00e7\u00fcn gigiyenik h\u0259ll t\u0259klif edilm\u0259si.\n* **Texnoloji kombinasiya:** UB \u015f\u00fcalanma, vibrasiya v\u0259 g\u00fccl\u00fc sovurman\u0131n eyni anda i\u015fl\u0259m\u0259si t\u0259mizliyin effektivliyini art\u0131r\u0131r.\n* **N\u0259tic\u0259:** 99,9 % bakteriya v\u0259 toz g\u0259n\u0259l\u0259rinin m\u0259hv edilm\u0259si konkret v\u0259 inand\u0131r\u0131c\u0131 bir g\u00f6st\u0259ricidir.\n\nBu m\u0259tni kataloq, internet sayt\u0131 v\u0259 ya m\u0259hsulun t\u0259qdimat materiallar\u0131 \u00fc\u00e7\u00fcn rahatl\u0131qla istifad\u0259 etm\u0259k olar. Ba\u015fqa bir b\u00f6lm\u0259nin v\u0259 ya texniki g\u00f6st\u0259ricinin t\u0259rc\u00fcm\u0259sin\u0259 ehtiyac\u0131n\u0131z varm\u0131?<\/p>","protected":false},"excerpt":{"rendered":"<p>VCH 4 UVClean ultrab\u0259n\u00f6v\u015f\u0259yi (UB) lampal\u0131 \u0259l tozsoran\u0131 d\u00f6\u015f\u0259kl\u0259rin, yum\u015faq mebell\u0259rin v\u0259 tekstil m\u0259mulatlar\u0131n\u0131n d\u0259rind\u0259n t\u0259mizl\u0259nm\u0259si \u00fc\u00e7\u00fcn haz\u0131rlan\u0131b, h\u0259tta allergiyaya meyilli insanlar \u00fc\u00e7\u00fcn gigiyena v\u0259 rahatl\u0131q t\u0259min edir. Onun f\u0259aliyy\u0259tind\u0259 q\u0131sadal\u011fal\u0131 ultrab\u0259n\u00f6v\u015f\u0259yi \u015f\u00fcalanma, vibrasiya v\u0259 y\u00fcks\u0259k sovurma g\u00fcc\u00fc birl\u0259\u015fir ki, bunun say\u0259sind\u0259 s\u0259thl\u0259rd\u0259n toz g\u0259n\u0259l\u0259ri v\u0259 bakteriyalar\u0131n 99,9 %-\u0259 q\u0259d\u0259ri effektiv \u015f\u0259kild\u0259 k\u0259narla\u015fd\u0131r\u0131l\u0131r. Bel\u0259 yana\u015fma n\u0259inki par\u00e7alar\u0131 t\u0259rav\u0259tl\u0259ndirm\u0259y\u0259, h\u0259m d\u0259 evd\u0259 allergenl\u0259rin yay\u0131lma riskini \u0259h\u0259miyy\u0259tli d\u0259r\u0259c\u0259d\u0259 azaltma\u011fa imkan verir.<\/p>","protected":false},"featured_media":16461,"comment_status":"open","ping_status":"closed","template":"","meta":[],"product_cat":[15,89,93],"product_tag":[],"class_list":{"0":"post-16445","1":"product","2":"type-product","3":"status-publish","4":"has-post-thumbnail","6":"product_cat-home-garden","7":"product_cat-pylesosy","8":"product_cat-vertikalnye-pylesosy","10":"first","11":"instock","12":"shipping-taxable","13":"purchasable","14":"product-type-simple"},"_links":{"self":[{"href":"https:\/\/karchershop.az\/az\/wp-json\/wp\/v2\/product\/16445","targetHints":{"allow":["GET"]}}],"collection":[{"href":"https:\/\/karchershop.az\/az\/wp-json\/wp\/v2\/product"}],"about":[{"href":"https:\/\/karchershop.az\/az\/wp-json\/wp\/v2\/types\/product"}],"replies":[{"embeddable":true,"href":"https:\/\/karchershop.az\/az\/wp-json\/wp\/v2\/comments?post=16445"}],"wp:featuredmedia":[{"embeddable":true,"href":"https:\/\/karchershop.az\/az\/wp-json\/wp\/v2\/media\/16461"}],"wp:attachment":[{"href":"https:\/\/karchershop.az\/az\/wp-json\/wp\/v2\/media?parent=16445"}],"wp:term":[{"taxonomy":"product_cat","embeddable":true,"href":"https:\/\/karchershop.az\/az\/wp-json\/wp\/v2\/product_cat?post=16445"},{"taxonomy":"product_tag","embeddable":true,"href":"https:\/\/karchershop.az\/az\/wp-json\/wp\/v2\/product_tag?post=16445"}],"curies":[{"name":"wp","href":"https:\/\/api.w.org\/{rel}","templated":true}]}}