{"id":16492,"date":"2026-04-17T10:36:18","date_gmt":"2026-04-17T06:36:18","guid":{"rendered":"https:\/\/karchershop.az\/?post_type=product&#038;p=16492"},"modified":"2026-05-01T21:36:37","modified_gmt":"2026-05-01T17:36:37","slug":"k-7-premium","status":"publish","type":"product","link":"https:\/\/karchershop.az\/az\/home-garden\/mojki-vysokogo-davleniya\/k-7-premium","title":{"rendered":"K 7 Comfort Premium"},"content":{"rendered":"<p>Ev v\u0259 avtomobilin t\u0259mizl\u0259nm\u0259si \u00fc\u00e7\u00fcn uy\u011fundur. M\u00fch\u0259rrik etibarl\u0131 i\u015fi v\u0259 uzun\u00f6m\u00fcrl\u00fcl\u00fcy\u00fc t\u0259min edir. \u015elanq baraban\u0131 istifad\u0259ni asanla\u015fd\u0131r\u0131r. G 180 Q COMFORT Hold tapan\u00e7as\u0131 \u0259ll\u0259rd\u0259ki y\u00fck\u00fc azald\u0131r, sistem is\u0259...\u00a0<span class=\"fix-spelling\">Quick Connect<\/span>\u00a0\u015flanq\u0131 s\u00fcr\u0259tli qo\u015fma\u011fa imkan verir. \u00c7oxfunksiyal\u0131 4-\u00fc 1-d\u0259 ucluq \u015f\u0131rnaq rejimini se\u00e7m\u0259y\u0259 \u015f\u0259rait yarad\u0131r, 2Way Wash sistemi is\u0259 yuyucu vasit\u0259nin rahat t\u0259tbiqini t\u0259min edir. Aksesuarlar\u0131 g\u00f6vd\u0259 \u00fcz\u0259rind\u0259 saxlamaq asand\u0131r, teleskopik tutacaq v\u0259 t\u0259k\u0259rl\u0259r is\u0259 da\u015f\u0131nman\u0131 sad\u0259l\u0259\u015fdirir.<\/p>","protected":false},"excerpt":{"rendered":"<p>K 7 Comfort Premium y\u00fcks\u0259k t\u0259zyiqli yuma cihaz\u0131 60 m\u00b2\/saat m\u0259hsuldarl\u0131\u011fa, su soyutma sistemli m\u00fch\u0259rrik\u0259 v\u0259 \u015flanqa malikdir.\u00a0<span class=\"fix-spelling\">\u2026PremiumFlex<\/span>\u00a0v\u0259 baraban il\u0259 \u2014 g\u00fccl\u00fc \u00e7irkl\u0259nm\u0259l\u0259rin t\u0259mizl\u0259nm\u0259si \u00fc\u00e7\u00fcn ideald\u0131r.<\/p>","protected":false},"featured_media":16493,"comment_status":"open","ping_status":"closed","template":"","meta":[],"product_cat":[15,20],"product_tag":[],"class_list":{"0":"post-16492","1":"product","2":"type-product","3":"status-publish","4":"has-post-thumbnail","6":"product_cat-home-garden","7":"product_cat-mojki-vysokogo-davleniya","9":"first","10":"instock","11":"sale","12":"shipping-taxable","13":"purchasable","14":"product-type-simple"},"_links":{"self":[{"href":"https:\/\/karchershop.az\/az\/wp-json\/wp\/v2\/product\/16492","targetHints":{"allow":["GET"]}}],"collection":[{"href":"https:\/\/karchershop.az\/az\/wp-json\/wp\/v2\/product"}],"about":[{"href":"https:\/\/karchershop.az\/az\/wp-json\/wp\/v2\/types\/product"}],"replies":[{"embeddable":true,"href":"https:\/\/karchershop.az\/az\/wp-json\/wp\/v2\/comments?post=16492"}],"wp:featuredmedia":[{"embeddable":true,"href":"https:\/\/karchershop.az\/az\/wp-json\/wp\/v2\/media\/16493"}],"wp:attachment":[{"href":"https:\/\/karchershop.az\/az\/wp-json\/wp\/v2\/media?parent=16492"}],"wp:term":[{"taxonomy":"product_cat","embeddable":true,"href":"https:\/\/karchershop.az\/az\/wp-json\/wp\/v2\/product_cat?post=16492"},{"taxonomy":"product_tag","embeddable":true,"href":"https:\/\/karchershop.az\/az\/wp-json\/wp\/v2\/product_tag?post=16492"}],"curies":[{"name":"wp","href":"https:\/\/api.w.org\/{rel}","templated":true}]}}