{"id":16518,"date":"2026-04-20T10:56:51","date_gmt":"2026-04-20T06:56:51","guid":{"rendered":"https:\/\/karchershop.az\/?post_type=product&#038;p=16518"},"modified":"2026-05-01T21:36:37","modified_gmt":"2026-05-01T17:36:37","slug":"k-5-fj-bb","status":"publish","type":"product","link":"https:\/\/karchershop.az\/az\/home-garden\/mojki-vysokogo-davleniya\/k-5-fj-bb","title":{"rendered":"K 5 FJ BB"},"content":{"rendered":"<p>K 5 FJ m\u00fcnt\u0259z\u0259m t\u0259mizl\u0259m\u0259 tap\u015f\u0131r\u0131qlar\u0131 \u00fc\u00e7\u00fcn uy\u011fundur. Tapan\u00e7a, 8 metrlik \u015flanq, **Vario Power (VPS)** p\u00fcsk\u00fcrtm\u0259 borusu, kir frezi, k\u00f6p\u00fck p\u00fcsk\u00fcrd\u00fcc\u00fc v\u0259 su filtri il\u0259 t\u0259chiz olunub. T\u0259zyiq, n\u00f6qt\u0259vi v\u0259 z\u0259rif t\u0259mizl\u0259m\u0259 \u00fc\u00e7\u00fcn borunu \u00e7evirm\u0259kl\u0259 t\u0259nziml\u0259nir. Kir frezi h\u0259tta inadkar \u00e7irkl\u0259rd\u0259 bel\u0259 \u0259la n\u0259tic\u0259l\u0259r t\u0259min edir. B\u00fct\u00fcn aksesuarlar cihaz\u0131n \u00fcz\u0259rind\u0259 rahat \u015f\u0259kild\u0259 saxlan\u0131l\u0131r.<\/p>","protected":false},"excerpt":{"rendered":"<p>K 5 FJ \u2014 avtomobill\u0259rin v\u0259 ev \u0259traf\u0131ndak\u0131 s\u0259thl\u0259rin m\u00fcnt\u0259z\u0259m olaraq orta d\u0259r\u0259c\u0259li \u00e7irkl\u0259rd\u0259n t\u0259mizl\u0259nm\u0259si \u00fc\u00e7\u00fcn ideal se\u00e7imdir. D\u0259st\u0259 daxildir: k\u00f6p\u00fck uclu\u011fu.<\/p>","protected":false},"featured_media":16519,"comment_status":"open","ping_status":"closed","template":"","meta":[],"product_cat":[15,20],"product_tag":[],"class_list":{"0":"post-16518","1":"product","2":"type-product","3":"status-publish","4":"has-post-thumbnail","6":"product_cat-home-garden","7":"product_cat-mojki-vysokogo-davleniya","9":"first","10":"instock","11":"sale","12":"shipping-taxable","13":"purchasable","14":"product-type-simple"},"_links":{"self":[{"href":"https:\/\/karchershop.az\/az\/wp-json\/wp\/v2\/product\/16518","targetHints":{"allow":["GET"]}}],"collection":[{"href":"https:\/\/karchershop.az\/az\/wp-json\/wp\/v2\/product"}],"about":[{"href":"https:\/\/karchershop.az\/az\/wp-json\/wp\/v2\/types\/product"}],"replies":[{"embeddable":true,"href":"https:\/\/karchershop.az\/az\/wp-json\/wp\/v2\/comments?post=16518"}],"wp:featuredmedia":[{"embeddable":true,"href":"https:\/\/karchershop.az\/az\/wp-json\/wp\/v2\/media\/16519"}],"wp:attachment":[{"href":"https:\/\/karchershop.az\/az\/wp-json\/wp\/v2\/media?parent=16518"}],"wp:term":[{"taxonomy":"product_cat","embeddable":true,"href":"https:\/\/karchershop.az\/az\/wp-json\/wp\/v2\/product_cat?post=16518"},{"taxonomy":"product_tag","embeddable":true,"href":"https:\/\/karchershop.az\/az\/wp-json\/wp\/v2\/product_tag?post=16518"}],"curies":[{"name":"wp","href":"https:\/\/api.w.org\/{rel}","templated":true}]}}