{"id":16535,"date":"2026-04-21T17:30:09","date_gmt":"2026-04-21T13:30:09","guid":{"rendered":"https:\/\/karchershop.az\/?post_type=product&#038;p=16535"},"modified":"2026-05-01T21:36:37","modified_gmt":"2026-05-01T17:36:37","slug":"se-5-upholstery","status":"publish","type":"product","link":"https:\/\/karchershop.az\/az\/home-garden\/pylesosy\/moyushhie-pylesosy\/se-5-upholstery","title":{"rendered":"SE 5 Upholstery"},"content":{"rendered":"<div class=\"NA2Vme\" role=\"listitem\" data-generation-index=\"11\" data-session-id=\"goog_-134311527\">\n<div class=\"pA4Vnf\" dir=\"auto\">\n<div>\n<div>\n<p><span class=\"rnc2Gd\" data-ast-node-id=\"0\">Erqonomik dizayn, \u00e7oxfunksiyal\u0131l\u0131q v\u0259 d\u0259rind\u0259n t\u0259mizl\u0259m\u0259: t\u0259k\u0259rli qurulu\u015fu il\u0259 diqq\u0259t \u00e7\u0259k\u0259n SE 5 yuyucu tozsoran\u0131 xal\u00e7a, xal\u00e7a \u00f6rt\u00fckl\u00fc pill\u0259k\u0259nl\u0259r, yum\u015faq mebel, matras, divar \u00f6rt\u00fckl\u0259ri v\u0259 avtomobil oturacaqlar\u0131 kimi bir \u00e7ox tekstil s\u0259thind\u0259 gigiyenik t\u0259mizlik t\u0259min edir.<\/span><\/p>\n<div class=\"gWqWw rnc2Gd\"><\/div>\n<p><span class=\"rnc2Gd\" data-ast-node-id=\"1\">K\u00e4rcher-in s\u0131naqdan ke\u00e7mi\u015f p\u00fcsk\u00fcrtm\u0259-sorma texnologiyas\u0131 m\u00fck\u0259mm\u0259l t\u0259mizlik n\u0259tic\u0259l\u0259ri t\u0259min edir: t\u0259miz su v\u0259 K\u00e4rcher RM 519 xal\u00e7a t\u0259mizl\u0259yicisi t\u0259zyiql\u0259 tekstil lifl\u0259rinin d\u0259rinliyin\u0259 p\u00fcsk\u00fcrd\u00fcl\u00fcr, sonra is\u0259 ayr\u0131lm\u0131\u015f kirl\u0259 birlikd\u0259 geri \u00e7\u0259kilir. Bu, ail\u0259l\u0259r, allergiyas\u0131 olanlar v\u0259 ev heyvan\u0131 saxlayanlar \u00fc\u00e7\u00fcn ideal h\u0259ll yoludur.<\/span><\/p>\n<div class=\"gWqWw rnc2Gd\"><\/div>\n<p><span class=\"rnc2Gd\" data-ast-node-id=\"2\">SE 5 geni\u015f \u00e7e\u015fidli aksesuarlar\u0131 say\u0259sind\u0259 h\u0259m d\u0259 tamd\u0259y\u0259rli ya\u015f v\u0259 quru tozsoran kimi istifad\u0259 oluna bil\u0259n \u00e7oxfunksiyal\u0131 \"3-\u00fc 1-d\u0259\" cihazd\u0131r.<\/span><\/p>\n<div class=\"gWqWw rnc2Gd\"><\/div>\n<p><span class=\"rnc2Gd\" data-ast-node-id=\"3\">Dig\u0259r t\u0259chizat \u00f6z\u0259llikl\u0259ri: t\u0259miz v\u0259 \u00e7irkli su \u00fc\u00e7\u00fcn \u00e7\u0131xar\u0131la bil\u0259n ikiqat \u00e7\u0259n sistemi, rahat da\u015f\u0131ma \u00fc\u00e7\u00fcn erqonomik tutacaq v\u0259 aksesuarlar\u0131n g\u00f6vd\u0259 \u00fcz\u0259rind\u0259 praktik saxlan\u0131lmas\u0131. \u0130stifad\u0259 bitdikd\u0259n sonra cihaz asanl\u0131qla t\u0259mizl\u0259nir, bu da m\u0259hsulun uzun\u00f6m\u00fcrl\u00fc olmas\u0131n\u0131 t\u0259min edir.<\/span><\/p>\n<\/div>\n<\/div>\n<\/div>\n<\/div>","protected":false},"excerpt":{"rendered":"<p>SE 5 yuyucu tozsoran\u0131 xal\u00e7a v\u0259 d\u00f6\u015f\u0259m\u0259 kimi tekstil s\u0259thl\u0259rini lifl\u0259rin\u0259 q\u0259d\u0259r d\u0259rind\u0259n t\u0259mizl\u0259yir. Ail\u0259l\u0259r, allergiyas\u0131 olanlar v\u0259 ev heyvan\u0131 saxlayanlar \u00fc\u00e7\u00fcn ideal se\u00e7imdir.<\/p>","protected":false},"featured_media":16536,"comment_status":"open","ping_status":"closed","template":"","meta":[],"product_cat":[15,89,96],"product_tag":[],"class_list":{"0":"post-16535","1":"product","2":"type-product","3":"status-publish","4":"has-post-thumbnail","6":"product_cat-home-garden","7":"product_cat-pylesosy","8":"product_cat-moyushhie-pylesosy","10":"first","11":"instock","12":"shipping-taxable","13":"purchasable","14":"product-type-simple"},"_links":{"self":[{"href":"https:\/\/karchershop.az\/az\/wp-json\/wp\/v2\/product\/16535","targetHints":{"allow":["GET"]}}],"collection":[{"href":"https:\/\/karchershop.az\/az\/wp-json\/wp\/v2\/product"}],"about":[{"href":"https:\/\/karchershop.az\/az\/wp-json\/wp\/v2\/types\/product"}],"replies":[{"embeddable":true,"href":"https:\/\/karchershop.az\/az\/wp-json\/wp\/v2\/comments?post=16535"}],"wp:featuredmedia":[{"embeddable":true,"href":"https:\/\/karchershop.az\/az\/wp-json\/wp\/v2\/media\/16536"}],"wp:attachment":[{"href":"https:\/\/karchershop.az\/az\/wp-json\/wp\/v2\/media?parent=16535"}],"wp:term":[{"taxonomy":"product_cat","embeddable":true,"href":"https:\/\/karchershop.az\/az\/wp-json\/wp\/v2\/product_cat?post=16535"},{"taxonomy":"product_tag","embeddable":true,"href":"https:\/\/karchershop.az\/az\/wp-json\/wp\/v2\/product_tag?post=16535"}],"curies":[{"name":"wp","href":"https:\/\/api.w.org\/{rel}","templated":true}]}}