{"id":16728,"date":"2026-04-30T13:41:33","date_gmt":"2026-04-30T09:41:33","guid":{"rendered":"https:\/\/karchershop.az\/?post_type=product&#038;p=16728"},"modified":"2026-05-01T21:36:38","modified_gmt":"2026-05-01T17:36:38","slug":"k-6-comfort-premium-eu","status":"publish","type":"product","link":"https:\/\/karchershop.az\/az\/home-garden\/mojki-vysokogo-davleniya\/k-6-comfort-premium-eu","title":{"rendered":"K 6 Comfort Premium *EU"},"content":{"rendered":"<div id=\"description\" class=\"row\" data-anchor=\"\u041e\u043f\u0438\u0441\u0430\u043d\u0438\u0435\">\n<div class=\"col-sm-12\">\n<p>Aparat ev \u0259traf\u0131ndak\u0131 v\u0259 avtomobild\u0259ki inadkar \u00e7irkl\u0259ri asanl\u0131qla t\u0259mizl\u0259yir. Su il\u0259 soyudulan m\u00fch\u0259rrik y\u00fcks\u0259k m\u0259hsuldarl\u0131\u011f\u0131 v\u0259 uzun xidm\u0259t m\u00fcdd\u0259tini, \u015flanq baraban\u0131 is\u0259...\u00a0<span class=\"fix-spelling\">\u2026PremiumFlex<\/span>\u00a0\u2014 i\u015f rahatl\u0131\u011f\u0131n\u0131 t\u0259min edir. Erqonomik G 180 Q COMFORT!Hold\u2122 tapan\u00e7as\u0131 uzunm\u00fcdd\u0259tli istifad\u0259 zaman\u0131 g\u0259rginliyi azald\u0131r. Sistem\u00a0<span class=\"fix-spelling\">Quick Connect<\/span>\u00a0\u015flanq\u0131 s\u00fcr\u0259tli qo\u015fma\u011fa imkan verir. \"4-\u00fc 1-d\u0259\" ba\u015fl\u0131\u011f\u0131 h\u0259r hans\u0131 bir s\u0259th \u00fc\u00e7\u00fcn \u015f\u0131rnaq rejiminin se\u00e7ilm\u0259sini t\u0259min edir. 2Way!Wash\u2122 sistemi t\u0259mizl\u0259yici vasit\u0259nin rahat t\u0259tbiqin\u0259 \u015f\u0259rait yarad\u0131r. Aksesuarlar\u0131 g\u00f6vd\u0259 \u00fcz\u0259rind\u0259 saxlamaq m\u00fcmk\u00fcnd\u00fcr, teleskopik tutacaq v\u0259 t\u0259k\u0259rl\u0259r is\u0259 da\u015f\u0131nman\u0131 asanla\u015fd\u0131r\u0131r. K\u00e4rcher Home &amp; Garden t\u0259tbiqi faydal\u0131 m\u0259sl\u0259h\u0259tl\u0259r v\u0259 t\u00f6vsiy\u0259l\u0259r t\u0259qdim edir.<\/p>\n<\/div>\n<\/div>\n<div id=\"featurebenefits\" data-anchor=\"\u041e\u0441\u043e\u0431\u0435\u043d\u043d\u043e\u0441\u0442\u0438 \u0438 \u043f\u0440\u0435\u0438\u043c\u0443\u0449\u0435\u0441\u0442\u0432\u0430\"><\/div>","protected":false},"excerpt":{"rendered":"<section id=\"ribbon\">\n<div class=\"container\">\n<div class=\"row\">\n<div class=\"col-sm-12 col-lg-9\">\n<p>K 6 Comfort Premium y\u00fcks\u0259kt\u0259zyiqli yuma aparat\u0131, m\u0259hsuldarl\u0131\u011f\u0131 50 m\u00b2\/saat, \u015flanqla\u00a0<span class=\"fix-spelling\">\u2026PremiumFlex<\/span>, \u015flanq baraban\u0131 v\u0259 su il\u0259 soyudulan m\u00fch\u0259rriki il\u0259 g\u00fccl\u00fc \u00e7irkl\u0259rin t\u0259mizl\u0259nm\u0259si \u00fc\u00e7\u00fcn ideal se\u00e7imdir.<\/p>\n<\/div>\n<\/div>\n<\/div>\n<\/section>\n<div class=\"fg-products-details-stage\" data-kjs-app=\"products\/details\/stage\" data-kjs-entityid=\"9\">\n<div data-kjs-view=\"main\">\n<section class=\"container\">\n<div class=\"row fc-stage\">\n<div class=\"col-sm-7 col-md-8 fc-left\">\n<div class=\"fc-media\">\n<div class=\"fg-content-carousel fg-carousel-wrapper swiper swiper-initialized swiper-horizontal swiper-watch-progress\" data-kjs-app=\"content\/carousel\" data-kjs-entityid=\"18\">\n<div id=\"swiper-wrapper-70a34cddc2317e9e\" class=\"fc-carousel swiper-wrapper\" aria-live=\"polite\">\n<div class=\"fc-carousel-slide swiper-slide fc-visible swiper-slide-active fc-image-loaded\" role=\"group\" data-kjs-slide=\"0\" aria-label=\"1 \/ 11\" data-swiper-slide-index=\"0\">\n<div class=\"fg-wishlist-control\" data-kjs-app=\"wishlist\/control\" data-kjs-entityid=\"19\">\n<div data-kjs-view=\"controls\"><\/div>\n<\/div>\n<\/div>\n<\/div>\n<\/div>\n<\/div>\n<\/div>\n<\/div>\n<\/section>\n<\/div>\n<\/div>","protected":false},"featured_media":16729,"comment_status":"open","ping_status":"closed","template":"","meta":[],"product_cat":[15,20],"product_tag":[],"class_list":{"0":"post-16728","1":"product","2":"type-product","3":"status-publish","4":"has-post-thumbnail","6":"product_cat-home-garden","7":"product_cat-mojki-vysokogo-davleniya","9":"first","10":"instock","11":"sale","12":"shipping-taxable","13":"purchasable","14":"product-type-simple"},"_links":{"self":[{"href":"https:\/\/karchershop.az\/az\/wp-json\/wp\/v2\/product\/16728","targetHints":{"allow":["GET"]}}],"collection":[{"href":"https:\/\/karchershop.az\/az\/wp-json\/wp\/v2\/product"}],"about":[{"href":"https:\/\/karchershop.az\/az\/wp-json\/wp\/v2\/types\/product"}],"replies":[{"embeddable":true,"href":"https:\/\/karchershop.az\/az\/wp-json\/wp\/v2\/comments?post=16728"}],"wp:featuredmedia":[{"embeddable":true,"href":"https:\/\/karchershop.az\/az\/wp-json\/wp\/v2\/media\/16729"}],"wp:attachment":[{"href":"https:\/\/karchershop.az\/az\/wp-json\/wp\/v2\/media?parent=16728"}],"wp:term":[{"taxonomy":"product_cat","embeddable":true,"href":"https:\/\/karchershop.az\/az\/wp-json\/wp\/v2\/product_cat?post=16728"},{"taxonomy":"product_tag","embeddable":true,"href":"https:\/\/karchershop.az\/az\/wp-json\/wp\/v2\/product_tag?post=16728"}],"curies":[{"name":"wp","href":"https:\/\/api.w.org\/{rel}","templated":true}]}}