{"id":16745,"date":"2026-04-30T15:08:56","date_gmt":"2026-04-30T11:08:56","guid":{"rendered":"https:\/\/karchershop.az\/?post_type=product&#038;p=16745"},"modified":"2026-05-01T21:36:38","modified_gmt":"2026-05-01T17:36:38","slug":"sc-5-ef-iron-select-bath-edition","status":"publish","type":"product","link":"https:\/\/karchershop.az\/az\/home-garden\/paroochistiteli\/sc-5-ef-iron-select-bath-edition","title":{"rendered":"SC 5 EF Iron Select Bath Edition"},"content":{"rendered":"<div id=\"description\" class=\"row\" data-anchor=\"\u041e\u043f\u0438\u0441\u0430\u043d\u0438\u0435\">\n<div class=\"col-sm-12\">\n<p>SC 5\u00a0<span class=\"fix-spelling\">EasyFix<\/span>\u00a0Iron Select Bath Edition n\u0259inki m\u00f6ht\u0259\u015f\u0259m g\u00f6r\u00fcn\u00fcr, h\u0259m d\u0259 tam t\u0259mizl\u0259m\u0259 g\u00fcc\u00fc v\u0259d edir: 4,2 bar-l\u0131q \u00fcst\u00fcn buxar t\u0259zyiqi onu \u00f6z sinfinin \u0259n yax\u015f\u0131 buxarl\u0131 t\u0259mizl\u0259yicisi edir. D\u00f6rdpill\u0259li buxar t\u0259nziml\u0259nm\u0259si buxar ax\u0131n\u0131n\u0131 ehtiyaca uy\u011fun olaraq f\u0259rdil\u0259\u015fdirm\u0259y\u0259 imkan verir. K\u00e4rcher buxarl\u0131 t\u0259mizl\u0259yicisi il\u0259 apar\u0131lan h\u0259rt\u0259r\u0259fli t\u0259mizl\u0259m\u0259 evd\u0259ki tipik b\u0259rk s\u0259thl\u0259rd\u0259n viruslar\u0131n 99,999%\u00b9\u207e v\u0259 b\u00fct\u00fcn adi m\u0259i\u015f\u0259t bakteriyalar\u0131n\u0131n 99,99%\u00b9\u207e-ni yox edir. M\u00f6vcud aksesuarlar\u0131n geni\u015f \u00e7e\u015fidi say\u0259sind\u0259 o, hamar s\u0259thl\u0259ri, aspiratorlar\u0131, k\u00fcnc v\u0259 yar\u0131qlar\u0131 m\u00fck\u0259mm\u0259l t\u0259mizl\u0259y\u0259 bilir. D\u0259st\u0259 daxil olan x\u00fcsusi praktik buxarl\u0131 \u00fct\u00fc is\u0259 \u00fct\u00fcl\u0259m\u0259ni 50% s\u00fcr\u0259tl\u0259ndirir. funksiyas\u0131...\u00a0<span class=\"fix-spelling\">VapoHydro<\/span>\u00a0\u0259lav\u0259 olaraq qaynar su \u0259lav\u0259 etm\u0259y\u0259 imkan verir ki, bu da inadkar \u00e7irkl\u0259rin t\u0259mizl\u0259nm\u0259sini v\u0259 yuyulub apar\u0131lmas\u0131n\u0131 asanla\u015fd\u0131r\u0131r. \u00c7evik d\u00f6\u015f\u0259m\u0259 ba\u015fl\u0131\u011f\u0131\u00a0<span class=\"fix-spelling\">EasyFix<\/span>\u00a0effektiv lamelli texnologiyas\u0131 il\u0259 heyran edir. \"Veqro\" (tikanl\u0131 biti\u015fm\u0259) sistemi say\u0259sind\u0259 d\u00f6\u015f\u0259m\u0259 salfeti, \u00e7irkl\u0259 t\u0259mas etm\u0259y\u0259 ehtiyac qalmadan d\u00f6\u015f\u0259m\u0259 ba\u015fl\u0131\u011f\u0131na rahatl\u0131qla b\u0259rkidilir. Su \u00e7\u0259nini \u00e7\u0131xarmaq v\u0259 m\u00fct\u0259madi olaraq doldurmaq m\u00fcmk\u00fcnd\u00fcr. O, h\u0259m\u00e7inin inteqrasiya olunmu\u015f kabel saxlama b\u00f6lm\u0259si, aksesuarlar \u00fc\u00e7\u00fcn b\u00f6lm\u0259 v\u0259 d\u00f6\u015f\u0259m\u0259 ba\u015fl\u0131\u011f\u0131 \u00fc\u00e7\u00fcn parklama v\u0259ziyy\u0259ti il\u0259 t\u0259chiz edilmi\u015fdir.<\/p>\n<\/div>\n<\/div>\n<div id=\"featurebenefits\" data-anchor=\"\u041e\u0441\u043e\u0431\u0435\u043d\u043d\u043e\u0441\u0442\u0438 \u0438 \u043f\u0440\u0435\u0438\u043c\u0443\u0449\u0435\u0441\u0442\u0432\u0430\"><\/div>","protected":false},"excerpt":{"rendered":"<section id=\"ribbon\">\n<div class=\"container\">\n<div class=\"row\">\n<div class=\"col-sm-12 col-lg-9\">\n<p>\u041f\u0430\u0440\u043e\u043e\u0447\u0438\u0441\u0442\u0438\u0442\u0435\u043b\u044c SC 5\u00a0<span class=\"fix-spelling\">EasyFix<\/span>\u00a04,2 bar buxar t\u0259zyiqin\u0259 malik Iron Select Bath Edition d\u0259stin\u0259 buxarl\u0131 \u00fct\u00fc v\u0259 ... funksiyas\u0131 daxildir.\u00a0<span class=\"fix-spelling\">VapoHydro<\/span>, d\u00f6\u015f\u0259m\u0259 ba\u015fl\u0131\u011f\u0131 v\u0259 dig\u0259r aksesuarlar daxildir.<\/p>\n<\/div>\n<\/div>\n<\/div>\n<\/section>\n<div class=\"fg-products-details-stage\" data-kjs-app=\"products\/details\/stage\" data-kjs-entityid=\"9\">\n<div data-kjs-view=\"main\">\n<section class=\"container\">\n<div class=\"row fc-stage\">\n<div class=\"col-sm-7 col-md-8 fc-left\">\n<div class=\"fc-media\">\n<div class=\"fg-content-carousel fg-carousel-wrapper swiper swiper-initialized swiper-horizontal swiper-watch-progress\" data-kjs-app=\"content\/carousel\" data-kjs-entityid=\"17\">\n<div id=\"swiper-wrapper-ffe5f5844e3a0b11\" class=\"fc-carousel swiper-wrapper\" aria-live=\"polite\">\n<div class=\"fc-carousel-slide swiper-slide fc-visible swiper-slide-active fc-image-loaded\" role=\"group\" data-kjs-slide=\"0\" aria-label=\"1 \/ 14\" data-swiper-slide-index=\"0\">\n<div class=\"fg-wishlist-control\" data-kjs-app=\"wishlist\/control\" data-kjs-entityid=\"18\">\n<div data-kjs-view=\"controls\"><\/div>\n<\/div>\n<\/div>\n<\/div>\n<\/div>\n<\/div>\n<\/div>\n<\/div>\n<\/section>\n<\/div>\n<\/div>","protected":false},"featured_media":16746,"comment_status":"open","ping_status":"closed","template":"","meta":[],"product_cat":[15,184],"product_tag":[],"class_list":{"0":"post-16745","1":"product","2":"type-product","3":"status-publish","4":"has-post-thumbnail","6":"product_cat-home-garden","7":"product_cat-paroochistiteli","9":"first","10":"instock","11":"shipping-taxable","12":"purchasable","13":"product-type-simple"},"_links":{"self":[{"href":"https:\/\/karchershop.az\/az\/wp-json\/wp\/v2\/product\/16745","targetHints":{"allow":["GET"]}}],"collection":[{"href":"https:\/\/karchershop.az\/az\/wp-json\/wp\/v2\/product"}],"about":[{"href":"https:\/\/karchershop.az\/az\/wp-json\/wp\/v2\/types\/product"}],"replies":[{"embeddable":true,"href":"https:\/\/karchershop.az\/az\/wp-json\/wp\/v2\/comments?post=16745"}],"wp:featuredmedia":[{"embeddable":true,"href":"https:\/\/karchershop.az\/az\/wp-json\/wp\/v2\/media\/16746"}],"wp:attachment":[{"href":"https:\/\/karchershop.az\/az\/wp-json\/wp\/v2\/media?parent=16745"}],"wp:term":[{"taxonomy":"product_cat","embeddable":true,"href":"https:\/\/karchershop.az\/az\/wp-json\/wp\/v2\/product_cat?post=16745"},{"taxonomy":"product_tag","embeddable":true,"href":"https:\/\/karchershop.az\/az\/wp-json\/wp\/v2\/product_tag?post=16745"}],"curies":[{"name":"wp","href":"https:\/\/api.w.org\/{rel}","templated":true}]}}