{"id":16770,"date":"2026-04-30T15:54:45","date_gmt":"2026-04-30T11:54:45","guid":{"rendered":"https:\/\/karchershop.az\/?post_type=product&#038;p=16770"},"modified":"2026-05-01T21:36:38","modified_gmt":"2026-05-01T17:36:38","slug":"wd-6-p-s-v-30-6-22-t-car-pet","status":"publish","type":"product","link":"https:\/\/karchershop.az\/az\/home-garden\/hozyajstvennye-pylesosy\/hozyajstvenny-pylesos\/wd-6-p-s-v-30-6-22-t-car-pet","title":{"rendered":"WD 6 P S V-30\/6\/22\/T Car &#038; Pet"},"content":{"rendered":"<div id=\"description\" class=\"row\" data-anchor=\"\u041e\u043f\u0438\u0441\u0430\u043d\u0438\u0435\">\n<div class=\"col-sm-12\">\n<p>Super g\u00fccl\u00fc v\u0259 eyni zamanda enerji s\u0259m\u0259r\u0259li, c\u0259mi 1300 Vt nominal enerji istehlak\u0131 il\u0259: WD 6 P S V-30\/6\/22\/T Car &amp; Pet n\u0259m v\u0259 quru t\u0259mizl\u0259m\u0259 tozsoran\u0131 mayel\u0259rin rahat bo\u015fald\u0131lmas\u0131 \u00fc\u00e7\u00fcn haz\u0131rlanm\u0131\u015f 30 litrlik paslanmaz polad konteynerl\u0259 t\u0259chiz edilmi\u015fdir. Avtomatik a\u00e7ar\u0131 olan daxili rozetka elektrik al\u0259tl\u0259rini qo\u015fma\u011fa imkan verir. Sovurma g\u00fcc\u00fcn\u00fc ehtiyaca uy\u011fun t\u0259nziml\u0259m\u0259k \u00fc\u00e7\u00fcn f\u0131rlanan ke\u00e7iricid\u0259n istifad\u0259 etm\u0259k olar. Yast\u0131 qatlanan filtri \u00e7irkl\u0259 t\u0259masda olmadan, sad\u0259c\u0259 filtr b\u00f6lm\u0259sini a\u00e7araq \u00e7\u0131xarmaq m\u00fcmk\u00fcnd\u00fcr. \u00dcst\u0259lik, filtr t\u0259mizl\u0259m\u0259 d\u00fcym\u0259sini s\u0131xmaqla filtri effektiv \u015f\u0259kild\u0259 t\u0259mizl\u0259m\u0259k v\u0259 bel\u0259likl\u0259, tam sovurma g\u00fcc\u00fcn\u00fc b\u0259rpa etm\u0259k olar. Elektrostatik qorumal\u0131 \u00e7\u0131xar\u0131la bil\u0259n tutacaq, aksesuarlar\u0131 birba\u015fa sovurma \u015flanq\u0131na qo\u015fma\u011fa imkan verir. Avtomobil salonunun t\u0259mizl\u0259nm\u0259si \u00fc\u00e7\u00fcn d\u0259st\u0259 a\u015fa\u011f\u0131dak\u0131 aksesuarlar daxildir: avtomobil ba\u015fl\u0131\u011f\u0131, \u00e7oxuzun yar\u0131ql\u0131 ba\u015fl\u0131q, yum\u015faq v\u0259 s\u0259rt t\u00fckl\u00fc sovurma f\u0131r\u00e7alar\u0131, h\u0259m\u00e7inin tekstil s\u0259thl\u0259rd\u0259n ev heyvanlar\u0131n\u0131n t\u00fckl\u0259rini etibarl\u0131 \u015f\u0259kild\u0259 y\u0131\u011fmaq \u00fc\u00e7\u00fcn \u00fczl\u00fck ba\u015fl\u0131\u011f\u0131. \u018flav\u0259 \u00fcst\u00fcnl\u00fckl\u0259r\u0259 sovurma \u015flanq\u0131n\u0131n cihaz\u0131n ba\u015fl\u0131\u011f\u0131n\u0131n h\u0259r iki t\u0259r\u0259find\u0259n as\u0131laraq y\u0131\u011fcam saxlan\u0131lmas\u0131, h\u0259m\u00e7inin d\u00f6\u015f\u0259m\u0259 ba\u015fl\u0131\u011f\u0131 \u00fc\u00e7\u00fcn parklama v\u0259ziyy\u0259ti daxildir.<\/p>\n<\/div>\n<\/div>\n<div id=\"featurebenefits\" data-anchor=\"\u041e\u0441\u043e\u0431\u0435\u043d\u043d\u043e\u0441\u0442\u0438 \u0438 \u043f\u0440\u0435\u0438\u043c\u0443\u0449\u0435\u0441\u0442\u0432\u0430\"><\/div>","protected":false},"excerpt":{"rendered":"<section id=\"ribbon\">\n<div class=\"container\">\n<div class=\"row\">\n<div class=\"col-sm-12 col-lg-9\">\n<p>WD 6 P S V-30\/6\/22\/T Car &amp; Pet cihaz\u0131 super g\u00fccl\u00fc sovurma qabiliyy\u0259tini v\u0259 enerji s\u0259m\u0259r\u0259liliyini \u00f6z\u00fcnd\u0259 birl\u0259\u015fdirir. O, 30 litrlik paslanmaz polad konteyner, h\u0259m\u00e7inin avtomobil salonunun t\u0259mizl\u0259nm\u0259si v\u0259 heyvan t\u00fckl\u0259rinin y\u0131\u011f\u0131lmas\u0131 \u00fc\u00e7\u00fcn aksesuarlarla t\u0259chiz olunub.<\/p>\n<\/div>\n<\/div>\n<\/div>\n<\/section>\n<div class=\"fg-products-details-stage\" data-kjs-app=\"products\/details\/stage\" data-kjs-entityid=\"9\">\n<div data-kjs-view=\"main\">\n<section class=\"container\">\n<div class=\"row fc-stage\">\n<div class=\"col-sm-7 col-md-8 fc-left\">\n<div class=\"fc-media\">\n<div class=\"fg-content-carousel fg-carousel-wrapper swiper swiper-initialized swiper-horizontal swiper-watch-progress swiper-backface-hidden\" data-kjs-app=\"content\/carousel\" data-kjs-entityid=\"17\">\n<div id=\"swiper-wrapper-c0f56ea43f3f7947\" class=\"fc-carousel swiper-wrapper\" aria-live=\"polite\">\n<div class=\"fc-carousel-slide swiper-slide fc-visible swiper-slide-active fc-image-loaded\" role=\"group\" data-kjs-slide=\"0\" aria-label=\"1 \/ 7\" data-swiper-slide-index=\"0\">\n<div class=\"fg-wishlist-control\" data-kjs-app=\"wishlist\/control\" data-kjs-entityid=\"18\">\n<div data-kjs-view=\"controls\"><\/div>\n<\/div>\n<\/div>\n<\/div>\n<\/div>\n<\/div>\n<\/div>\n<\/div>\n<\/section>\n<\/div>\n<\/div>","protected":false},"featured_media":16785,"comment_status":"open","ping_status":"closed","template":"","meta":[],"product_cat":[15,553,90],"product_tag":[],"class_list":{"0":"post-16770","1":"product","2":"type-product","3":"status-publish","4":"has-post-thumbnail","6":"product_cat-home-garden","7":"product_cat-hozyajstvennye-pylesosy","8":"product_cat-hozyajstvenny-pylesos","10":"first","11":"instock","12":"shipping-taxable","13":"purchasable","14":"product-type-simple"},"_links":{"self":[{"href":"https:\/\/karchershop.az\/az\/wp-json\/wp\/v2\/product\/16770","targetHints":{"allow":["GET"]}}],"collection":[{"href":"https:\/\/karchershop.az\/az\/wp-json\/wp\/v2\/product"}],"about":[{"href":"https:\/\/karchershop.az\/az\/wp-json\/wp\/v2\/types\/product"}],"replies":[{"embeddable":true,"href":"https:\/\/karchershop.az\/az\/wp-json\/wp\/v2\/comments?post=16770"}],"wp:featuredmedia":[{"embeddable":true,"href":"https:\/\/karchershop.az\/az\/wp-json\/wp\/v2\/media\/16785"}],"wp:attachment":[{"href":"https:\/\/karchershop.az\/az\/wp-json\/wp\/v2\/media?parent=16770"}],"wp:term":[{"taxonomy":"product_cat","embeddable":true,"href":"https:\/\/karchershop.az\/az\/wp-json\/wp\/v2\/product_cat?post=16770"},{"taxonomy":"product_tag","embeddable":true,"href":"https:\/\/karchershop.az\/az\/wp-json\/wp\/v2\/product_tag?post=16770"}],"curies":[{"name":"wp","href":"https:\/\/api.w.org\/{rel}","templated":true}]}}