{"id":16799,"date":"2026-04-30T16:40:46","date_gmt":"2026-04-30T12:40:46","guid":{"rendered":"https:\/\/karchershop.az\/?post_type=product&#038;p=16799"},"modified":"2026-05-01T21:36:39","modified_gmt":"2026-05-01T17:36:39","slug":"nt-22-1-ap-l-go-further","status":"publish","type":"product","link":"https:\/\/karchershop.az\/az\/professional\/pylesosy-professional\/pylesosy-dlya-uboki-prolivov-suhogo-i-vlazhngo-musora\/nt-22-1-ap-l-go-further","title":{"rendered":"NT 22\/1 Ap L Go!Further"},"content":{"rendered":"<div id=\"description\" class=\"row\" data-anchor=\"\u041e\u043f\u0438\u0441\u0430\u043d\u0438\u0435\">\n<div class=\"col-sm-12\">\n<p>NT 22\/1 Ap L Go!Further \u2014 n\u0259m v\u0259 quru t\u0259mizl\u0259m\u0259 \u00fc\u00e7\u00fcn n\u0259z\u0259rd\u0259 tutulmu\u015f, 50% t\u0259krar emal edilmi\u015f plastikd\u0259n haz\u0131rlanm\u0131\u015f, qara r\u0259ngli limitli burax\u0131l\u0131\u015f tozsorand\u0131r v\u0259 10 \u0259d\u0259d flis filtr-torba il\u0259 t\u0259qdim olunur. Y\u0131\u011fcam, g\u00fccl\u00fc, etibarl\u0131, universal v\u0259 dem\u0259k olar ki, \u00e7\u0259kisiz olan bu cihaz m\u00fcxt\u0259lif kommersiya sah\u0259l\u0259rind\u0259 y\u00fcng\u00fcl v\u0259 orta \u00e7\u0259tinlikli t\u0259mizlik i\u015fl\u0259ri \u00fc\u00e7\u00fcn ideal h\u0259lldir. Toz, iri zibill\u0259r v\u0259 mayel\u0259r, n\u0259m\u0259 davaml\u0131 PES kartric filtri v\u0259 yar\u0131mavtomat filtr t\u0259mizl\u0259m\u0259 sistemi say\u0259sind\u0259 asanl\u0131qla t\u0259mizl\u0259nir. Sovurma \u015flanq\u0131n\u0131n ba\u011flant\u0131s\u0131 birba\u015fa cihaz\u0131n ba\u015fl\u0131q hiss\u0259sin\u0259 inteqrasiya edildiyi \u00fc\u00e7\u00fcn konteynerin h\u0259cmind\u0259n maksimum s\u0259m\u0259r\u0259li istifad\u0259 olunur. Y\u0131\u011fcam \u00f6l\u00e7\u00fcl\u0259ri v\u0259 az \u00e7\u0259kisi say\u0259sind\u0259 tozsoran\u0131 da\u015f\u0131maq rahatd\u0131r, idar\u0259etm\u0259si is\u0259 sad\u0259 v\u0259 intuitivdir.<\/p>\n<\/div>\n<\/div>\n<div id=\"featurebenefits\" data-anchor=\"\u041e\u0441\u043e\u0431\u0435\u043d\u043d\u043e\u0441\u0442\u0438 \u0438 \u043f\u0440\u0435\u0438\u043c\u0443\u0449\u0435\u0441\u0442\u0432\u0430\"><\/div>","protected":false},"excerpt":{"rendered":"<section id=\"ribbon\">\n<div class=\"container\">\n<div class=\"row\">\n<div class=\"col-sm-12 col-lg-9\">\n<p>NT 22\/1 Ap L Go!Further \u2014 n\u0259m v\u0259 quru t\u0259mizl\u0259m\u0259 \u00fc\u00e7\u00fcn n\u0259z\u0259rd\u0259 tutulmu\u015f, 50% t\u0259krar emal edilmi\u015f plastikd\u0259n haz\u0131rlanm\u0131\u015f, qara r\u0259ngli limitli burax\u0131l\u0131\u015f tozsorand\u0131r v\u0259 ekskl\u00fcziv aksesuarlarla \u2014 10 \u0259d\u0259d flis filtr-torba il\u0259 birlikd\u0259 t\u0259qdim olunur.<\/p>\n<\/div>\n<\/div>\n<\/div>\n<\/section>\n<div class=\"fg-products-details-stage\" data-kjs-app=\"products\/details\/stage\" data-kjs-entityid=\"9\">\n<div data-kjs-view=\"main\">\n<section class=\"container\">\n<div class=\"row fc-stage\">\n<div class=\"col-sm-7 col-md-8 fc-left\">\n<div class=\"fc-media\">\n<div class=\"fg-content-carousel fg-carousel-wrapper swiper swiper-initialized swiper-horizontal swiper-watch-progress swiper-backface-hidden\" data-kjs-app=\"content\/carousel\" data-kjs-entityid=\"16\">\n<div id=\"swiper-wrapper-be4f5aa1f3103b4f8\" class=\"fc-carousel swiper-wrapper\" aria-live=\"polite\">\n<div class=\"fc-carousel-slide swiper-slide fc-visible swiper-slide-active fc-image-loaded\" role=\"group\" data-kjs-slide=\"0\" aria-label=\"1 \/ 4\" data-swiper-slide-index=\"0\">\n<div class=\"fg-wishlist-control\" data-kjs-app=\"wishlist\/control\" data-kjs-entityid=\"17\">\n<div data-kjs-view=\"controls\"><\/div>\n<\/div>\n<\/div>\n<\/div>\n<\/div>\n<\/div>\n<\/div>\n<\/div>\n<\/section>\n<\/div>\n<\/div>","protected":false},"featured_media":16814,"comment_status":"open","ping_status":"closed","template":"","meta":[],"product_cat":[19,271,276],"product_tag":[],"class_list":{"0":"post-16799","1":"product","2":"type-product","3":"status-publish","4":"has-post-thumbnail","6":"product_cat-professional","7":"product_cat-pylesosy-professional","8":"product_cat-pylesosy-dlya-uboki-prolivov-suhogo-i-vlazhngo-musora","10":"first","11":"instock","12":"shipping-taxable","13":"purchasable","14":"product-type-simple"},"_links":{"self":[{"href":"https:\/\/karchershop.az\/az\/wp-json\/wp\/v2\/product\/16799","targetHints":{"allow":["GET"]}}],"collection":[{"href":"https:\/\/karchershop.az\/az\/wp-json\/wp\/v2\/product"}],"about":[{"href":"https:\/\/karchershop.az\/az\/wp-json\/wp\/v2\/types\/product"}],"replies":[{"embeddable":true,"href":"https:\/\/karchershop.az\/az\/wp-json\/wp\/v2\/comments?post=16799"}],"wp:featuredmedia":[{"embeddable":true,"href":"https:\/\/karchershop.az\/az\/wp-json\/wp\/v2\/media\/16814"}],"wp:attachment":[{"href":"https:\/\/karchershop.az\/az\/wp-json\/wp\/v2\/media?parent=16799"}],"wp:term":[{"taxonomy":"product_cat","embeddable":true,"href":"https:\/\/karchershop.az\/az\/wp-json\/wp\/v2\/product_cat?post=16799"},{"taxonomy":"product_tag","embeddable":true,"href":"https:\/\/karchershop.az\/az\/wp-json\/wp\/v2\/product_tag?post=16799"}],"curies":[{"name":"wp","href":"https:\/\/api.w.org\/{rel}","templated":true}]}}