{"id":16896,"date":"2026-05-05T13:21:07","date_gmt":"2026-05-05T09:21:07","guid":{"rendered":"https:\/\/karchershop.az\/?post_type=product&#038;p=16896"},"modified":"2026-05-05T13:27:51","modified_gmt":"2026-05-05T09:27:51","slug":"fj-3-penogenerator","status":"publish","type":"product","link":"https:\/\/karchershop.az\/az\/home-garden\/aksessuary\/aksessuary-dlya-minimoek\/fj-3-penogenerator","title":{"rendered":"FJ 3 k\u00f6p\u00fck generatoru"},"content":{"rendered":"<div id=\"description\" class=\"row\" data-anchor=\"Description\">\n<div class=\"col-sm-12\">\n<p><span dir=\"auto\">X\u00fcsusi g\u00fccl\u00fc k\u00f6p\u00fcy\u0259 malik FJ 3 y\u00fcks\u0259k t\u0259zyiqli yuma ba\u015fl\u0131\u011f\u0131 boya-lak \u00f6rt\u00fcy\u00fc, \u015f\u00fc\u015f\u0259 v\u0259 ya da\u015f kimi ist\u0259nil\u0259n s\u0259thin asanl\u0131qla t\u0259mizl\u0259nm\u0259sini t\u0259min edir. Avtomobill\u0259r, q\u0131\u015f ba\u011f\u00e7alar\u0131, ba\u011f mebell\u0259ri, fasadlar, pill\u0259k\u0259nl\u0259r, karavanlar, c\u0131\u011f\u0131rlar, divarlar, jaly\u00fczl\u0259r, patio, giri\u015f yollar\u0131 v\u0259 s. \u00fc\u00e7\u00fcn ideal se\u00e7imdir. Konteynerin h\u0259cmi 0,3 litr t\u0259\u015fkil edir. K\u00e4rcher t\u0259mizl\u0259yici vasit\u0259sini birba\u015fa ba\u015fl\u0131\u011f\u0131n i\u00e7\u0259risin\u0259 t\u00f6k\u00fcn, ba\u015fl\u0131\u011f\u0131 p\u00fcsk\u00fcrtm\u0259 tapan\u00e7as\u0131na birl\u0259\u015fdirin v\u0259 k\u00f6p\u00fcy\u00fc t\u0259tbiq edin. \u015e\u0131rna\u011f\u0131n s\u0259viyy\u0259sini ehtiyaca uy\u011fun t\u0259nziml\u0259m\u0259k m\u00fcmk\u00fcnd\u00fcr. \u0130stifad\u0259 etdikd\u0259n sonra t\u0259mizl\u0259yici vasit\u0259 qal\u0131qlar\u0131n\u0131n t\u0131xanma yaratmamas\u0131 \u00fc\u00e7\u00fcn ba\u015fl\u0131\u011f\u0131 t\u0259miz su il\u0259 yuyun. K 2\u2013K 7 sinfin\u0259 aid b\u00fct\u00fcn K\u00e4rcher y\u00fcks\u0259k t\u0259zyiqli yuma aparatlar\u0131 \u00fc\u00e7\u00fcn uy\u011fundur. K\u00e4rcher Ultra Foam Cleaner k\u00f6p\u00fckl\u00fc t\u0259mizl\u0259yicisi il\u0259 m\u00fck\u0259mm\u0259l n\u0259tic\u0259 verir.<\/span><\/p>\n<\/div>\n<\/div>\n<div id=\"featurebenefits\" data-anchor=\"Features and benefits\"><\/div>","protected":false},"excerpt":{"rendered":"<section id=\"ribbon\">\n<div class=\"container\">\n<div class=\"row\">\n<div class=\"col-sm-12 col-lg-9\">\n<p><span dir=\"auto\">G\u00fccl\u00fc k\u00f6p\u00fckl\u0259 t\u0259mizl\u0259m\u0259 \u00fc\u00e7\u00fcn FJ 3 k\u00f6p\u00fck generatoru (m\u0259s\u0259l\u0259n, Ultra Foam Cleaner vasit\u0259sinin k\u00f6m\u0259yi il\u0259). Avtomobill\u0259r, motosikletl\u0259r v\u0259 s., h\u0259m\u00e7inin t\u0259mizl\u0259yici vasit\u0259l\u0259rin da\u015f, taxta v\u0259 fasad s\u0259thl\u0259rin\u0259 \u00e7\u0259kilm\u0259si \u00fc\u00e7\u00fcn uy\u011fundur.<\/span><\/p>\n<\/div>\n<\/div>\n<\/div>\n<\/section>\n<div class=\"fg-products-details-stage\" data-kjs-app=\"products\/details\/stage\" data-kjs-entityid=\"9\">\n<div data-kjs-view=\"main\">\n<section class=\"container\">\n<div class=\"row fc-stage\">\n<div class=\"col-sm-7 col-md-8 fc-left\">\n<div class=\"fc-media\">\n<div class=\"fg-content-carousel fg-carousel-wrapper swiper swiper-initialized swiper-horizontal swiper-watch-progress swiper-backface-hidden\" data-kjs-app=\"content\/carousel\" data-kjs-entityid=\"16\">\n<div id=\"swiper-wrapper-b6579da9a3feaf4a\" class=\"fc-carousel swiper-wrapper\" aria-live=\"polite\">\n<div class=\"fc-carousel-slide swiper-slide fc-visible swiper-slide-active fc-image-loaded\" role=\"group\" data-kjs-slide=\"0\" aria-label=\"1 \/ 2\" data-swiper-slide-index=\"0\">\n<div class=\"fg-wishlist-control\" data-kjs-app=\"wishlist\/control\" data-kjs-entityid=\"17\">\n<div data-kjs-view=\"controls\"><\/div>\n<\/div>\n<div data-kjs-app=\"content\/lightbox\" data-kjs-entityid=\"18\"><\/div>\n<\/div>\n<\/div>\n<\/div>\n<\/div>\n<\/div>\n<\/div>\n<\/section>\n<\/div>\n<\/div>","protected":false},"featured_media":16898,"comment_status":"open","ping_status":"closed","template":"","meta":[],"product_cat":[15,567,71],"product_tag":[],"class_list":{"0":"post-16896","1":"product","2":"type-product","3":"status-publish","4":"has-post-thumbnail","6":"product_cat-home-garden","7":"product_cat-aksessuary","8":"product_cat-aksessuary-dlya-minimoek","10":"first","11":"instock","12":"shipping-taxable","13":"purchasable","14":"product-type-simple"},"_links":{"self":[{"href":"https:\/\/karchershop.az\/az\/wp-json\/wp\/v2\/product\/16896","targetHints":{"allow":["GET"]}}],"collection":[{"href":"https:\/\/karchershop.az\/az\/wp-json\/wp\/v2\/product"}],"about":[{"href":"https:\/\/karchershop.az\/az\/wp-json\/wp\/v2\/types\/product"}],"replies":[{"embeddable":true,"href":"https:\/\/karchershop.az\/az\/wp-json\/wp\/v2\/comments?post=16896"}],"wp:featuredmedia":[{"embeddable":true,"href":"https:\/\/karchershop.az\/az\/wp-json\/wp\/v2\/media\/16898"}],"wp:attachment":[{"href":"https:\/\/karchershop.az\/az\/wp-json\/wp\/v2\/media?parent=16896"}],"wp:term":[{"taxonomy":"product_cat","embeddable":true,"href":"https:\/\/karchershop.az\/az\/wp-json\/wp\/v2\/product_cat?post=16896"},{"taxonomy":"product_tag","embeddable":true,"href":"https:\/\/karchershop.az\/az\/wp-json\/wp\/v2\/product_tag?post=16896"}],"curies":[{"name":"wp","href":"https:\/\/api.w.org\/{rel}","templated":true}]}}