{"id":16904,"date":"2026-05-05T13:48:09","date_gmt":"2026-05-05T09:48:09","guid":{"rendered":"https:\/\/karchershop.az\/?post_type=product&#038;p=16904"},"modified":"2026-05-05T13:49:53","modified_gmt":"2026-05-05T09:49:53","slug":"nasadka-dlya-pennoj-chistki-connect-n-clean-fj-10-c-ultra-foam-cleaner-3-v-1","status":"publish","type":"product","link":"https:\/\/karchershop.az\/az\/home-garden\/aksessuary\/aksessuary-dlya-minimoek\/nasadka-dlya-pennoj-chistki-connect-n-clean-fj-10-c-ultra-foam-cleaner-3-v-1","title":{"rendered":"Connect \u2019n\u2019 Clean FJ 10 C k\u00f6p\u00fck t\u0259mizl\u0259m\u0259 ba\u015fl\u0131\u011f\u0131 + Ultra Foam Cleaner \u00ab3-\u00fc 1-d\u0259\u00bb"},"content":{"rendered":"<div id=\"description\" class=\"row\" data-anchor=\"\u041e\u043f\u0438\u0441\u0430\u043d\u0438\u0435\">\n<div class=\"col-sm-12\">\n<p>K\u00e4rcher FJ 10 k\u00f6p\u00fck t\u0259mizl\u0259m\u0259 ba\u015fl\u0131\u011f\u0131 aktiv k\u00f6p\u00fckl\u0259 d\u0259st \u015f\u0259klind\u0259. Bu ba\u015fl\u0131q say\u0259sind\u0259 m\u00fcxt\u0259lif t\u0259mizl\u0259yici vasit\u0259l\u0259rin istifad\u0259sini n\u00f6vb\u0259li \u015f\u0259kild\u0259 h\u0259yata ke\u00e7irm\u0259k m\u00fcmk\u00fcnd\u00fcr.<\/p>\n<\/div>\n<\/div>\n<div id=\"featurebenefits\" data-anchor=\"\u041e\u0441\u043e\u0431\u0435\u043d\u043d\u043e\u0441\u0442\u0438 \u0438 \u043f\u0440\u0435\u0438\u043c\u0443\u0449\u0435\u0441\u0442\u0432\u0430\"><\/div>","protected":false},"excerpt":{"rendered":"<section id=\"ribbon\">\n<div class=\"container\">\n<div class=\"row\">\n<div class=\"col-sm-12 col-lg-9\">\n<p>Avtomobilin t\u0259mass\u0131z yuyulmas\u0131 \u00fc\u00e7\u00fcn k\u00f6p\u00fck yaradan t\u0259mizl\u0259yici vasit\u0259l\u0259rin \u00e7\u0259kilm\u0259si \u00fc\u00e7\u00fcn ba\u015fl\u0131q, Ultra Foam Cleaner (1 l) il\u0259 d\u0259st \u015f\u0259klind\u0259.<\/p>\n<\/div>\n<\/div>\n<\/div>\n<\/section>\n<div class=\"fg-products-details-stage\" data-kjs-app=\"products\/details\/stage\" data-kjs-entityid=\"9\">\n<div data-kjs-view=\"main\">\n<section class=\"container\">\n<div class=\"row fc-stage\">\n<div class=\"col-sm-7 col-md-8 fc-left\">\n<div class=\"fc-media\">\n<div class=\"fg-content-carousel fg-carousel-wrapper swiper swiper-initialized swiper-horizontal swiper-watch-progress swiper-backface-hidden\" data-kjs-app=\"content\/carousel\" data-kjs-entityid=\"16\">\n<div id=\"swiper-wrapper-5ab7e39c7374060a\" class=\"fc-carousel swiper-wrapper\" aria-live=\"polite\">\n<div class=\"fc-carousel-slide swiper-slide fc-visible swiper-slide-active fc-image-loaded\" role=\"group\" data-kjs-slide=\"0\" aria-label=\"1 \/ 3\" data-swiper-slide-index=\"0\">\n<div class=\"fg-wishlist-control\" data-kjs-app=\"wishlist\/control\" data-kjs-entityid=\"17\">\n<div data-kjs-view=\"controls\"><\/div>\n<\/div>\n<div data-kjs-app=\"content\/lightbox\" data-kjs-entityid=\"18\"><\/div>\n<\/div>\n<\/div>\n<\/div>\n<\/div>\n<\/div>\n<\/div>\n<\/section>\n<\/div>\n<\/div>","protected":false},"featured_media":16907,"comment_status":"open","ping_status":"closed","template":"","meta":[],"product_cat":[15,71],"product_tag":[],"class_list":{"0":"post-16904","1":"product","2":"type-product","3":"status-publish","4":"has-post-thumbnail","6":"product_cat-home-garden","7":"product_cat-aksessuary-dlya-minimoek","9":"first","10":"instock","11":"shipping-taxable","12":"purchasable","13":"product-type-simple"},"_links":{"self":[{"href":"https:\/\/karchershop.az\/az\/wp-json\/wp\/v2\/product\/16904","targetHints":{"allow":["GET"]}}],"collection":[{"href":"https:\/\/karchershop.az\/az\/wp-json\/wp\/v2\/product"}],"about":[{"href":"https:\/\/karchershop.az\/az\/wp-json\/wp\/v2\/types\/product"}],"replies":[{"embeddable":true,"href":"https:\/\/karchershop.az\/az\/wp-json\/wp\/v2\/comments?post=16904"}],"wp:featuredmedia":[{"embeddable":true,"href":"https:\/\/karchershop.az\/az\/wp-json\/wp\/v2\/media\/16907"}],"wp:attachment":[{"href":"https:\/\/karchershop.az\/az\/wp-json\/wp\/v2\/media?parent=16904"}],"wp:term":[{"taxonomy":"product_cat","embeddable":true,"href":"https:\/\/karchershop.az\/az\/wp-json\/wp\/v2\/product_cat?post=16904"},{"taxonomy":"product_tag","embeddable":true,"href":"https:\/\/karchershop.az\/az\/wp-json\/wp\/v2\/product_tag?post=16904"}],"curies":[{"name":"wp","href":"https:\/\/api.w.org\/{rel}","templated":true}]}}