{"id":16909,"date":"2026-05-05T15:32:44","date_gmt":"2026-05-05T11:32:44","guid":{"rendered":"https:\/\/karchershop.az\/?post_type=product&#038;p=16909"},"modified":"2026-05-06T16:20:36","modified_gmt":"2026-05-06T12:20:36","slug":"wd-3-ps-v-17-4-20-dlya-masterskoj","status":"publish","type":"product","link":"https:\/\/karchershop.az\/az\/home-garden\/hozyajstvennye-pylesosy\/wd-3-ps-v-17-4-20-dlya-masterskoj","title":{"rendered":"WD 3 PS V-17\/4\/20"},"content":{"rendered":"<div id=\"description\" class=\"row\" data-anchor=\"Description\">\n<div class=\"col-sm-12\">\n<p><span dir=\"auto\">M\u00f6hk\u0259m 17 litrlik paslanmaz polad konteynerl\u0259 t\u0259chiz edilmi\u015f WD 3 PS V-17\/4\/20 Workshop n\u0259m v\u0259 quru t\u0259mizl\u0259m\u0259 tozsovuran\u0131 \u00fcst\u00fcn sovurma g\u00fcc\u00fc t\u0259min edir, enerji s\u0259m\u0259r\u0259liliyi v\u0259 y\u0131\u011fcaml\u0131\u011f\u0131 il\u0259 se\u00e7ilir \u2013 v\u0259 b\u00fct\u00fcn bunlar c\u0259mi 1000 Vt nominal enerji istehlak\u0131 il\u0259 ba\u015f verir. Ev emalatxanalar\u0131 \u00fc\u00e7\u00fcn n\u0259z\u0259rd\u0259 tutulmu\u015f bu x\u00fcsusi tozsovuran 2 metrlik sovurma \u015flanq\u0131, 4 metrlik kabel, 2 plastik boru, dar ucluq (\u015felivaya nasadka), al\u0259tl\u0259r \u00fc\u00e7\u00fcn nazik \u015flanq, al\u0259t adapteri v\u0259 yum\u015faq t\u00fckl\u00fc f\u0131r\u00e7as\u0131 il\u0259 diqq\u0259t \u00e7\u0259kir. Dig\u0259r bir praktiki x\u00fcsusiyy\u0259t is\u0259 elektrik al\u0259tl\u0259rini birba\u015fa tozsovurana qo\u015fma\u011fa imkan ver\u0259n daxili rozetkad\u0131r. Bu zaman tozsovuran qo\u015fulmu\u015f elektrik al\u0259ti vasit\u0259sil\u0259 avtomatik i\u015f\u0259 d\u00fc\u015f\u00fcr v\u0259 s\u00f6n\u00fcr. Cihaz h\u0259m\u00e7inin t\u0259kpar\u00e7al\u0131 kartric filtri, flis filtr-torbas\u0131 v\u0259 d\u00f6\u015f\u0259m\u0259nin s\u00fcr\u0259tli v\u0259 d\u0259rind\u0259n t\u0259mizl\u0259nm\u0259si \u00fc\u00e7\u00fcn Clips ba\u015fl\u0131\u011f\u0131 il\u0259 t\u0259chiz olunub. Bu, h\u0259m x\u0131rda, h\u0259m d\u0259 iri \u00e7irkl\u0259ri an\u0131nda t\u0259mizl\u0259m\u0259y\u0259 imkan verir. Daha h\u0259ssas s\u0259thl\u0259r d\u0259 f\u0131r\u00e7a vasit\u0259sil\u0259 asanl\u0131qla t\u0259mizl\u0259nir. \u00c7\u0131xar\u0131la bil\u0259n tutacaq uclu\u011fu birba\u015fa sovurma \u015flanq\u0131na b\u0259rkitm\u0259y\u0259 imkan verir ki, bu da m\u0259hdud m\u0259kanlarda i\u015fi asanla\u015fd\u0131r\u0131r. Tozsovurma m\u00fcmk\u00fcn olmayan hallarda is\u0259 \u00e7irkl\u0259ri t\u0259mizl\u0259m\u0259k \u00fc\u00e7\u00fcn \u0259lveri\u015fli hava \u00fcf\u00fcrm\u0259 funksiyas\u0131ndan istifad\u0259 edil\u0259 bil\u0259r.<\/span><\/p>\n<\/div>\n<\/div>\n<div id=\"featurebenefits\" data-anchor=\"Features and benefits\"><\/div>","protected":false},"excerpt":{"rendered":"<section id=\"ribbon\">\n<div class=\"container\">\n<div class=\"row\">\n<div class=\"col-sm-12 col-lg-9\">\n<p><span dir=\"auto\">WD 3 PS V-17\/4\/20 Workshop emalatxana tozsovuran\u0131 17 litrlik paslanmaz polad konteyner, 4 metr uzunlu\u011funda kabel, 2 metr uzunlu\u011funda \u015flanq, elektrik al\u0259tl\u0259rini qo\u015fmaq \u00fc\u00e7\u00fcn avtomatik a\u00e7ar\u0131 olan rozetka v\u0259 x\u00fcsusi aksesuarlarla t\u0259chiz edilmi\u015fdir.<\/span><\/p>\n<\/div>\n<\/div>\n<\/div>\n<\/section>\n<div class=\"fg-products-details-stage\" data-kjs-app=\"products\/details\/stage\" data-kjs-entityid=\"9\">\n<div data-kjs-view=\"main\">\n<section class=\"container\">\n<div class=\"row fc-stage\">\n<div class=\"col-sm-7 col-md-8 fc-left\">\n<div class=\"fc-media\">\n<div class=\"fg-content-carousel fg-carousel-wrapper swiper swiper-initialized swiper-horizontal swiper-watch-progress swiper-backface-hidden\" data-kjs-app=\"content\/carousel\" data-kjs-entityid=\"17\">\n<div id=\"swiper-wrapper-0dbed10d522071c14\" class=\"fc-carousel swiper-wrapper\" aria-live=\"polite\">\n<div class=\"fc-carousel-slide swiper-slide fc-image-loaded fc-visible swiper-slide-active\" role=\"group\" data-kjs-slide=\"0\" aria-label=\"1\/7\" data-swiper-slide-index=\"0\">\n<div class=\"fg-wishlist-control\" data-kjs-app=\"wishlist\/control\" data-kjs-entityid=\"18\">\n<div data-kjs-view=\"controls\"><\/div>\n<\/div>\n<\/div>\n<\/div>\n<\/div>\n<\/div>\n<\/div>\n<\/div>\n<\/section>\n<\/div>\n<\/div>","protected":false},"featured_media":16920,"comment_status":"open","ping_status":"closed","template":"","meta":[],"product_cat":[15,553],"product_tag":[],"class_list":{"0":"post-16909","1":"product","2":"type-product","3":"status-publish","4":"has-post-thumbnail","6":"product_cat-home-garden","7":"product_cat-hozyajstvennye-pylesosy","9":"first","10":"instock","11":"shipping-taxable","12":"purchasable","13":"product-type-simple"},"_links":{"self":[{"href":"https:\/\/karchershop.az\/az\/wp-json\/wp\/v2\/product\/16909","targetHints":{"allow":["GET"]}}],"collection":[{"href":"https:\/\/karchershop.az\/az\/wp-json\/wp\/v2\/product"}],"about":[{"href":"https:\/\/karchershop.az\/az\/wp-json\/wp\/v2\/types\/product"}],"replies":[{"embeddable":true,"href":"https:\/\/karchershop.az\/az\/wp-json\/wp\/v2\/comments?post=16909"}],"wp:featuredmedia":[{"embeddable":true,"href":"https:\/\/karchershop.az\/az\/wp-json\/wp\/v2\/media\/16920"}],"wp:attachment":[{"href":"https:\/\/karchershop.az\/az\/wp-json\/wp\/v2\/media?parent=16909"}],"wp:term":[{"taxonomy":"product_cat","embeddable":true,"href":"https:\/\/karchershop.az\/az\/wp-json\/wp\/v2\/product_cat?post=16909"},{"taxonomy":"product_tag","embeddable":true,"href":"https:\/\/karchershop.az\/az\/wp-json\/wp\/v2\/product_tag?post=16909"}],"curies":[{"name":"wp","href":"https:\/\/api.w.org\/{rel}","templated":true}]}}