{"id":16927,"date":"2026-05-05T16:18:59","date_gmt":"2026-05-05T12:18:59","guid":{"rendered":"https:\/\/karchershop.az\/?post_type=product&#038;p=16927"},"modified":"2026-05-05T17:08:54","modified_gmt":"2026-05-05T13:08:54","slug":"k-3-classic","status":"publish","type":"product","link":"https:\/\/karchershop.az\/az\/home-garden\/mojki-vysokogo-davleniya\/k-3-classic","title":{"rendered":"K 3 Classic *EU"},"content":{"rendered":"<section id=\"description\" class=\"tm_product_description\">\n<div id=\"description\" class=\"row\" data-anchor=\"Description\">\n<div class=\"col-sm-12\">\n<div id=\"description\" class=\"row\" data-anchor=\"\u041e\u043f\u0438\u0441\u0430\u043d\u0438\u0435\">\n<div class=\"col-sm-12\">\n<p>Kompakt \u00f6l\u00e7\u00fcl\u0259rin\u0259 baxmayaraq, K 3 Classic y\u00fcks\u0259k t\u0259zyiqli yuma cihaz\u0131n\u0131n tam g\u00fcc\u00fcn\u00fc t\u0259min edir. Al\u00fcminium teleskopik tutaca\u011f\u0131 cihaz\u0131 y\u0131\u011fcam \u015f\u0259kild\u0259 saxlama\u011fa imkan verir, onu olduqca portativ v\u0259 \u00e7evik edir. Quick Connect sistemi olan p\u00fcsk\u00fcrtm\u0259 tapan\u00e7as\u0131 il\u0259 t\u0259chiz edilmi\u015fdir.\u00a0<span class=\"fix-spelling\">Quick Connect<\/span>6 metr uzunlu\u011funda y\u00fcks\u0259k t\u0259zyiqli \u015flanq, Vario Power p\u00fcsk\u00fcrtm\u0259 uclu\u011fu (borusu), \u00e7irk frezi v\u0259 su filtri il\u0259 t\u0259chiz olunmu\u015f K 3 Classic ba\u011f mebeli, ba\u011f al\u0259tl\u0259ri, velosipedl\u0259r v\u0259 ev \u0259traf\u0131ndak\u0131 dig\u0259r yerl\u0259rd\u0259 y\u00fcng\u00fcl \u00e7irkl\u0259rin vaxta\u015f\u0131r\u0131 t\u0259mizl\u0259nm\u0259si \u00fc\u00e7\u00fcn uy\u011fundur. Sah\u0259 m\u0259hsuldarl\u0131\u011f\u0131 25 m\u00b2\/saat t\u0259\u015fkil edir.<\/p>\n<\/div>\n<\/div>\n<div id=\"featurebenefits\" data-anchor=\"\u041e\u0441\u043e\u0431\u0435\u043d\u043d\u043e\u0441\u0442\u0438 \u0438 \u043f\u0440\u0435\u0438\u043c\u0443\u0449\u0435\u0441\u0442\u0432\u0430\"><\/div>\n<\/div>\n<\/div>\n<div id=\"featurebenefits\" data-anchor=\"Features and benefits\"><\/div>\n<\/section>","protected":false},"excerpt":{"rendered":"<p>K 3 Classic teleskopik tutaca\u011f\u0131 il\u0259 sah\u0259 \u0259traf\u0131ndak\u0131 y\u00fcng\u00fcl \u00e7irkl\u0259rin t\u0259mizl\u0259nm\u0259sind\u0259 x\u00fcsusil\u0259 effektivdir. O, h\u0259m\u00e7inin ultra-kompakt oldu\u011fu \u00fc\u00e7\u00fcn asanl\u0131qla da\u015f\u0131n\u0131r v\u0259 rahatl\u0131qla saxlan\u0131l\u0131r.<\/p>","protected":false},"featured_media":16928,"comment_status":"open","ping_status":"closed","template":"","meta":[],"product_cat":[15,20],"product_tag":[],"class_list":{"0":"post-16927","1":"product","2":"type-product","3":"status-publish","4":"has-post-thumbnail","6":"product_cat-home-garden","7":"product_cat-mojki-vysokogo-davleniya","9":"first","10":"instock","11":"shipping-taxable","12":"purchasable","13":"product-type-simple"},"_links":{"self":[{"href":"https:\/\/karchershop.az\/az\/wp-json\/wp\/v2\/product\/16927","targetHints":{"allow":["GET"]}}],"collection":[{"href":"https:\/\/karchershop.az\/az\/wp-json\/wp\/v2\/product"}],"about":[{"href":"https:\/\/karchershop.az\/az\/wp-json\/wp\/v2\/types\/product"}],"replies":[{"embeddable":true,"href":"https:\/\/karchershop.az\/az\/wp-json\/wp\/v2\/comments?post=16927"}],"wp:featuredmedia":[{"embeddable":true,"href":"https:\/\/karchershop.az\/az\/wp-json\/wp\/v2\/media\/16928"}],"wp:attachment":[{"href":"https:\/\/karchershop.az\/az\/wp-json\/wp\/v2\/media?parent=16927"}],"wp:term":[{"taxonomy":"product_cat","embeddable":true,"href":"https:\/\/karchershop.az\/az\/wp-json\/wp\/v2\/product_cat?post=16927"},{"taxonomy":"product_tag","embeddable":true,"href":"https:\/\/karchershop.az\/az\/wp-json\/wp\/v2\/product_tag?post=16927"}],"curies":[{"name":"wp","href":"https:\/\/api.w.org\/{rel}","templated":true}]}}