{"id":16943,"date":"2026-05-05T16:50:49","date_gmt":"2026-05-05T12:50:49","guid":{"rendered":"https:\/\/karchershop.az\/?post_type=product&#038;p=16943"},"modified":"2026-05-05T17:09:09","modified_gmt":"2026-05-05T13:09:09","slug":"rcv-3","status":"publish","type":"product","link":"https:\/\/karchershop.az\/az\/home-garden\/roboty-pylesosy\/rcv-3","title":{"rendered":"RCV 3 *EU"},"content":{"rendered":"<div id=\"description\" class=\"row\" data-anchor=\"\u041e\u043f\u0438\u0441\u0430\u043d\u0438\u0435\">\n<div class=\"col-sm-12\">\n<p>Sevdiyiniz i\u015fl\u0259r\u0259 vaxt ay\u0131r\u0131n: RCV 3 intellektual robot-tozsovuran\u0131 d\u00f6\u015f\u0259m\u0259l\u0259rin t\u0259mizl\u0259nm\u0259si qay\u011f\u0131s\u0131n\u0131 tamamil\u0259 \u00f6z \u00fcz\u0259rin\u0259 g\u00f6t\u00fcr\u00fcr. \u0130\u015f\u0259 sal\u0131nd\u0131qdan sonra o, h\u0259m b\u0259rk d\u00f6\u015f\u0259m\u0259 \u00f6rt\u00fckl\u0259rini, h\u0259m d\u0259 q\u0131sat\u00fckl\u00fc xal\u00e7alar\u0131 m\u00fcst\u0259qil v\u0259 sistematik \u015f\u0259kild\u0259 t\u0259mizl\u0259yir. F\u0131rlanan f\u0131r\u00e7a v\u0259 k\u00fcncl\u0259rin t\u0259mizl\u0259nm\u0259si \u00fc\u00e7\u00fcn n\u0259z\u0259rd\u0259 tutulmu\u015f yan f\u0131r\u00e7a vasit\u0259sil\u0259 s\u00fcp\u00fcr\u00fcl\u0259n quru zibil, cihaz t\u0259r\u0259find\u0259n sovurulur v\u0259 daxili toz qab\u0131na \u00f6t\u00fcr\u00fcl\u00fcr. Ehtiyac yarand\u0131qda, RCV 3 n\u0259m t\u0259mizl\u0259m\u0259 (silm\u0259) funksiyas\u0131n\u0131 da yerin\u0259 yetir\u0259 bilir. Akkumulyatorun enerjisi azald\u0131qda cihaz aral\u0131q doldurma prosesini h\u0259yata ke\u00e7irir, i\u015fini bitirdikd\u0259n sonra is\u0259 h\u0259mi\u015f\u0259 \u00f6z baza stansiyas\u0131na qay\u0131d\u0131r. \n\nMobil t\u0259tbiq vasit\u0259sil\u0259 RCV 3 robot-tozsovuran\u0131n\u0131 ilk s\u0259yah\u0259tin\u0259 g\u00f6nd\u0259rm\u0259k olar; bu zaman onun lidar naviqasiya sistemi otaqlar\u0131n plan\u0131n\u0131 avtomatik t\u0259rtib edir. H\u0259r bir otaq \u00fc\u00e7\u00fcn f\u0259rdi t\u0259mizl\u0259m\u0259 parametrl\u0259ri t\u0259yin etm\u0259k, x\u00fcsus\u0259n d\u0259 quru v\u0259 n\u0259m t\u0259mizl\u0259m\u0259 sah\u0259l\u0259rini, h\u0259m\u00e7inin cihaz\u0131n daxil olmamal\u0131 oldu\u011fu zonalar\u0131 m\u00fc\u0259yy\u0259nl\u0259\u015fdirm\u0259k m\u00fcmk\u00fcnd\u00fcr. H\u00fcnd\u00fcrl\u00fck f\u0259rqi sensorlar\u0131 robot-tozsovuran\u0131n pill\u0259k\u0259nl\u0259rd\u0259n y\u0131x\u0131lmas\u0131n\u0131n qar\u015f\u0131s\u0131n\u0131 al\u0131r. RCV 3 cihaz\u0131n\u0131 korpusun \u00fcz\u0259rind\u0259ki d\u00fcym\u0259 il\u0259 asanl\u0131qla i\u015f\u0259 salmaq v\u0259 ya smartfondan t\u0259mizl\u0259m\u0259y\u0259 ba\u015flama komandas\u0131 verm\u0259k olar. T\u0259tbiqd\u0259 h\u0259m\u00e7inin f\u0259rdi t\u0259mizl\u0259m\u0259 qrafiki d\u0259 qurmaq m\u00fcmk\u00fcnd\u00fcr. Cihaz\u0131n i\u015fin\u0259 sahibinin m\u00fcdaxil\u0259si t\u0259l\u0259b olunan bir \u00e7ox hallarda m\u0259lumat s\u0259sli formada verilir.<\/p>\n<\/div>\n<\/div>\n<div id=\"featurebenefits\" data-anchor=\"\u041e\u0441\u043e\u0431\u0435\u043d\u043d\u043e\u0441\u0442\u0438 \u0438 \u043f\u0440\u0435\u0438\u043c\u0443\u0449\u0435\u0441\u0442\u0432\u0430\"><\/div>","protected":false},"excerpt":{"rendered":"<section id=\"ribbon\">\n<div class=\"container\">\n<div class=\"row\">\n<div class=\"col-sm-12 col-lg-9\">\n<p>D\u0259qiq lidar naviqasiya sistemi v\u0259 mobil t\u0259tbiq vasit\u0259sil\u0259 rahat idar\u0259etm\u0259 imkan\u0131na malik olan RCV 3 intellektual robot-tozsovuran\u0131, b\u0259rk d\u00f6\u015f\u0259m\u0259l\u0259ri v\u0259 q\u0131sat\u00fckl\u00fc xal\u00e7alar\u0131 tam avtonom rejimd\u0259 t\u0259mizl\u0259yir. Cihazda, h\u0259m\u00e7inin b\u0259rk \u00f6rt\u00fckl\u0259rin n\u0259m t\u0259mizl\u0259nm\u0259si (silinm\u0259si) imkan\u0131 da n\u0259z\u0259rd\u0259 tutulmu\u015fdur.<\/p>\n<\/div>\n<\/div>\n<\/div>\n<\/section>\n<div class=\"fg-products-details-stage\" data-kjs-app=\"products\/details\/stage\" data-kjs-entityid=\"9\">\n<div data-kjs-view=\"main\">\n<section class=\"container\">\n<div class=\"row fc-stage\">\n<div class=\"col-sm-7 col-md-8 fc-left\">\n<div class=\"fc-media\">\n<div class=\"fg-content-carousel fg-carousel-wrapper swiper swiper-initialized swiper-horizontal swiper-watch-progress swiper-backface-hidden\" data-kjs-app=\"content\/carousel\" data-kjs-entityid=\"18\">\n<div id=\"swiper-wrapper-102b106110af10eeb615\" class=\"fc-carousel swiper-wrapper\" aria-live=\"polite\">\n<div class=\"fc-carousel-slide swiper-slide fc-visible swiper-slide-active fc-image-loaded\" role=\"group\" data-kjs-slide=\"0\" aria-label=\"1 \/ 9\" data-swiper-slide-index=\"0\">\n<div class=\"fg-wishlist-control\" data-kjs-app=\"wishlist\/control\" data-kjs-entityid=\"19\">\n<div data-kjs-view=\"controls\"><\/div>\n<\/div>\n<div data-kjs-app=\"content\/lightbox\" data-kjs-entityid=\"20\"><\/div>\n<\/div>\n<\/div>\n<\/div>\n<\/div>\n<\/div>\n<\/div>\n<\/section>\n<\/div>\n<\/div>","protected":false},"featured_media":16944,"comment_status":"open","ping_status":"closed","template":"","meta":[],"product_cat":[15,564],"product_tag":[],"class_list":{"0":"post-16943","1":"product","2":"type-product","3":"status-publish","4":"has-post-thumbnail","6":"product_cat-home-garden","7":"product_cat-roboty-pylesosy","9":"first","10":"instock","11":"shipping-taxable","12":"purchasable","13":"product-type-simple"},"_links":{"self":[{"href":"https:\/\/karchershop.az\/az\/wp-json\/wp\/v2\/product\/16943","targetHints":{"allow":["GET"]}}],"collection":[{"href":"https:\/\/karchershop.az\/az\/wp-json\/wp\/v2\/product"}],"about":[{"href":"https:\/\/karchershop.az\/az\/wp-json\/wp\/v2\/types\/product"}],"replies":[{"embeddable":true,"href":"https:\/\/karchershop.az\/az\/wp-json\/wp\/v2\/comments?post=16943"}],"wp:featuredmedia":[{"embeddable":true,"href":"https:\/\/karchershop.az\/az\/wp-json\/wp\/v2\/media\/16944"}],"wp:attachment":[{"href":"https:\/\/karchershop.az\/az\/wp-json\/wp\/v2\/media?parent=16943"}],"wp:term":[{"taxonomy":"product_cat","embeddable":true,"href":"https:\/\/karchershop.az\/az\/wp-json\/wp\/v2\/product_cat?post=16943"},{"taxonomy":"product_tag","embeddable":true,"href":"https:\/\/karchershop.az\/az\/wp-json\/wp\/v2\/product_tag?post=16943"}],"curies":[{"name":"wp","href":"https:\/\/api.w.org\/{rel}","templated":true}]}}