{"id":16977,"date":"2026-05-06T15:44:16","date_gmt":"2026-05-06T11:44:16","guid":{"rendered":"https:\/\/karchershop.az\/?post_type=product&#038;p=16977"},"modified":"2026-05-06T15:44:57","modified_gmt":"2026-05-06T11:44:57","slug":"vhodnoj-vozdushnyj-filtr","status":"publish","type":"product","link":"https:\/\/karchershop.az\/az\/home-garden\/aksessuary\/aksessuary-dlya-pylesososov\/vhodnoj-vozdushnyj-filtr","title":{"rendered":"Giri\u015f hava filtri"},"content":{"rendered":"<section id=\"ribbon\">\n<div class=\"container\">\n<div class=\"row\">\n<div class=\"col-sm-12 col-lg-9\">\n<p>3 pill\u0259li filtrasiya sisteminin bir hiss\u0259si olan giri\u015f hava filtri, h\u0259m\u00e7inin siklon tipli filtr v\u0259 \u00e7\u0131x\u0131\u015f filtrini (tozsovuran\u0131n modelind\u0259n as\u0131l\u0131 olaraq k\u00f6p\u00fck v\u0259 ya HEPA 12) \u00f6z\u00fcnd\u0259 birl\u0259\u015fdir\u0259r\u0259k, t\u0259mizlik zaman\u0131 havadak\u0131 x\u0131rda \u00e7irk hiss\u0259cikl\u0259rini \u00e7\u0131x\u0131\u015f filtri t\u0259r\u0259find\u0259n yekun t\u0259mizl\u0259nm\u0259d\u0259n \u0259vv\u0259l saxlay\u0131r. Giri\u015f hava filtrini m\u00fct\u0259madi olaraq y\u0131\u011f\u0131lm\u0131\u015f tozu \u00e7\u0131rpmaqla v\u0259 ya K\u00e4rcher t\u0259r\u0259find\u0259n t\u0259klif olunan x\u00fcsusi filtr t\u0259mizl\u0259m\u0259 al\u0259ti il\u0259 t\u0259mizl\u0259m\u0259k t\u00f6vsiy\u0259 olunur. Filtr VC 4 Cordless (Premium) myHome, VC 6 Cordless (Premium) ourFamily v\u0259 VC 7 Cordless yourMax tozsovuranlar\u0131 \u00fc\u00e7\u00fcn uy\u011fundur.<\/p>\n<\/div>\n<\/div>\n<\/div>\n<\/section>\n<div class=\"fg-products-details-stage\" data-kjs-app=\"products\/details\/stage\" data-kjs-entityid=\"9\">\n<div data-kjs-view=\"main\">\n<section class=\"container\">\n<div class=\"row fc-stage\">\n<div class=\"col-sm-7 col-md-8 fc-left\">\n<div class=\"fc-media\">\n<div class=\"fg-content-carousel fg-carousel-wrapper swiper swiper-initialized swiper-horizontal swiper-watch-progress swiper-backface-hidden\" data-kjs-app=\"content\/carousel\" data-kjs-entityid=\"15\">\n<div id=\"swiper-wrapper-6f69c4538ef4acd1\" class=\"fc-carousel swiper-wrapper\" aria-live=\"polite\">\n<div class=\"fc-carousel-slide swiper-slide fc-visible swiper-slide-active fc-image-loaded\" role=\"group\" data-kjs-slide=\"0\" aria-label=\"1 \/ 1\">\n<div data-kjs-app=\"content\/lightbox\" data-kjs-entityid=\"17\">\n<div id=\"featurebenefits\" data-anchor=\"\u041e\u0441\u043e\u0431\u0435\u043d\u043d\u043e\u0441\u0442\u0438 \u0438 \u043f\u0440\u0435\u0438\u043c\u0443\u0449\u0435\u0441\u0442\u0432\u0430\"><\/div>\n<\/div>\n<\/div>\n<\/div>\n<\/div>\n<\/div>\n<\/div>\n<\/div>\n<\/section>\n<\/div>\n<\/div>","protected":false},"excerpt":{"rendered":"<p>Sorulan havadan x\u0131rda \u00e7irk hiss\u0259cikl\u0259rini filtrd\u0259n ke\u00e7irir: VC 4 Cordless myHome, VC 6 Cordless ourFamily v\u0259 VC 7 Cordless yourMax tozsovuranlar\u0131 \u00fc\u00e7\u00fcn uy\u011fun olan giri\u015f hava filtri.<\/p>","protected":false},"featured_media":16978,"comment_status":"open","ping_status":"closed","template":"","meta":[],"product_cat":[15,569],"product_tag":[],"class_list":{"0":"post-16977","1":"product","2":"type-product","3":"status-publish","4":"has-post-thumbnail","6":"product_cat-home-garden","7":"product_cat-aksessuary-dlya-pylesososov","9":"first","10":"instock","11":"shipping-taxable","12":"purchasable","13":"product-type-simple"},"_links":{"self":[{"href":"https:\/\/karchershop.az\/az\/wp-json\/wp\/v2\/product\/16977","targetHints":{"allow":["GET"]}}],"collection":[{"href":"https:\/\/karchershop.az\/az\/wp-json\/wp\/v2\/product"}],"about":[{"href":"https:\/\/karchershop.az\/az\/wp-json\/wp\/v2\/types\/product"}],"replies":[{"embeddable":true,"href":"https:\/\/karchershop.az\/az\/wp-json\/wp\/v2\/comments?post=16977"}],"wp:featuredmedia":[{"embeddable":true,"href":"https:\/\/karchershop.az\/az\/wp-json\/wp\/v2\/media\/16978"}],"wp:attachment":[{"href":"https:\/\/karchershop.az\/az\/wp-json\/wp\/v2\/media?parent=16977"}],"wp:term":[{"taxonomy":"product_cat","embeddable":true,"href":"https:\/\/karchershop.az\/az\/wp-json\/wp\/v2\/product_cat?post=16977"},{"taxonomy":"product_tag","embeddable":true,"href":"https:\/\/karchershop.az\/az\/wp-json\/wp\/v2\/product_tag?post=16977"}],"curies":[{"name":"wp","href":"https:\/\/api.w.org\/{rel}","templated":true}]}}