{"id":16981,"date":"2026-05-06T16:30:51","date_gmt":"2026-05-06T12:30:51","guid":{"rendered":"https:\/\/karchershop.az\/?post_type=product&#038;p=16981"},"modified":"2026-05-06T16:40:40","modified_gmt":"2026-05-06T12:40:40","slug":"komplekt-salfetok-dlya-pola-power-easyfix-2-sht","status":"publish","type":"product","link":"https:\/\/karchershop.az\/az\/home-garden\/aksessuary\/aksessuary-dlya-paroochistitelej\/komplekt-salfetok-dlya-pola-power-easyfix-2-sht","title":{"rendered":"Power EasyFix d\u00f6\u015f\u0259m\u0259 \u00fc\u00e7\u00fcn salfet d\u0259sti, 2 \u0259d."},"content":{"rendered":"<div id=\"description\" class=\"row\" data-anchor=\"\u041e\u043f\u0438\u0441\u0430\u043d\u0438\u0435\">\n<div class=\"col-sm-12\">\n<p>Power d\u00f6\u015f\u0259m\u0259 \u00fc\u00e7\u00fcn salfet d\u0259sti\u00a0<span class=\"fix-spelling\">EasyFix<\/span>\u00a0Buxarl\u0131 t\u0259mizl\u0259yici vasit\u0259sil\u0259 d\u00f6\u015f\u0259m\u0259l\u0259rin h\u0259rt\u0259r\u0259fli gigiyenik t\u0259mizl\u0259nm\u0259si \u00fc\u00e7\u00fcn 2 \u0259d\u0259d y\u00fcks\u0259k keyfiyy\u0259tli salfetd\u0259n ibar\u0259tdir. G\u00fccl\u00fc abraziv lifl\u0259rin pay\u0131 art\u0131r\u0131lm\u0131\u015f salfet inadkar \u00e7irkl\u0259rin t\u0259mizl\u0259nm\u0259sini \u0259h\u0259miyy\u0259tli d\u0259r\u0259c\u0259d\u0259 asanla\u015fd\u0131r\u0131r. Abraziv salfet h\u0259m\u00e7inin \u00e7irkl\u0259ri effektiv \u015f\u0259kild\u0259 ay\u0131r\u0131r v\u0259 \u0259lav\u0259 yum\u015faq tekstil lifl\u0259ri say\u0259sind\u0259 onlar\u0131 m\u00fck\u0259mm\u0259l \u015f\u0259kild\u0259 udur \u2013 m\u0259s\u0259l\u0259n, d\u00f6\u015f\u0259m\u0259y\u0259 g\u00fccl\u00fc abraziv salfetl\u0259 ilkin qulluq edildikd\u0259n sonra. Salfetl\u0259r \"v\u0131lkro\" (yaxalanan) yap\u0131\u015fqan vasit\u0259sil\u0259 buxarl\u0131 t\u0259mizl\u0259yicinin ba\u015fl\u0131\u011f\u0131na asan v\u0259 tez b\u0259rkidilir: d\u00f6\u015f\u0259m\u0259 ba\u015fl\u0131\u011f\u0131n\u0131 sad\u0259c\u0259 \u00fcz\u0259rin\u0259 s\u0131xmaq kifay\u0259tdir.\u00a0<span class=\"fix-spelling\">EasyFix<\/span>\u00a0t\u0259limat\u0131na uy\u011fun olaraq. \u0130\u015f zaman\u0131 salfet ba\u015fl\u0131q \u00fcz\u0259rind\u0259 m\u00f6hk\u0259m saxlan\u0131l\u0131r, t\u0259mizlikd\u0259n sonra is\u0259 \u00e7irkl\u0259 t\u0259mas etm\u0259d\u0259n ondan asanl\u0131qla ayr\u0131l\u0131r: bunun \u00fc\u00e7\u00fcn sad\u0259c\u0259 salfetin dilciyinin \u00fcz\u0259rin\u0259 basmaq v\u0259 d\u00f6\u015f\u0259m\u0259 ba\u015fl\u0131\u011f\u0131n\u0131 yuxar\u0131 qald\u0131rmaq kifay\u0259tdir.<\/p>\n<\/div>\n<\/div>\n<div id=\"featurebenefits\" data-anchor=\"\u041e\u0441\u043e\u0431\u0435\u043d\u043d\u043e\u0441\u0442\u0438 \u0438 \u043f\u0440\u0435\u0438\u043c\u0443\u0449\u0435\u0441\u0442\u0432\u0430\"><\/div>","protected":false},"excerpt":{"rendered":"<section id=\"ribbon\">\n<div class=\"container\">\n<div class=\"row\">\n<div class=\"col-sm-12 col-lg-9\">\n<p>Power d\u00f6\u015f\u0259m\u0259 \u00fc\u00e7\u00fcn salfet d\u0259sti\u00a0<span class=\"fix-spelling\">EasyFix<\/span> mexaniki t\u0259sirl\u0259r\u0259 qar\u015f\u0131 h\u0259ssas olmayan b\u0259rk d\u00f6\u015f\u0259m\u0259 \u00f6rt\u00fckl\u0259rinin h\u0259rt\u0259r\u0259fli v\u0259 gigiyenik t\u0259mizl\u0259nm\u0259si \u00fc\u00e7\u00fcn n\u0259z\u0259rd\u0259 tutulub.<\/p>\n<\/div>\n<\/div>\n<\/div>\n<\/section>","protected":false},"featured_media":16984,"comment_status":"open","ping_status":"closed","template":"","meta":[],"product_cat":[15,567,570],"product_tag":[],"class_list":{"0":"post-16981","1":"product","2":"type-product","3":"status-publish","4":"has-post-thumbnail","6":"product_cat-home-garden","7":"product_cat-aksessuary","8":"product_cat-aksessuary-dlya-paroochistitelej","10":"first","11":"instock","12":"shipping-taxable","13":"purchasable","14":"product-type-simple"},"_links":{"self":[{"href":"https:\/\/karchershop.az\/az\/wp-json\/wp\/v2\/product\/16981","targetHints":{"allow":["GET"]}}],"collection":[{"href":"https:\/\/karchershop.az\/az\/wp-json\/wp\/v2\/product"}],"about":[{"href":"https:\/\/karchershop.az\/az\/wp-json\/wp\/v2\/types\/product"}],"replies":[{"embeddable":true,"href":"https:\/\/karchershop.az\/az\/wp-json\/wp\/v2\/comments?post=16981"}],"wp:featuredmedia":[{"embeddable":true,"href":"https:\/\/karchershop.az\/az\/wp-json\/wp\/v2\/media\/16984"}],"wp:attachment":[{"href":"https:\/\/karchershop.az\/az\/wp-json\/wp\/v2\/media?parent=16981"}],"wp:term":[{"taxonomy":"product_cat","embeddable":true,"href":"https:\/\/karchershop.az\/az\/wp-json\/wp\/v2\/product_cat?post=16981"},{"taxonomy":"product_tag","embeddable":true,"href":"https:\/\/karchershop.az\/az\/wp-json\/wp\/v2\/product_tag?post=16981"}],"curies":[{"name":"wp","href":"https:\/\/api.w.org\/{rel}","templated":true}]}}