{"id":16990,"date":"2026-05-06T16:57:16","date_gmt":"2026-05-06T12:57:16","guid":{"rendered":"https:\/\/karchershop.az\/?post_type=product&#038;p=16990"},"modified":"2026-05-06T16:58:20","modified_gmt":"2026-05-06T12:58:20","slug":"komplekt-dlya-uborki-pola-easyfix","status":"publish","type":"product","link":"https:\/\/karchershop.az\/az\/home-garden\/aksessuary\/aksessuary-dlya-paroochistitelej\/komplekt-dlya-uborki-pola-easyfix","title":{"rendered":"EasyFix d\u00f6\u015f\u0259m\u0259 t\u0259mizl\u0259m\u0259 d\u0259sti"},"content":{"rendered":"<div id=\"description\" class=\"row\" data-anchor=\"\u041e\u043f\u0438\u0441\u0430\u043d\u0438\u0435\">\n<div class=\"col-sm-12\">\n<p>D\u00f6\u015f\u0259m\u0259 \u00fc\u00e7\u00fcn ba\u015fl\u0131q\u00a0<span class=\"fix-spelling\">EasyFix<\/span>\u00a0uy\u011fun universal salfeti il\u0259 birlikd\u0259 buxarl\u0131 t\u0259mizl\u0259yici vasit\u0259sil\u0259 b\u00fct\u00fcn n\u00f6v n\u0259m\u0259 davaml\u0131 b\u0259rk d\u00f6\u015f\u0259m\u0259 \u00f6rt\u00fckl\u0259rinin, o c\u00fcml\u0259d\u0259n k\u00fcncl\u0259r, divar k\u0259narlar\u0131 v\u0259 mebel \u0259traf\u0131ndak\u0131 \u00e7\u0259tin \u0259ld\u0259 edil\u0259n yerl\u0259rin h\u0259rt\u0259r\u0259fli t\u0259mizl\u0259nm\u0259sin\u0259 z\u0259man\u0259t verir. D\u00f6\u015f\u0259m\u0259 salfeti \"v\u0131lkro\" (yap\u0131\u015fqan) vasit\u0259sil\u0259 ba\u015fl\u0131q \u00fcz\u0259rin\u0259 asan v\u0259 tez b\u0259rkidilir \u2013 ba\u015fl\u0131\u011f\u0131 salfetin \u00fcz\u0259rin\u0259 s\u0131xmaq kifay\u0259tdir. T\u0259mizlikd\u0259n sonra is\u0259 \u00e7irkl\u0259nmi\u015f salfet \u00e7irkl\u0259 t\u0259mas etm\u0259d\u0259n asanl\u0131qla \u00e7\u0131xar\u0131l\u0131r: bunun \u00fc\u00e7\u00fcn sad\u0259c\u0259 onun dilciyinin \u00fcz\u0259rin\u0259 basmaq v\u0259 ba\u015fl\u0131\u011f\u0131 yuxar\u0131 qald\u0131rmaq laz\u0131md\u0131r.<\/p>\n<\/div>\n<\/div>\n<div id=\"featurebenefits\" data-anchor=\"\u041e\u0441\u043e\u0431\u0435\u043d\u043d\u043e\u0441\u0442\u0438 \u0438 \u043f\u0440\u0435\u0438\u043c\u0443\u0449\u0435\u0441\u0442\u0432\u0430\"><\/div>","protected":false},"excerpt":{"rendered":"<section id=\"ribbon\">\n<div class=\"container\">\n<div class=\"row\">\n<div class=\"col-sm-12 col-lg-9\">\n<p>D\u00f6\u015f\u0259m\u0259 \u00fc\u00e7\u00fcn ba\u015fl\u0131q\u00a0<span class=\"fix-spelling\">EasyFix<\/span> uy\u011fun universal salfet il\u0259 birlikd\u0259 \u00e7irkl\u0259 t\u0259mas etm\u0259d\u0259n salfeti d\u0259yi\u015fm\u0259y\u0259 imkan verir.<\/p>\n<\/div>\n<\/div>\n<\/div>\n<\/section>","protected":false},"featured_media":16993,"comment_status":"open","ping_status":"closed","template":"","meta":[],"product_cat":[15,567,570],"product_tag":[],"class_list":{"0":"post-16990","1":"product","2":"type-product","3":"status-publish","4":"has-post-thumbnail","6":"product_cat-home-garden","7":"product_cat-aksessuary","8":"product_cat-aksessuary-dlya-paroochistitelej","10":"first","11":"instock","12":"shipping-taxable","13":"purchasable","14":"product-type-simple"},"_links":{"self":[{"href":"https:\/\/karchershop.az\/az\/wp-json\/wp\/v2\/product\/16990","targetHints":{"allow":["GET"]}}],"collection":[{"href":"https:\/\/karchershop.az\/az\/wp-json\/wp\/v2\/product"}],"about":[{"href":"https:\/\/karchershop.az\/az\/wp-json\/wp\/v2\/types\/product"}],"replies":[{"embeddable":true,"href":"https:\/\/karchershop.az\/az\/wp-json\/wp\/v2\/comments?post=16990"}],"wp:featuredmedia":[{"embeddable":true,"href":"https:\/\/karchershop.az\/az\/wp-json\/wp\/v2\/media\/16993"}],"wp:attachment":[{"href":"https:\/\/karchershop.az\/az\/wp-json\/wp\/v2\/media?parent=16990"}],"wp:term":[{"taxonomy":"product_cat","embeddable":true,"href":"https:\/\/karchershop.az\/az\/wp-json\/wp\/v2\/product_cat?post=16990"},{"taxonomy":"product_tag","embeddable":true,"href":"https:\/\/karchershop.az\/az\/wp-json\/wp\/v2\/product_tag?post=16990"}],"curies":[{"name":"wp","href":"https:\/\/api.w.org\/{rel}","templated":true}]}}