{"id":17020,"date":"2026-05-07T10:28:49","date_gmt":"2026-05-07T06:28:49","guid":{"rendered":"https:\/\/karchershop.az\/?post_type=product&#038;p=17020"},"modified":"2026-05-07T10:36:53","modified_gmt":"2026-05-07T06:36:53","slug":"komplekt-rolikov-k-fc-dlya-kamennyh-polov-2-sht","status":"publish","type":"product","link":"https:\/\/karchershop.az\/az\/home-garden\/aksessuary\/aksessuary-dlya-pylesososov\/komplekt-rolikov-k-fc-dlya-kamennyh-polov-2-sht","title":{"rendered":"FC da\u015f d\u00f6\u015f\u0259m\u0259l\u0259r \u00fc\u00e7\u00fcn diyirc\u0259k d\u0259sti, 2 \u0259d\u0259d."},"content":{"rendered":"<div id=\"description\" class=\"row\" data-anchor=\"\u041e\u043f\u0438\u0441\u0430\u043d\u0438\u0435\">\n<div class=\"col-sm-12\">\n<p>FC ev \u00fc\u00e7\u00fcn d\u00f6\u015f\u0259m\u0259yuyan ma\u015f\u0131nlar\u0131 \u00fc\u00e7\u00fcn da\u015f d\u00f6\u015f\u0259m\u0259l\u0259r \u00fc\u00e7\u00fcn iki diyirc\u0259kd\u0259n ibar\u0259t d\u0259st \u2013 h\u0259ssas olmayan s\u0259rt \u00f6rt\u00fckl\u0259rin h\u0259rt\u0259r\u0259fli t\u0259mizl\u0259nm\u0259si \u00fc\u00e7\u00fcn ideal al\u0259tdir. Neylon t\u00fckl\u0259ri v\u0259 abraziv zolaqlar\u0131 say\u0259sind\u0259 diyirc\u0259k d\u0259sti davaml\u0131 \u00e7irkl\u0259ri, o c\u00fcml\u0259d\u0259n plit\u0259l\u0259r aras\u0131ndak\u0131 tiki\u015fl\u0259rd\u0259 olan kirl\u0259ri asanl\u0131qla t\u0259mizl\u0259yir. 60 \u00b0C-y\u0259 q\u0259d\u0259r temperaturda paltaryuyan ma\u015f\u0131nda t\u0259mizl\u0259nm\u0259y\u0259 imkan verir.<\/p>\n<\/div>\n<\/div>","protected":false},"excerpt":{"rendered":"<section id=\"ribbon\">\n<div class=\"container\">\n<div class=\"row\">\n<div class=\"col-sm-12 col-lg-9\">\n<p>H\u0259ssas olmayan s\u0259rt d\u00f6\u015f\u0259m\u0259 \u00f6rt\u00fckl\u0259rinin t\u0259mizl\u0259nm\u0259si \u00fc\u00e7\u00fcn iki diyirc\u0259kd\u0259n ibar\u0259t d\u0259st. Davaml\u0131 \u00e7irkl\u0259ri, o c\u00fcml\u0259d\u0259n plit\u0259l\u0259r aras\u0131ndak\u0131 tiki\u015fl\u0259rd\u0259 olan kirl\u0259ri asanl\u0131qla t\u0259mizl\u0259yir.<\/p>\n<\/div>\n<\/div>\n<\/div>\n<\/section>","protected":false},"featured_media":17021,"comment_status":"open","ping_status":"closed","template":"","meta":[],"product_cat":[15,567,569],"product_tag":[],"class_list":{"0":"post-17020","1":"product","2":"type-product","3":"status-publish","4":"has-post-thumbnail","6":"product_cat-home-garden","7":"product_cat-aksessuary","8":"product_cat-aksessuary-dlya-pylesososov","10":"first","11":"instock","12":"shipping-taxable","13":"purchasable","14":"product-type-simple"},"_links":{"self":[{"href":"https:\/\/karchershop.az\/az\/wp-json\/wp\/v2\/product\/17020","targetHints":{"allow":["GET"]}}],"collection":[{"href":"https:\/\/karchershop.az\/az\/wp-json\/wp\/v2\/product"}],"about":[{"href":"https:\/\/karchershop.az\/az\/wp-json\/wp\/v2\/types\/product"}],"replies":[{"embeddable":true,"href":"https:\/\/karchershop.az\/az\/wp-json\/wp\/v2\/comments?post=17020"}],"wp:featuredmedia":[{"embeddable":true,"href":"https:\/\/karchershop.az\/az\/wp-json\/wp\/v2\/media\/17021"}],"wp:attachment":[{"href":"https:\/\/karchershop.az\/az\/wp-json\/wp\/v2\/media?parent=17020"}],"wp:term":[{"taxonomy":"product_cat","embeddable":true,"href":"https:\/\/karchershop.az\/az\/wp-json\/wp\/v2\/product_cat?post=17020"},{"taxonomy":"product_tag","embeddable":true,"href":"https:\/\/karchershop.az\/az\/wp-json\/wp\/v2\/product_tag?post=17020"}],"curies":[{"name":"wp","href":"https:\/\/api.w.org\/{rel}","templated":true}]}}