{"id":17026,"date":"2026-05-07T10:47:08","date_gmt":"2026-05-07T06:47:08","guid":{"rendered":"https:\/\/karchershop.az\/?post_type=product&#038;p=17026"},"modified":"2026-05-07T10:50:47","modified_gmt":"2026-05-07T06:50:47","slug":"nasadka-dlya-uborki-pola-fb1480","status":"publish","type":"product","link":"https:\/\/karchershop.az\/az\/home-garden\/aksessuary\/aksessuary-dlya-pylesososov\/nasadka-dlya-uborki-pola-fb1480","title":{"rendered":"FB1480 d\u00f6\u015f\u0259m\u0259 t\u0259mizl\u0259yici ba\u015fl\u0131\u011f\u0131."},"content":{"rendered":"<section class=\"cs-product-title\">\n<div class=\"container\">\n<div class=\"woocommerce-product-details__short-description\">\n<p>Karcher VC 3 quru t\u0259mizl\u0259m\u0259 tozsovuranlar\u0131 \u00fc\u00e7\u00fcn d\u00f6\u015f\u0259m\u0259 v\u0259 xal\u00e7a \u00f6rt\u00fckl\u0259rinin t\u0259mizl\u0259nm\u0259si \u00fc\u00e7\u00fcn FB1480 kombin\u0259 edilmi\u015f ba\u015fl\u0131q.<\/p>\n<\/div>\n<\/div>\n<\/section>\n<div id=\"product-desc\" class=\"et_pb_section et_pb_section_1 et_section_regular\">\n<div class=\"et_pb_row et_pb_row_1\">\n<div class=\"et_pb_column et_pb_column_4_4 et_pb_column_1 et_pb_css_mix_blend_mode_passthrough et-last-child\">\n<div class=\"et_pb_text et_pb_module et_pb_bg_layout_light et_pb_text_align_left et_pb_text_0\">\n<div class=\"et_pb_text_inner\">\n<div style=\"text-align: center;\">\n<div class=\"tm_product_benefits__item\" style=\"padding-left: 40px;\"><\/div>\n<\/div>\n<\/div>\n<\/div>\n<\/div>\n<\/div>\n<\/div>","protected":false},"excerpt":{"rendered":"<section class=\"cs-product-title\">\n<div class=\"container\">\n<div class=\"woocommerce-product-details__short-description\">\n<p>&nbsp;<\/p>\n<\/div>\n<\/div>\n<\/section>\n<div id=\"product-desc\" class=\"et_pb_section et_pb_section_1 et_section_regular\">\n<div class=\"et_pb_row et_pb_row_1\">\n<div class=\"et_pb_column et_pb_column_4_4 et_pb_column_1 et_pb_css_mix_blend_mode_passthrough et-last-child\">\n<div class=\"et_pb_text et_pb_module et_pb_bg_layout_light et_pb_text_align_left et_pb_text_0\">\n<div class=\"et_pb_text_inner\">\n<div style=\"text-align: center;\">\n<div class=\"tm_product_benefits__item\" style=\"padding-left: 40px;\"><\/div>\n<\/div>\n<\/div>\n<\/div>\n<\/div>\n<\/div>\n<\/div>","protected":false},"featured_media":17027,"comment_status":"open","ping_status":"closed","template":"","meta":[],"product_cat":[15,567,569],"product_tag":[],"class_list":{"0":"post-17026","1":"product","2":"type-product","3":"status-publish","4":"has-post-thumbnail","6":"product_cat-home-garden","7":"product_cat-aksessuary","8":"product_cat-aksessuary-dlya-pylesososov","10":"first","11":"instock","12":"shipping-taxable","13":"purchasable","14":"product-type-simple"},"_links":{"self":[{"href":"https:\/\/karchershop.az\/az\/wp-json\/wp\/v2\/product\/17026","targetHints":{"allow":["GET"]}}],"collection":[{"href":"https:\/\/karchershop.az\/az\/wp-json\/wp\/v2\/product"}],"about":[{"href":"https:\/\/karchershop.az\/az\/wp-json\/wp\/v2\/types\/product"}],"replies":[{"embeddable":true,"href":"https:\/\/karchershop.az\/az\/wp-json\/wp\/v2\/comments?post=17026"}],"wp:featuredmedia":[{"embeddable":true,"href":"https:\/\/karchershop.az\/az\/wp-json\/wp\/v2\/media\/17027"}],"wp:attachment":[{"href":"https:\/\/karchershop.az\/az\/wp-json\/wp\/v2\/media?parent=17026"}],"wp:term":[{"taxonomy":"product_cat","embeddable":true,"href":"https:\/\/karchershop.az\/az\/wp-json\/wp\/v2\/product_cat?post=17026"},{"taxonomy":"product_tag","embeddable":true,"href":"https:\/\/karchershop.az\/az\/wp-json\/wp\/v2\/product_tag?post=17026"}],"curies":[{"name":"wp","href":"https:\/\/api.w.org\/{rel}","templated":true}]}}