{"id":17028,"date":"2026-05-07T11:34:25","date_gmt":"2026-05-07T07:34:25","guid":{"rendered":"https:\/\/karchershop.az\/?post_type=product&#038;p=17028"},"modified":"2026-05-07T11:58:36","modified_gmt":"2026-05-07T07:58:36","slug":"ruchnaya-nasadka","status":"publish","type":"product","link":"https:\/\/karchershop.az\/az\/home-garden\/aksessuary\/aksessuary-dlya-paroochistitelej\/ruchnaya-nasadka","title":{"rendered":"\u018fl ba\u015fl\u0131\u011f\u0131"},"content":{"rendered":"<div id=\"description\" class=\"row\" data-anchor=\"\u041e\u043f\u0438\u0441\u0430\u043d\u0438\u0435\">\n<div class=\"col-sm-12\">\n<p>Du\u015f kabinalar\u0131n\u0131n, divar plit\u0259l\u0259rinin v\u0259 s. t\u0259mizl\u0259nm\u0259si \u00fc\u00e7\u00fcn \u0259l ba\u015fl\u0131\u011f\u0131. \u00dczl\u00fck (\u00f6rt\u00fck) il\u0259 v\u0259 ya \u00fczl\u00fcks\u00fcz istifad\u0259 edil\u0259 bil\u0259r. Buxarl\u0131 t\u0259mizl\u0259yicil\u0259r il\u0259 t\u0259tbiq olunur.<\/p>\n<\/div>\n<\/div>","protected":false},"excerpt":{"rendered":"<section id=\"ribbon\">\n<div class=\"container\">\n<div class=\"row\">\n<div class=\"col-sm-12 col-lg-9\">\n<p>Du\u015f kabinalar\u0131n\u0131n, divar plit\u0259l\u0259rinin v\u0259 s. t\u0259mizl\u0259nm\u0259si \u00fc\u00e7\u00fcn. \u00dczl\u00fck (\u00f6rt\u00fck) il\u0259 v\u0259 ya \u00fczl\u00fcks\u00fcz istifad\u0259 edil\u0259 bil\u0259r.<\/p>\n<\/div>\n<\/div>\n<\/div>\n<\/section>\n<div class=\"fg-products-details-stage\" data-kjs-app=\"products\/details\/stage\" data-kjs-entityid=\"9\">\n<div data-kjs-view=\"main\">\n<section class=\"container\">\n<div class=\"row fc-stage\">\n<div class=\"col-sm-7 col-md-8 fc-left\">\n<div class=\"fc-media\">\n<div class=\"fg-content-carousel fg-carousel-wrapper swiper swiper-initialized swiper-horizontal swiper-watch-progress swiper-backface-hidden\" data-kjs-app=\"content\/carousel\" data-kjs-entityid=\"23\">\n<div id=\"swiper-wrapper-35b226e10acf8926a\" class=\"fc-carousel swiper-wrapper\" aria-live=\"polite\">\n<div class=\"fc-carousel-slide swiper-slide fc-image-loaded fc-visible swiper-slide-active\" role=\"group\" data-kjs-slide=\"0\" aria-label=\"1 \/ 4\" data-swiper-slide-index=\"0\">\n<div class=\"fg-wishlist-control\" data-kjs-app=\"wishlist\/control\" data-kjs-entityid=\"24\">\n<div data-kjs-view=\"controls\"><\/div>\n<\/div>\n<div data-kjs-app=\"content\/lightbox\" data-kjs-entityid=\"25\"><\/div>\n<\/div>\n<\/div>\n<\/div>\n<\/div>\n<\/div>\n<\/div>\n<\/section>\n<\/div>\n<\/div>","protected":false},"featured_media":17030,"comment_status":"open","ping_status":"closed","template":"","meta":[],"product_cat":[15,567,570],"product_tag":[],"class_list":{"0":"post-17028","1":"product","2":"type-product","3":"status-publish","4":"has-post-thumbnail","6":"product_cat-home-garden","7":"product_cat-aksessuary","8":"product_cat-aksessuary-dlya-paroochistitelej","10":"first","11":"instock","12":"shipping-taxable","13":"purchasable","14":"product-type-simple"},"_links":{"self":[{"href":"https:\/\/karchershop.az\/az\/wp-json\/wp\/v2\/product\/17028","targetHints":{"allow":["GET"]}}],"collection":[{"href":"https:\/\/karchershop.az\/az\/wp-json\/wp\/v2\/product"}],"about":[{"href":"https:\/\/karchershop.az\/az\/wp-json\/wp\/v2\/types\/product"}],"replies":[{"embeddable":true,"href":"https:\/\/karchershop.az\/az\/wp-json\/wp\/v2\/comments?post=17028"}],"wp:featuredmedia":[{"embeddable":true,"href":"https:\/\/karchershop.az\/az\/wp-json\/wp\/v2\/media\/17030"}],"wp:attachment":[{"href":"https:\/\/karchershop.az\/az\/wp-json\/wp\/v2\/media?parent=17028"}],"wp:term":[{"taxonomy":"product_cat","embeddable":true,"href":"https:\/\/karchershop.az\/az\/wp-json\/wp\/v2\/product_cat?post=17028"},{"taxonomy":"product_tag","embeddable":true,"href":"https:\/\/karchershop.az\/az\/wp-json\/wp\/v2\/product_tag?post=17028"}],"curies":[{"name":"wp","href":"https:\/\/api.w.org\/{rel}","templated":true}]}}