{"id":17044,"date":"2026-05-07T13:05:35","date_gmt":"2026-05-07T09:05:35","guid":{"rendered":"https:\/\/karchershop.az\/?post_type=product&#038;p=17044"},"modified":"2026-05-07T13:09:39","modified_gmt":"2026-05-07T09:09:39","slug":"dozhdevatel-impulsnyj-ps-300","status":"publish","type":"product","link":"https:\/\/karchershop.az\/az\/home-garden\/oborudovanie-dlya-poliva\/dozhdevatel-impulsnyj-ps-300","title":{"rendered":"PS 300 impulsiv \u00e7il\u0259yici (v\u0259 ya ya\u011f\u0131\u015fya\u011fd\u0131ran)."},"content":{"rendered":"<div id=\"description\" class=\"row\" data-anchor=\"\u041e\u043f\u0438\u0441\u0430\u043d\u0438\u0435\">\n<div class=\"col-sm-12\">\n<p>PS 300 impulsiv \u00e7il\u0259yici. Suvarma sektoru 30-360\u00ba v\u0259 suvarma m\u0259saf\u0259si t\u0259nziml\u0259nir. Suvarma sah\u0259si: 2 bar t\u0259zyiqd\u0259 suvarma diametri 25 m, sah\u0259si 490 kv.m; 4 bar t\u0259zyiqd\u0259 suvarma diametri 30 m, sah\u0259si 706 kv.m-dir. Ba\u011fda meyv\u0259 a\u011faclar\u0131n\u0131n alt\u0131n\u0131 suvarmaq \u00fc\u00e7\u00fcn yuxar\u0131 su \u015f\u0131rna\u011f\u0131n\u0131 m\u0259hdudla\u015fd\u0131ran t\u0259nziml\u0259yici il\u0259 t\u0259chiz olunub.<\/p>\n<\/div>\n<\/div>\n<div id=\"featurebenefits\" data-anchor=\"\u041e\u0441\u043e\u0431\u0435\u043d\u043d\u043e\u0441\u0442\u0438 \u0438 \u043f\u0440\u0435\u0438\u043c\u0443\u0449\u0435\u0441\u0442\u0432\u0430\"><\/div>","protected":false},"excerpt":{"rendered":"<p>PS 300 impulsiv \u00e7il\u0259yici. Suvarma sektoru 30-360\u00ba v\u0259 suvarma m\u0259saf\u0259si t\u0259nziml\u0259nir. Suvarma sah\u0259si: 2 bar t\u0259zyiqd\u0259 suvarma diametri 25 m, sah\u0259si 490 kv.m; 4 bar t\u0259zyiqd\u0259 suvarma diametri 30 m, sah\u0259si 706 kv.m-dir. Ba\u011fda meyv\u0259 a\u011faclar\u0131n\u0131n alt\u0131n\u0131 suvarmaq \u00fc\u00e7\u00fcn yuxar\u0131 su \u015f\u0131rna\u011f\u0131n\u0131 m\u0259hdudla\u015fd\u0131ran t\u0259nziml\u0259yici il\u0259 t\u0259chiz olunub.<\/p>","protected":false},"featured_media":17051,"comment_status":"open","ping_status":"closed","template":"","meta":[],"product_cat":[15,515],"product_tag":[],"class_list":{"0":"post-17044","1":"product","2":"type-product","3":"status-publish","4":"has-post-thumbnail","6":"product_cat-home-garden","7":"product_cat-oborudovanie-dlya-poliva","9":"first","10":"instock","11":"shipping-taxable","12":"purchasable","13":"product-type-simple"},"_links":{"self":[{"href":"https:\/\/karchershop.az\/az\/wp-json\/wp\/v2\/product\/17044","targetHints":{"allow":["GET"]}}],"collection":[{"href":"https:\/\/karchershop.az\/az\/wp-json\/wp\/v2\/product"}],"about":[{"href":"https:\/\/karchershop.az\/az\/wp-json\/wp\/v2\/types\/product"}],"replies":[{"embeddable":true,"href":"https:\/\/karchershop.az\/az\/wp-json\/wp\/v2\/comments?post=17044"}],"wp:featuredmedia":[{"embeddable":true,"href":"https:\/\/karchershop.az\/az\/wp-json\/wp\/v2\/media\/17051"}],"wp:attachment":[{"href":"https:\/\/karchershop.az\/az\/wp-json\/wp\/v2\/media?parent=17044"}],"wp:term":[{"taxonomy":"product_cat","embeddable":true,"href":"https:\/\/karchershop.az\/az\/wp-json\/wp\/v2\/product_cat?post=17044"},{"taxonomy":"product_tag","embeddable":true,"href":"https:\/\/karchershop.az\/az\/wp-json\/wp\/v2\/product_tag?post=17044"}],"curies":[{"name":"wp","href":"https:\/\/api.w.org\/{rel}","templated":true}]}}