{"id":17052,"date":"2026-05-07T15:21:32","date_gmt":"2026-05-07T11:21:32","guid":{"rendered":"https:\/\/karchershop.az\/?post_type=product&#038;p=17052"},"modified":"2026-05-07T15:49:24","modified_gmt":"2026-05-07T11:49:24","slug":"obtyazhki-dlya-bolshoj-krugloj-shhetki-2-sht","status":"publish","type":"product","link":"https:\/\/karchershop.az\/az\/home-garden\/aksessuary\/aksessuary-dlya-paroochistitelej\/obtyazhki-dlya-bolshoj-krugloj-shhetki-2-sht","title":{"rendered":"B\u00f6y\u00fck dair\u0259vi f\u0131r\u00e7a \u00fc\u00e7\u00fcn \u00fczl\u00fckl\u0259r, 2 \u0259d\u0259d."},"content":{"rendered":"<div id=\"description\" class=\"row\" data-anchor=\"\u041e\u043f\u0438\u0441\u0430\u043d\u0438\u0435\">\n<div class=\"col-sm-12\">\n<p>Piy v\u0259 dig\u0259r \u00e7irkl\u0259rin par\u00e7alanmas\u0131n\u0131 v\u0259 hopdurulmas\u0131n\u0131 yax\u015f\u0131la\u015fd\u0131ran \u00fczl\u00fckl\u0259r, vanna ota\u011f\u0131nda v\u0259 m\u0259tb\u0259xd\u0259 olan inadkar \u00e7irkl\u0259ri (m\u0259s\u0259l\u0259n, g\u00fccl\u00fc \u00e7irkl\u0259nmi\u015f m\u0259tb\u0259x pilt\u0259sini) t\u0259mizl\u0259m\u0259k \u00fc\u00e7\u00fcn m\u00fck\u0259mm\u0259l se\u00e7imdir.<\/p>\n<\/div>\n<\/div>\n<div id=\"featurebenefits\" data-anchor=\"\u041e\u0441\u043e\u0431\u0435\u043d\u043d\u043e\u0441\u0442\u0438 \u0438 \u043f\u0440\u0435\u0438\u043c\u0443\u0449\u0435\u0441\u0442\u0432\u0430\"><\/div>","protected":false},"excerpt":{"rendered":"<section id=\"ribbon\">\n<div class=\"container\">\n<div class=\"row\">\n<div class=\"col-sm-12 col-lg-9\">\n<p>B\u00f6y\u00fck dair\u0259vi f\u0131r\u00e7a \u00fc\u00e7\u00fcn y\u00fcks\u0259k keyfiyy\u0259tli mikrolifd\u0259n (mikrofibra) haz\u0131rlanm\u0131\u015f 2 \u0259d\u0259d \u00fczl\u00fck, \u00e7irkl\u0259rin daha yax\u015f\u0131 t\u0259mizl\u0259nm\u0259sini t\u0259min edir v\u0259 m\u00fck\u0259mm\u0259l t\u0259mizlik n\u0259tic\u0259sin\u0259 z\u0259man\u0259t verir.<\/p>\n<\/div>\n<\/div>\n<\/div>\n<\/section>\n<div class=\"fg-products-details-stage\" data-kjs-app=\"products\/details\/stage\" data-kjs-entityid=\"9\">\n<div data-kjs-view=\"main\">\n<section class=\"container\">\n<div class=\"row fc-stage\">\n<div class=\"col-sm-7 col-md-8 fc-left\">\n<div class=\"fc-media\">\n<div class=\"fg-content-carousel fg-carousel-wrapper swiper swiper-initialized swiper-horizontal swiper-watch-progress swiper-backface-hidden\" data-kjs-app=\"content\/carousel\" data-kjs-entityid=\"15\">\n<div id=\"swiper-wrapper-4102fd6e7141c99c2\" class=\"fc-carousel swiper-wrapper\" aria-live=\"polite\">\n<div class=\"fc-carousel-slide swiper-slide fc-image-loaded swiper-slide-next swiper-slide-prev\" role=\"group\" data-kjs-slide=\"0\" aria-label=\"1 \/ 2\" data-swiper-slide-index=\"0\">\n<div class=\"fg-wishlist-control\" data-kjs-app=\"wishlist\/control\" data-kjs-entityid=\"16\">\n<div data-kjs-view=\"controls\"><\/div>\n<\/div>\n<div data-kjs-app=\"content\/lightbox\" data-kjs-entityid=\"17\"><\/div>\n<\/div>\n<\/div>\n<\/div>\n<\/div>\n<\/div>\n<\/div>\n<\/section>\n<\/div>\n<\/div>","protected":false},"featured_media":17056,"comment_status":"open","ping_status":"closed","template":"","meta":[],"product_cat":[15,567,570],"product_tag":[],"class_list":{"0":"post-17052","1":"product","2":"type-product","3":"status-publish","4":"has-post-thumbnail","6":"product_cat-home-garden","7":"product_cat-aksessuary","8":"product_cat-aksessuary-dlya-paroochistitelej","10":"first","11":"instock","12":"shipping-taxable","13":"purchasable","14":"product-type-simple"},"_links":{"self":[{"href":"https:\/\/karchershop.az\/az\/wp-json\/wp\/v2\/product\/17052","targetHints":{"allow":["GET"]}}],"collection":[{"href":"https:\/\/karchershop.az\/az\/wp-json\/wp\/v2\/product"}],"about":[{"href":"https:\/\/karchershop.az\/az\/wp-json\/wp\/v2\/types\/product"}],"replies":[{"embeddable":true,"href":"https:\/\/karchershop.az\/az\/wp-json\/wp\/v2\/comments?post=17052"}],"wp:featuredmedia":[{"embeddable":true,"href":"https:\/\/karchershop.az\/az\/wp-json\/wp\/v2\/media\/17056"}],"wp:attachment":[{"href":"https:\/\/karchershop.az\/az\/wp-json\/wp\/v2\/media?parent=17052"}],"wp:term":[{"taxonomy":"product_cat","embeddable":true,"href":"https:\/\/karchershop.az\/az\/wp-json\/wp\/v2\/product_cat?post=17052"},{"taxonomy":"product_tag","embeddable":true,"href":"https:\/\/karchershop.az\/az\/wp-json\/wp\/v2\/product_tag?post=17052"}],"curies":[{"name":"wp","href":"https:\/\/api.w.org\/{rel}","templated":true}]}}