{"id":17058,"date":"2026-05-07T16:44:42","date_gmt":"2026-05-07T12:44:42","guid":{"rendered":"https:\/\/karchershop.az\/?post_type=product&#038;p=17058"},"modified":"2026-05-07T16:47:00","modified_gmt":"2026-05-07T12:47:00","slug":"filtr-hepa-12","status":"publish","type":"product","link":"https:\/\/karchershop.az\/az\/home-garden\/aksessuary\/aksessuary-dlya-pylesososov\/filtr-hepa-12","title":{"rendered":"HEPA 12 Filteri"},"content":{"rendered":"<div id=\"description\" class=\"row\" data-anchor=\"\u041e\u043f\u0438\u0441\u0430\u043d\u0438\u0435\">\n<div class=\"col-sm-12\">\n<p>Gigiyenik HEPA-filtr (EN 1822:1998 standart\u0131na uy\u011fun olaraq) havada olan x\u0131rda \u00e7irk hiss\u0259cikl\u0259rini (\u00e7i\u00e7\u0259k tozlar\u0131, allergen tozlar v\u0259 s.) etibarl\u0131 \u015f\u0259kild\u0259 saxlay\u0131r. Y\u00fcks\u0259k s\u0259m\u0259r\u0259liliyi say\u0259sind\u0259 tozsorandan \u00e7\u0131xan hava, t\u0259mizlik apar\u0131lan otaqdak\u0131 havadan daha t\u0259miz olur. Filtr\u0131n h\u0259r il d\u0259yi\u015fdirilm\u0259si t\u00f6vsiy\u0259 olunur. HEPA 12 gigiyenik filtri VC 6 Cordless (Premium) ourFamily v\u0259 VC 7 Cordless yourMax aparatlar\u0131 \u00fc\u00e7\u00fcn uy\u011fundur.<\/p>\n<\/div>\n<\/div>\n<div id=\"featurebenefits\" data-anchor=\"\u041e\u0441\u043e\u0431\u0435\u043d\u043d\u043e\u0441\u0442\u0438 \u0438 \u043f\u0440\u0435\u0438\u043c\u0443\u0449\u0435\u0441\u0442\u0432\u0430\"><\/div>","protected":false},"excerpt":{"rendered":"<section id=\"ribbon\">\n<div class=\"container\">\n<div class=\"row\">\n<div class=\"col-sm-12 col-lg-9\">\n<p>Gigiyenik HEPA-filtr (EN 1822:1998 standart\u0131na uy\u011fun olaraq) tozsorandan \u00e7\u0131xan havan\u0131n otaqdak\u0131 havadan daha t\u0259miz olmas\u0131n\u0131 t\u0259min edir.<\/p>\n<\/div>\n<\/div>\n<\/div>\n<\/section>","protected":false},"featured_media":17061,"comment_status":"open","ping_status":"closed","template":"","meta":[],"product_cat":[15,567,569],"product_tag":[],"class_list":{"0":"post-17058","1":"product","2":"type-product","3":"status-publish","4":"has-post-thumbnail","6":"product_cat-home-garden","7":"product_cat-aksessuary","8":"product_cat-aksessuary-dlya-pylesososov","10":"first","11":"instock","12":"shipping-taxable","13":"purchasable","14":"product-type-simple"},"_links":{"self":[{"href":"https:\/\/karchershop.az\/az\/wp-json\/wp\/v2\/product\/17058","targetHints":{"allow":["GET"]}}],"collection":[{"href":"https:\/\/karchershop.az\/az\/wp-json\/wp\/v2\/product"}],"about":[{"href":"https:\/\/karchershop.az\/az\/wp-json\/wp\/v2\/types\/product"}],"replies":[{"embeddable":true,"href":"https:\/\/karchershop.az\/az\/wp-json\/wp\/v2\/comments?post=17058"}],"wp:featuredmedia":[{"embeddable":true,"href":"https:\/\/karchershop.az\/az\/wp-json\/wp\/v2\/media\/17061"}],"wp:attachment":[{"href":"https:\/\/karchershop.az\/az\/wp-json\/wp\/v2\/media?parent=17058"}],"wp:term":[{"taxonomy":"product_cat","embeddable":true,"href":"https:\/\/karchershop.az\/az\/wp-json\/wp\/v2\/product_cat?post=17058"},{"taxonomy":"product_tag","embeddable":true,"href":"https:\/\/karchershop.az\/az\/wp-json\/wp\/v2\/product_tag?post=17058"}],"curies":[{"name":"wp","href":"https:\/\/api.w.org\/{rel}","templated":true}]}}