{"id":17062,"date":"2026-05-07T17:23:23","date_gmt":"2026-05-07T13:23:23","guid":{"rendered":"https:\/\/karchershop.az\/?post_type=product&#038;p=17062"},"modified":"2026-05-07T17:25:31","modified_gmt":"2026-05-07T13:25:31","slug":"nabor-salfetok-dlya-kuhni-4-sht","status":"publish","type":"product","link":"https:\/\/karchershop.az\/az\/home-garden\/aksessuary\/nabor-salfetok-dlya-kuhni-4-sht","title":{"rendered":"M\u0259tb\u0259x \u00fc\u00e7\u00fcn salfet d\u0259sti, 4 \u0259d\u0259d."},"content":{"rendered":"<div id=\"description\" class=\"row\" data-anchor=\"\u041e\u043f\u0438\u0441\u0430\u043d\u0438\u0435\">\n<div class=\"col-sm-12\">\n<p>2 yum\u015faq pelu\u015f d\u00f6\u015f\u0259m\u0259 d\u0259smal\u0131 v\u0259 \u0259l ba\u015fl\u0131\u011f\u0131 \u00fc\u00e7\u00fcn 1 yum\u015faq pelu\u015f \u00f6rt\u00fck (\u00e7irkl\u0259rin daha yax\u015f\u0131 ayr\u0131lmas\u0131n\u0131 v\u0259 udulmas\u0131n\u0131 t\u0259min edir), paslanmaz polad s\u0259thl\u0259rin t\u0259mizl\u0259nm\u0259si v\u0259 onlara qulluq \u00fc\u00e7\u00fcn 1 iz qoymayan salfet. M\u0259tb\u0259x s\u0259thl\u0259rinin t\u0259mizl\u0259nm\u0259si \u00fc\u00e7\u00fcn x\u00fcsusi salfet.<\/p>\n<\/div>\n<\/div>\n<div id=\"featurebenefits\" data-anchor=\"\u041e\u0441\u043e\u0431\u0435\u043d\u043d\u043e\u0441\u0442\u0438 \u0438 \u043f\u0440\u0435\u0438\u043c\u0443\u0449\u0435\u0441\u0442\u0432\u0430\"><\/div>","protected":false},"excerpt":{"rendered":"<section id=\"ribbon\">\n<div class=\"container\">\n<div class=\"row\">\n<div class=\"col-sm-12 col-lg-9\">\n<p>2 yum\u015faq pelu\u015f d\u00f6\u015f\u0259m\u0259 d\u0259smal\u0131 v\u0259 \u0259l ba\u015fl\u0131\u011f\u0131 \u00fc\u00e7\u00fcn 1 yum\u015faq pelu\u015f \u00f6rt\u00fck (\u00e7irkl\u0259rin daha yax\u015f\u0131 ayr\u0131lmas\u0131n\u0131 v\u0259 udulmas\u0131n\u0131 t\u0259min edir), paslanmaz polad s\u0259thl\u0259rin t\u0259mizl\u0259nm\u0259si v\u0259 onlara qulluq \u00fc\u00e7\u00fcn 1 iz qoymayan salfet.<\/p>\n<\/div>\n<\/div>\n<\/div>\n<\/section>","protected":false},"featured_media":17065,"comment_status":"open","ping_status":"closed","template":"","meta":[],"product_cat":[15,567],"product_tag":[],"class_list":{"0":"post-17062","1":"product","2":"type-product","3":"status-publish","4":"has-post-thumbnail","6":"product_cat-home-garden","7":"product_cat-aksessuary","9":"first","10":"instock","11":"shipping-taxable","12":"purchasable","13":"product-type-simple"},"_links":{"self":[{"href":"https:\/\/karchershop.az\/az\/wp-json\/wp\/v2\/product\/17062","targetHints":{"allow":["GET"]}}],"collection":[{"href":"https:\/\/karchershop.az\/az\/wp-json\/wp\/v2\/product"}],"about":[{"href":"https:\/\/karchershop.az\/az\/wp-json\/wp\/v2\/types\/product"}],"replies":[{"embeddable":true,"href":"https:\/\/karchershop.az\/az\/wp-json\/wp\/v2\/comments?post=17062"}],"wp:featuredmedia":[{"embeddable":true,"href":"https:\/\/karchershop.az\/az\/wp-json\/wp\/v2\/media\/17065"}],"wp:attachment":[{"href":"https:\/\/karchershop.az\/az\/wp-json\/wp\/v2\/media?parent=17062"}],"wp:term":[{"taxonomy":"product_cat","embeddable":true,"href":"https:\/\/karchershop.az\/az\/wp-json\/wp\/v2\/product_cat?post=17062"},{"taxonomy":"product_tag","embeddable":true,"href":"https:\/\/karchershop.az\/az\/wp-json\/wp\/v2\/product_tag?post=17062"}],"curies":[{"name":"wp","href":"https:\/\/api.w.org\/{rel}","templated":true}]}}