{"id":17066,"date":"2026-05-07T18:45:54","date_gmt":"2026-05-07T14:45:54","guid":{"rendered":"https:\/\/karchershop.az\/?post_type=product&#038;p=17066"},"modified":"2026-05-07T18:45:54","modified_gmt":"2026-05-07T14:45:54","slug":"reguliruemaya-nasadka-dlya-poliva","status":"publish","type":"product","link":"https:\/\/karchershop.az\/az\/home-garden\/oborudovanie-dlya-poliva\/reguliruemaya-nasadka-dlya-poliva","title":{"rendered":"T\u0259nziml\u0259n\u0259n suvarma ba\u015fl\u0131\u011f\u0131."},"content":{"rendered":"<div id=\"description\" class=\"row\" data-anchor=\"\u041e\u043f\u0438\u0441\u0430\u043d\u0438\u0435\">\n<div class=\"col-sm-12\">\n<p>Bir \u0259ll\u0259 d\u00f6nd\u0259ril\u0259 bil\u0259n su ax\u0131n\u0131 t\u0259nziml\u0259m\u0259 ba\u015fl\u0131\u011f\u0131 say\u0259sind\u0259 iki p\u00fcsk\u00fcrtm\u0259 rejimi \u2014 n\u00f6qt\u0259vi \u015f\u0131rnaq v\u0259 konusvari \u015f\u0131rnaq aras\u0131nda r\u0259van ke\u00e7id etm\u0259k m\u00fcmk\u00fcnd\u00fcr. Bu, h\u0259m g\u00fcll\u0259rin v\u0259 g\u00fcl l\u0259kl\u0259rinin rahat suvar\u0131lmas\u0131na, h\u0259m d\u0259 terras v\u0259 ba\u011f mebell\u0259rind\u0259n \u00e7irkl\u0259rin effektiv \u015f\u0259kild\u0259 yuyulmas\u0131na \u015f\u0259rait yarad\u0131r. B\u00fct\u00fcn K\u00e4rcher suvarma ba\u015fl\u0131qlar\u0131 s\u00fcr\u0259tli qo\u015fulma sistemi il\u0259 t\u0259chiz olunub v\u0259 ba\u011f \u015flanq\u0131na asanl\u0131qla birl\u0259\u015fdirilir.<\/p>\n<\/div>\n<\/div>","protected":false},"excerpt":{"rendered":"<p>Ehtiyaclara uy\u011fun sad\u0259 suvarma. Su ax\u0131n\u0131n\u0131 t\u0259nziml\u0259m\u0259k \u00fc\u00e7\u00fcn bir \u0259ll\u0259 d\u00f6nd\u0259ril\u0259 bil\u0259n ba\u015fl\u0131\u011fa v\u0259 2 p\u00fcsk\u00fcrtm\u0259 rejimin\u0259 malikdir.<\/p>","protected":false},"featured_media":17067,"comment_status":"open","ping_status":"closed","template":"","meta":[],"product_cat":[15,515],"product_tag":[],"class_list":{"0":"post-17066","1":"product","2":"type-product","3":"status-publish","4":"has-post-thumbnail","6":"product_cat-home-garden","7":"product_cat-oborudovanie-dlya-poliva","9":"first","10":"instock","11":"shipping-taxable","12":"purchasable","13":"product-type-simple"},"_links":{"self":[{"href":"https:\/\/karchershop.az\/az\/wp-json\/wp\/v2\/product\/17066","targetHints":{"allow":["GET"]}}],"collection":[{"href":"https:\/\/karchershop.az\/az\/wp-json\/wp\/v2\/product"}],"about":[{"href":"https:\/\/karchershop.az\/az\/wp-json\/wp\/v2\/types\/product"}],"replies":[{"embeddable":true,"href":"https:\/\/karchershop.az\/az\/wp-json\/wp\/v2\/comments?post=17066"}],"wp:featuredmedia":[{"embeddable":true,"href":"https:\/\/karchershop.az\/az\/wp-json\/wp\/v2\/media\/17067"}],"wp:attachment":[{"href":"https:\/\/karchershop.az\/az\/wp-json\/wp\/v2\/media?parent=17066"}],"wp:term":[{"taxonomy":"product_cat","embeddable":true,"href":"https:\/\/karchershop.az\/az\/wp-json\/wp\/v2\/product_cat?post=17066"},{"taxonomy":"product_tag","embeddable":true,"href":"https:\/\/karchershop.az\/az\/wp-json\/wp\/v2\/product_tag?post=17066"}],"curies":[{"name":"wp","href":"https:\/\/api.w.org\/{rel}","templated":true}]}}