{"id":17078,"date":"2026-05-08T10:45:31","date_gmt":"2026-05-08T06:45:31","guid":{"rendered":"https:\/\/karchershop.az\/?post_type=product&#038;p=17078"},"modified":"2026-05-08T10:45:31","modified_gmt":"2026-05-08T06:45:31","slug":"gigienicheskij-filtr-hepa-dlya-kva-2","status":"publish","type":"product","link":"https:\/\/karchershop.az\/az\/home-garden\/aksessuary\/aksessuary-dlya-pylesososov\/gigienicheskij-filtr-hepa-dlya-kva-2","title":{"rendered":"KVA 2 \u00fc\u00e7\u00fcn HEPA gigiyenik filtr."},"content":{"rendered":"<div id=\"description\" class=\"row\" data-anchor=\"\u041e\u043f\u0438\u0441\u0430\u043d\u0438\u0435\">\n<div class=\"col-sm-12\">\n<p>Gigiyenik HEPA-filtr (EN 1822:1998) tozsovurandan xaric olunan havadak\u0131 tozcuqlar, allergenl\u0259r v\u0259 toz kimi \u0259n x\u0131rda \u00e7irk hiss\u0259cikl\u0259rini maksimum d\u0259r\u0259c\u0259d\u0259 effektiv \u015f\u0259kild\u0259 s\u00fcz\u00fcr. Y\u00fcks\u0259k filtrasiya s\u0259m\u0259r\u0259liliyi say\u0259sind\u0259 t\u0259mizlik zaman\u0131 xaric olunan hava \u00e7ox vaxt \u0259trafdak\u0131 havadan daha t\u0259miz olur. Optimal m\u0259hsuldarl\u0131q v\u0259 gigiyenan\u0131 t\u0259min etm\u0259k \u00fc\u00e7\u00fcn HEPA gigiyenik filtrini (EN 1822:1998) ild\u0259 bir d\u0259f\u0259 d\u0259yi\u015fdirm\u0259yi t\u00f6vsiy\u0259 edirik.<\/p>\n<\/div>\n<\/div>\n<div id=\"featurebenefits\" data-anchor=\"\u041e\u0441\u043e\u0431\u0435\u043d\u043d\u043e\u0441\u0442\u0438 \u0438 \u043f\u0440\u0435\u0438\u043c\u0443\u0449\u0435\u0441\u0442\u0432\u0430\"><\/div>","protected":false},"excerpt":{"rendered":"<p>Gigiyenik HEPA-filtr (EN 1822:1998) tozsovurandan xaric olunan havadak\u0131 \u0259n x\u0131rda hiss\u0259cikl\u0259ri bel\u0259 etibarl\u0131 \u015f\u0259kild\u0259 k\u0259narla\u015fd\u0131r\u0131r v\u0259 otaqda havan\u0131n \u0259h\u0259miyy\u0259tli d\u0259r\u0259c\u0259d\u0259 daha t\u0259miz olmas\u0131n\u0131 t\u0259min edir.<\/p>\n<div class=\"fg-products-details-stage\" data-kjs-app=\"products\/details\/stage\" data-kjs-entityid=\"9\">\n<div data-kjs-view=\"main\">\n<section class=\"container\">\n<div class=\"row fc-stage\">\n<div class=\"col-sm-7 col-md-8 fc-left\">\n<div class=\"fc-media\">\n<div class=\"fg-content-carousel fg-carousel-wrapper swiper swiper-initialized swiper-horizontal swiper-watch-progress swiper-backface-hidden\" data-kjs-app=\"content\/carousel\" data-kjs-entityid=\"15\">\n<div id=\"swiper-wrapper-ad10110442364e38510\" class=\"fc-carousel swiper-wrapper\" aria-live=\"polite\">\n<div class=\"fc-carousel-slide swiper-slide fc-visible swiper-slide-active fc-image-loaded\" role=\"group\" data-kjs-slide=\"0\" aria-label=\"1 \/ 1\">\n<div class=\"fg-wishlist-control\" data-kjs-app=\"wishlist\/control\" data-kjs-entityid=\"16\">\n<div data-kjs-view=\"controls\"><\/div>\n<\/div>\n<div data-kjs-app=\"content\/lightbox\" data-kjs-entityid=\"17\"><\/div>\n<\/div>\n<\/div>\n<\/div>\n<\/div>\n<\/div>\n<\/div>\n<\/section>\n<\/div>\n<\/div>","protected":false},"featured_media":17081,"comment_status":"open","ping_status":"closed","template":"","meta":[],"product_cat":[15,567,569],"product_tag":[],"class_list":{"0":"post-17078","1":"product","2":"type-product","3":"status-publish","4":"has-post-thumbnail","6":"product_cat-home-garden","7":"product_cat-aksessuary","8":"product_cat-aksessuary-dlya-pylesososov","10":"first","11":"instock","12":"shipping-taxable","13":"purchasable","14":"product-type-simple"},"_links":{"self":[{"href":"https:\/\/karchershop.az\/az\/wp-json\/wp\/v2\/product\/17078","targetHints":{"allow":["GET"]}}],"collection":[{"href":"https:\/\/karchershop.az\/az\/wp-json\/wp\/v2\/product"}],"about":[{"href":"https:\/\/karchershop.az\/az\/wp-json\/wp\/v2\/types\/product"}],"replies":[{"embeddable":true,"href":"https:\/\/karchershop.az\/az\/wp-json\/wp\/v2\/comments?post=17078"}],"wp:featuredmedia":[{"embeddable":true,"href":"https:\/\/karchershop.az\/az\/wp-json\/wp\/v2\/media\/17081"}],"wp:attachment":[{"href":"https:\/\/karchershop.az\/az\/wp-json\/wp\/v2\/media?parent=17078"}],"wp:term":[{"taxonomy":"product_cat","embeddable":true,"href":"https:\/\/karchershop.az\/az\/wp-json\/wp\/v2\/product_cat?post=17078"},{"taxonomy":"product_tag","embeddable":true,"href":"https:\/\/karchershop.az\/az\/wp-json\/wp\/v2\/product_tag?post=17078"}],"curies":[{"name":"wp","href":"https:\/\/api.w.org\/{rel}","templated":true}]}}