{"id":17083,"date":"2026-05-08T11:22:26","date_gmt":"2026-05-08T07:22:26","guid":{"rendered":"https:\/\/karchershop.az\/?post_type=product&#038;p=17083"},"modified":"2026-05-08T11:22:26","modified_gmt":"2026-05-08T07:22:26","slug":"nasadka-dlya-tverdyh-napolnyh-pokrytij","status":"publish","type":"product","link":"https:\/\/karchershop.az\/az\/home-garden\/aksessuary\/aksessuary-dlya-pylesososov\/nasadka-dlya-tverdyh-napolnyh-pokrytij","title":{"rendered":"S\u0259rt d\u00f6\u015f\u0259m\u0259 \u00f6rt\u00fckl\u0259ri \u00fc\u00e7\u00fcn ba\u015fl\u0131q."},"content":{"rendered":"<div id=\"description\" class=\"row\" data-anchor=\"\u041e\u043f\u0438\u0441\u0430\u043d\u0438\u0435\">\n<div class=\"col-sm-12\">\n<p>S\u0259rt d\u00f6\u015f\u0259m\u0259 \u00f6rt\u00fckl\u0259ri \u00fc\u00e7\u00fcn ba\u015fl\u0131\u011f\u0131n t\u0259chiz olundu\u011fu \u00e7ox yum\u015faq rolik say\u0259sind\u0259 parket, laminat, mantar, PVC, linoleum v\u0259 keramik plit\u0259 kimi h\u0259ssas materiallar\u0131 z\u0259d\u0259l\u0259m\u0259d\u0259n v\u0259 h\u0259rt\u0259r\u0259fli t\u0259mizl\u0259m\u0259k m\u00fcmk\u00fcnd\u00fcr. D\u00f6\u015f\u0259m\u0259 s\u0259thi \u00fcz\u0259rind\u0259 asanl\u0131qla s\u00fcr\u00fc\u015f\u0259n bu ba\u015fl\u0131q VC 4 Cordless (Premium) myHome, VC 6 Cordless (Premium) ourFamily v\u0259 VC 7 Cordless yourMax tozsovuranlar\u0131 \u00fc\u00e7\u00fcn bir se\u00e7im olaraq haz\u0131rlanm\u0131\u015fd\u0131r. Onun dig\u0259r bir \u00fcst\u00fcnl\u00fcy\u00fc is\u0259 y\u00fcks\u0259k manevr qabiliyy\u0259tini v\u0259 mebel alt\u0131ndak\u0131 d\u00f6\u015f\u0259m\u0259nin asanl\u0131qla t\u0259mizl\u0259nm\u0259sini t\u0259min ed\u0259n \u015farnir b\u0259rkidilm\u0259sidir. Ba\u015fl\u0131qda qura\u015fd\u0131r\u0131lm\u0131\u015f LED i\u015f\u0131qlar is\u0259 \u00e7irkl\u0259rin g\u00f6r\u00fcnm\u0259sini yax\u015f\u0131la\u015fd\u0131raraq t\u0259mizlik keyfiyy\u0259tini art\u0131ran \u00e7ox praktiki bir h\u0259lldir.<\/p>\n<\/div>\n<\/div>","protected":false},"excerpt":{"rendered":"<section id=\"ribbon\">\n<div class=\"container\">\n<div class=\"row\">\n<div class=\"col-sm-12 col-lg-9\">\n<p>K\u00e4rcher-in VC 4 Cordless myHome, VC 6 Cordless ourFamily v\u0259 VC 7 Cordless yourMax simsiz tozsovuranlar\u0131 \u00fc\u00e7\u00fcn t\u0259klif etdiyi s\u0259rt d\u00f6\u015f\u0259m\u0259 ba\u015fl\u0131qlar\u0131, h\u0259tta mexaniki t\u0259sirl\u0259r\u0259 qar\u015f\u0131 h\u0259ssas olan d\u00f6\u015f\u0259m\u0259l\u0259ri bel\u0259 z\u0259d\u0259l\u0259m\u0259d\u0259n t\u0259mizl\u0259m\u0259y\u0259 imkan verir.<\/p>\n<\/div>\n<\/div>\n<\/div>\n<\/section>","protected":false},"featured_media":17086,"comment_status":"open","ping_status":"closed","template":"","meta":[],"product_cat":[15,567,569],"product_tag":[],"class_list":{"0":"post-17083","1":"product","2":"type-product","3":"status-publish","4":"has-post-thumbnail","6":"product_cat-home-garden","7":"product_cat-aksessuary","8":"product_cat-aksessuary-dlya-pylesososov","10":"first","11":"instock","12":"shipping-taxable","13":"purchasable","14":"product-type-simple"},"_links":{"self":[{"href":"https:\/\/karchershop.az\/az\/wp-json\/wp\/v2\/product\/17083","targetHints":{"allow":["GET"]}}],"collection":[{"href":"https:\/\/karchershop.az\/az\/wp-json\/wp\/v2\/product"}],"about":[{"href":"https:\/\/karchershop.az\/az\/wp-json\/wp\/v2\/types\/product"}],"replies":[{"embeddable":true,"href":"https:\/\/karchershop.az\/az\/wp-json\/wp\/v2\/comments?post=17083"}],"wp:featuredmedia":[{"embeddable":true,"href":"https:\/\/karchershop.az\/az\/wp-json\/wp\/v2\/media\/17086"}],"wp:attachment":[{"href":"https:\/\/karchershop.az\/az\/wp-json\/wp\/v2\/media?parent=17083"}],"wp:term":[{"taxonomy":"product_cat","embeddable":true,"href":"https:\/\/karchershop.az\/az\/wp-json\/wp\/v2\/product_cat?post=17083"},{"taxonomy":"product_tag","embeddable":true,"href":"https:\/\/karchershop.az\/az\/wp-json\/wp\/v2\/product_tag?post=17083"}],"curies":[{"name":"wp","href":"https:\/\/api.w.org\/{rel}","templated":true}]}}