{"id":17087,"date":"2026-05-08T11:38:08","date_gmt":"2026-05-08T07:38:08","guid":{"rendered":"https:\/\/karchershop.az\/?post_type=product&#038;p=17087"},"modified":"2026-05-08T11:54:12","modified_gmt":"2026-05-08T07:54:12","slug":"pistolet-dlya-poliva","status":"publish","type":"product","link":"https:\/\/karchershop.az\/az\/home-garden\/oborudovanie-dlya-poliva\/pistolet-dlya-poliva","title":{"rendered":"Suvarma tapan\u00e7as\u0131."},"content":{"rendered":"<div id=\"description\" class=\"row\" data-anchor=\"\u041e\u043f\u0438\u0441\u0430\u043d\u0438\u0435\">\n<div class=\"col-sm-12\">\n<p>Suvarma tapan\u00e7as\u0131, sabit su ax\u0131n\u0131 \u00fc\u00e7\u00fcn kilidl\u0259n\u0259n d\u00fcym\u0259si say\u0259sind\u0259 ba\u011f\u0131n suvar\u0131lmas\u0131n\u0131 x\u00fcsusil\u0259 rahat edir. T\u0259nziml\u0259yicini \u00e7evirm\u0259kl\u0259 \u2013 h\u0259rfi m\u0259nada t\u0259k \u0259ll\u0259 \u2013 laz\u0131mi p\u00fcsk\u00fcrtm\u0259 rejimini se\u00e7m\u0259k m\u00fcmk\u00fcnd\u00fcr. 2 p\u00fcsk\u00fcrtm\u0259 rejimi m\u00f6vcuddur: n\u00f6qt\u0259vi \u015f\u0131rnaq v\u0259 konusvari \u015f\u0131rnaq. S\u0259lis ke\u00e7id imkan\u0131 \u00e7i\u00e7\u0259kl\u0259ri v\u0259 g\u00fcl kollar\u0131n\u0131 rahatl\u0131qla suvarma\u011fa, h\u0259m\u00e7inin terralardan v\u0259 ba\u011f mebell\u0259rind\u0259n \u00e7irki effektiv \u015f\u0259kild\u0259 yuma\u011fa imkan verir. B\u00fct\u00fcn K\u00e4rcher suvarma ba\u015fl\u0131qlar\u0131 s\u00fcr\u0259tli qo\u015fulma sistemi il\u0259 t\u0259chiz olunub v\u0259 ba\u011f \u015flanq\u0131na asanl\u0131qla birl\u0259\u015fdirilir.<\/p>\n<\/div>\n<\/div>\n<div id=\"featurebenefits\" data-anchor=\"\u041e\u0441\u043e\u0431\u0435\u043d\u043d\u043e\u0441\u0442\u0438 \u0438 \u043f\u0440\u0435\u0438\u043c\u0443\u0449\u0435\u0441\u0442\u0432\u0430\"><\/div>","protected":false},"excerpt":{"rendered":"<section id=\"ribbon\">\n<div class=\"container\">\n<div class=\"row\">\n<div class=\"col-sm-12 col-lg-9\">\n<p>\u0130deal ba\u015flan\u011f\u0131c s\u0259viyy\u0259li tapan\u00e7a. Ba\u011fda rahat suvarma \u00fc\u00e7\u00fcn kilidl\u0259n\u0259 bil\u0259n d\u00fcym\u0259 il\u0259 t\u0259chiz edilmi\u015fdir. Ba\u011f \u015flanq\u0131na qo\u015fulmaq \u00fc\u00e7\u00fcn s\u00fcr\u0259tli v\u0259 asand\u0131r.<\/p>\n<\/div>\n<\/div>\n<\/div>\n<\/section>\n<div class=\"fg-products-details-stage\" data-kjs-app=\"products\/details\/stage\" data-kjs-entityid=\"9\">\n<div data-kjs-view=\"main\">\n<section class=\"container\">\n<div class=\"row fc-stage\">\n<div class=\"col-sm-7 col-md-8 fc-left\">\n<div class=\"fc-media\">\n<div class=\"fg-content-carousel fg-carousel-wrapper swiper swiper-initialized swiper-horizontal swiper-watch-progress swiper-backface-hidden\" data-kjs-app=\"content\/carousel\" data-kjs-entityid=\"17\">\n<div id=\"swiper-wrapper-f666a678a58d10fe2\" class=\"fc-carousel swiper-wrapper\" aria-live=\"polite\">\n<div class=\"fc-carousel-slide swiper-slide fc-visible swiper-slide-active fc-image-loaded\" role=\"group\" data-kjs-slide=\"0\" aria-label=\"1 \/ 4\" data-swiper-slide-index=\"0\">\n<div class=\"fg-wishlist-control\" data-kjs-app=\"wishlist\/control\" data-kjs-entityid=\"18\">\n<div data-kjs-view=\"controls\"><\/div>\n<\/div>\n<\/div>\n<\/div>\n<\/div>\n<\/div>\n<\/div>\n<\/div>\n<\/section>\n<\/div>\n<\/div>","protected":false},"featured_media":17090,"comment_status":"open","ping_status":"closed","template":"","meta":[],"product_cat":[15,515],"product_tag":[],"class_list":{"0":"post-17087","1":"product","2":"type-product","3":"status-publish","4":"has-post-thumbnail","6":"product_cat-home-garden","7":"product_cat-oborudovanie-dlya-poliva","9":"first","10":"instock","11":"shipping-taxable","12":"purchasable","13":"product-type-simple"},"_links":{"self":[{"href":"https:\/\/karchershop.az\/az\/wp-json\/wp\/v2\/product\/17087","targetHints":{"allow":["GET"]}}],"collection":[{"href":"https:\/\/karchershop.az\/az\/wp-json\/wp\/v2\/product"}],"about":[{"href":"https:\/\/karchershop.az\/az\/wp-json\/wp\/v2\/types\/product"}],"replies":[{"embeddable":true,"href":"https:\/\/karchershop.az\/az\/wp-json\/wp\/v2\/comments?post=17087"}],"wp:featuredmedia":[{"embeddable":true,"href":"https:\/\/karchershop.az\/az\/wp-json\/wp\/v2\/media\/17090"}],"wp:attachment":[{"href":"https:\/\/karchershop.az\/az\/wp-json\/wp\/v2\/media?parent=17087"}],"wp:term":[{"taxonomy":"product_cat","embeddable":true,"href":"https:\/\/karchershop.az\/az\/wp-json\/wp\/v2\/product_cat?post=17087"},{"taxonomy":"product_tag","embeddable":true,"href":"https:\/\/karchershop.az\/az\/wp-json\/wp\/v2\/product_tag?post=17087"}],"curies":[{"name":"wp","href":"https:\/\/api.w.org\/{rel}","templated":true}]}}