{"id":17092,"date":"2026-05-08T13:36:18","date_gmt":"2026-05-08T09:36:18","guid":{"rendered":"https:\/\/karchershop.az\/?post_type=product&#038;p=17092"},"modified":"2026-05-08T17:59:02","modified_gmt":"2026-05-08T13:59:02","slug":"bystrozaryadnoe-ustrojstvo-dlya-akkumulyatora-18-v-2-5-a","status":"publish","type":"product","link":"https:\/\/karchershop.az\/az\/home-garden\/aksessuary\/aksessuary-dlya-minimoek\/bystrozaryadnoe-ustrojstvo-dlya-akkumulyatora-18-v-2-5-a","title":{"rendered":"18 V 2,5 A batareya \u00fc\u00e7\u00fcn s\u00fcr\u0259tli doldurma cihaz\u0131."},"content":{"rendered":"<div id=\"description\" class=\"row\" data-anchor=\"\u041e\u043f\u0438\u0441\u0430\u043d\u0438\u0435\">\n<div class=\"col-sm-12\">\n<div style=\"width: 980px;\" class=\"wp-video\"><video class=\"wp-video-shortcode\" id=\"video-17092-1\" width=\"980\" height=\"551\" preload=\"metadata\" controls=\"controls\"><source type=\"video\/mp4\" src=\"https:\/\/karchershop.az\/wp-content\/uploads\/2026\/05\/Video-Project-3-1.mp4?_=1\" \/><a href=\"https:\/\/karchershop.az\/wp-content\/uploads\/2026\/05\/Video-Project-3-1.mp4\">https:\/\/karchershop.az\/wp-content\/uploads\/2026\/05\/Video-Project-3-1.mp4<\/a><\/video><\/div>\n<h3 style=\"text-align: left;\"><strong>\u0130nteqr\u0259 edilmi\u015f divar m\u00f6t\u0259riz\u0259si (kronshteyn) say\u0259sind\u0259 s\u00fcr\u0259tli doldurma cihaz\u0131n\u0131 divara asanl\u0131qla b\u0259rkitm\u0259k olar. S\u00fcr\u0259tli doldurma cihaz\u0131 K\u00e4rcher Battery Power 18 V\/2.5 Ah \u0259v\u0259zl\u0259n\u0259 bil\u0259n batareyan\u0131 c\u0259mi 44 d\u0259qiq\u0259 \u0259rzind\u0259 80%-\u0259 q\u0259d\u0259r doldurur. O, h\u0259m\u00e7inin K\u00e4rcher 18 V Battery Power platformas\u0131ndak\u0131 b\u00fct\u00fcn dig\u0259r batareyalar\u0131n doldurulmas\u0131 \u00fc\u00e7\u00fcn istifad\u0259 edil\u0259 bil\u0259r.<\/strong><\/h3>\n<\/div>\n<\/div>\n<div id=\"featurebenefits\" data-anchor=\"\u041e\u0441\u043e\u0431\u0435\u043d\u043d\u043e\u0441\u0442\u0438 \u0438 \u043f\u0440\u0435\u0438\u043c\u0443\u0449\u0435\u0441\u0442\u0432\u0430\"><\/div>","protected":false},"excerpt":{"rendered":"<section id=\"ribbon\">\n<div class=\"container\">\n<div class=\"row\">\n<div class=\"col-sm-12 col-lg-9\">\n<p>S\u00fcr\u0259tli doldurma cihaz\u0131 K\u00e4rcher 18 V\/2,5 Ah batareyas\u0131n\u0131 c\u0259mi 44 d\u0259qiq\u0259 \u0259rzind\u0259 80%-\u0259 q\u0259d\u0259r doldurur v\u0259 18 V K\u00e4rcher Battery Power platformas\u0131ndak\u0131 b\u00fct\u00fcn batareyalar \u00fc\u00e7\u00fcn istifad\u0259 edil\u0259 bil\u0259r.<\/p>\n<\/div>\n<\/div>\n<\/div>\n<\/section>\n<div class=\"fg-products-details-stage\" data-kjs-app=\"products\/details\/stage\" data-kjs-entityid=\"9\">\n<div data-kjs-view=\"main\">\n<section class=\"container\">\n<div class=\"row fc-stage\">\n<div class=\"col-sm-7 col-md-8 fc-left\">\n<div class=\"fc-media\">\n<div class=\"fg-content-carousel fg-carousel-wrapper swiper swiper-initialized swiper-horizontal swiper-watch-progress swiper-backface-hidden\" data-kjs-app=\"content\/carousel\" data-kjs-entityid=\"17\">\n<div id=\"swiper-wrapper-6b421cedf7af1ae8\" class=\"fc-carousel swiper-wrapper\" aria-live=\"polite\">\n<div class=\"fc-carousel-slide swiper-slide fc-image-loaded swiper-slide-next\" role=\"group\" data-kjs-slide=\"2\" aria-label=\"3 \/ 6\" data-swiper-slide-index=\"2\">\n<div data-kjs-app=\"content\/lightbox\" data-kjs-entityid=\"23\"><\/div>\n<\/div>\n<\/div>\n<\/div>\n<\/div>\n<\/div>\n<\/div>\n<\/section>\n<\/div>\n<\/div>","protected":false},"featured_media":17102,"comment_status":"open","ping_status":"closed","template":"","meta":[],"product_cat":[575,15,567,570,569,71],"product_tag":[],"class_list":{"0":"post-17092","1":"product","2":"type-product","3":"status-publish","4":"has-post-thumbnail","6":"product_cat-aksessuary-dlya-vozduhoochistitelej","7":"product_cat-home-garden","8":"product_cat-aksessuary","9":"product_cat-aksessuary-dlya-paroochistitelej","10":"product_cat-aksessuary-dlya-pylesososov","11":"product_cat-aksessuary-dlya-minimoek","13":"first","14":"instock","15":"shipping-taxable","16":"purchasable","17":"product-type-simple"},"_links":{"self":[{"href":"https:\/\/karchershop.az\/az\/wp-json\/wp\/v2\/product\/17092","targetHints":{"allow":["GET"]}}],"collection":[{"href":"https:\/\/karchershop.az\/az\/wp-json\/wp\/v2\/product"}],"about":[{"href":"https:\/\/karchershop.az\/az\/wp-json\/wp\/v2\/types\/product"}],"replies":[{"embeddable":true,"href":"https:\/\/karchershop.az\/az\/wp-json\/wp\/v2\/comments?post=17092"}],"wp:featuredmedia":[{"embeddable":true,"href":"https:\/\/karchershop.az\/az\/wp-json\/wp\/v2\/media\/17102"}],"wp:attachment":[{"href":"https:\/\/karchershop.az\/az\/wp-json\/wp\/v2\/media?parent=17092"}],"wp:term":[{"taxonomy":"product_cat","embeddable":true,"href":"https:\/\/karchershop.az\/az\/wp-json\/wp\/v2\/product_cat?post=17092"},{"taxonomy":"product_tag","embeddable":true,"href":"https:\/\/karchershop.az\/az\/wp-json\/wp\/v2\/product_tag?post=17092"}],"curies":[{"name":"wp","href":"https:\/\/api.w.org\/{rel}","templated":true}]}}