{"id":17119,"date":"2026-05-08T18:31:46","date_gmt":"2026-05-08T14:31:46","guid":{"rendered":"https:\/\/karchershop.az\/?post_type=product&#038;p=17119"},"modified":"2026-05-08T18:31:46","modified_gmt":"2026-05-08T14:31:46","slug":"filtr-dlya-cvh-2-2-sht","status":"publish","type":"product","link":"https:\/\/karchershop.az\/az\/home-garden\/aksessuary\/aksessuary-dlya-pylesososov\/filtr-dlya-cvh-2-2-sht","title":{"rendered":"CVH 2 \u00fc\u00e7\u00fcn filtr, 2 \u0259d\u0259d."},"content":{"rendered":"<section id=\"ribbon\">\n<div class=\"container\">\n<div class=\"row\">\n<div class=\"col-sm-12 col-lg-9\">\n<div id=\"description\" class=\"row\" data-anchor=\"\u041e\u043f\u0438\u0441\u0430\u043d\u0438\u0435\">\n<div class=\"col-sm-12\">\n<p>Bizim CVH 2 akkumulyatorlu tozsoran\u0131m\u0131zla t\u0259mizlikd\u0259n sonra x\u00fcsusil\u0259 t\u0259miz hava il\u0259 n\u0259f\u0259s almaq imkan\u0131n\u0131 y\u00fcks\u0259k s\u0259m\u0259r\u0259li HEPA 12 filtri (EN 1822:1998 standart\u0131na uy\u011fun) t\u0259min edir. Bu filtr sorulan havan\u0131n t\u0259rkibind\u0259ki \u0259n x\u0131rda (0,3 mkm-d\u0259n ba\u015flayan) hiss\u0259cikl\u0259ri, g\u00f6b\u0259l\u0259k sporlar\u0131n\u0131, bakteriyalar\u0131, g\u00fcl tozlar\u0131n\u0131, g\u0259n\u0259 ifrazatlar\u0131n\u0131 v\u0259 dig\u0259r allergenl\u0259ri 99,5%-\u0259 q\u0259d\u0259r etibarl\u0131 \u015f\u0259kild\u0259 saxlay\u0131r. Filtri h\u0259r 2 h\u0259ft\u0259d\u0259n bir t\u0259mizl\u0259m\u0259k v\u0259 6 aydan bir d\u0259yi\u015fdirm\u0259k t\u00f6vsiy\u0259 olunur.<\/p>\n<\/div>\n<\/div>\n<div id=\"featurebenefits\" data-anchor=\"\u041e\u0441\u043e\u0431\u0435\u043d\u043d\u043e\u0441\u0442\u0438 \u0438 \u043f\u0440\u0435\u0438\u043c\u0443\u0449\u0435\u0441\u0442\u0432\u0430\"><\/div>\n<\/div>\n<\/div>\n<\/div>\n<\/section>\n<div class=\"fg-products-details-stage\" data-kjs-app=\"products\/details\/stage\" data-kjs-entityid=\"9\">\n<div data-kjs-view=\"main\">\n<section class=\"container\">\n<div class=\"row fc-stage\">\n<div class=\"col-sm-7 col-md-8 fc-left\">\n<div class=\"fc-media\">\n<div class=\"fg-content-carousel fg-carousel-wrapper swiper swiper-initialized swiper-horizontal swiper-watch-progress swiper-backface-hidden\" data-kjs-app=\"content\/carousel\" data-kjs-entityid=\"15\">\n<div id=\"swiper-wrapper-d9f00109a7b1aa2fb\" class=\"fc-carousel swiper-wrapper\" aria-live=\"polite\">\n<div class=\"fc-carousel-slide swiper-slide fc-visible swiper-slide-active fc-image-loaded\" role=\"group\" data-kjs-slide=\"0\" aria-label=\"1 \/ 4\" data-swiper-slide-index=\"0\">\n<div class=\"fg-wishlist-control\" data-kjs-app=\"wishlist\/control\" data-kjs-entityid=\"16\">\n<div data-kjs-view=\"controls\"><\/div>\n<\/div>\n<div data-kjs-app=\"content\/lightbox\" data-kjs-entityid=\"17\"><\/div>\n<\/div>\n<\/div>\n<\/div>\n<\/div>\n<\/div>\n<\/div>\n<\/section>\n<\/div>\n<\/div>","protected":false},"excerpt":{"rendered":"<section id=\"ribbon\">\n<div class=\"container\">\n<div class=\"row\">\n<div class=\"col-sm-12 col-lg-9\">\n<p>\u018fn x\u0131rda hiss\u0259cikl\u0259r, g\u00f6b\u0259l\u0259k sporlar\u0131, bakteriya v\u0259 allergenl\u0259r (g\u00fcl tozu, toz g\u0259n\u0259l\u0259rinin ifrazat\u0131 v\u0259 s.): b\u00fct\u00fcn bunlar\u0131 t\u0259miz hava \u00e7\u0131x\u0131\u015f\u0131n\u0131 t\u0259min ed\u0259n y\u00fcks\u0259k s\u0259m\u0259r\u0259li HEPA 12 filtrimiz (EN 1822:1998 standart\u0131na uy\u011fun olaraq) etibarl\u0131 \u015f\u0259kild\u0259 (99,5%) saxlay\u0131r.<\/p>\n<\/div>\n<\/div>\n<\/div>\n<\/section>\n<div class=\"fg-products-details-stage\" data-kjs-app=\"products\/details\/stage\" data-kjs-entityid=\"9\">\n<div data-kjs-view=\"main\">\n<section class=\"container\">\n<div class=\"row fc-stage\">\n<div class=\"col-sm-7 col-md-8 fc-left\">\n<div class=\"fc-media\">\n<div class=\"fg-content-carousel fg-carousel-wrapper swiper swiper-initialized swiper-horizontal swiper-watch-progress swiper-backface-hidden\" data-kjs-app=\"content\/carousel\" data-kjs-entityid=\"15\">\n<div id=\"swiper-wrapper-d9f00109a7b1aa2fb\" class=\"fc-carousel swiper-wrapper\" aria-live=\"polite\">\n<div class=\"fc-carousel-slide swiper-slide fc-visible swiper-slide-active fc-image-loaded\" role=\"group\" data-kjs-slide=\"0\" aria-label=\"1 \/ 4\" data-swiper-slide-index=\"0\">\n<div class=\"fg-wishlist-control\" data-kjs-app=\"wishlist\/control\" data-kjs-entityid=\"16\">\n<div data-kjs-view=\"controls\"><\/div>\n<\/div>\n<div data-kjs-app=\"content\/lightbox\" data-kjs-entityid=\"17\"><\/div>\n<\/div>\n<\/div>\n<\/div>\n<\/div>\n<\/div>\n<\/div>\n<\/section>\n<\/div>\n<\/div>","protected":false},"featured_media":17121,"comment_status":"open","ping_status":"closed","template":"","meta":[],"product_cat":[15,567,569],"product_tag":[],"class_list":{"0":"post-17119","1":"product","2":"type-product","3":"status-publish","4":"has-post-thumbnail","6":"product_cat-home-garden","7":"product_cat-aksessuary","8":"product_cat-aksessuary-dlya-pylesososov","10":"first","11":"instock","12":"shipping-taxable","13":"purchasable","14":"product-type-simple"},"_links":{"self":[{"href":"https:\/\/karchershop.az\/az\/wp-json\/wp\/v2\/product\/17119","targetHints":{"allow":["GET"]}}],"collection":[{"href":"https:\/\/karchershop.az\/az\/wp-json\/wp\/v2\/product"}],"about":[{"href":"https:\/\/karchershop.az\/az\/wp-json\/wp\/v2\/types\/product"}],"replies":[{"embeddable":true,"href":"https:\/\/karchershop.az\/az\/wp-json\/wp\/v2\/comments?post=17119"}],"wp:featuredmedia":[{"embeddable":true,"href":"https:\/\/karchershop.az\/az\/wp-json\/wp\/v2\/media\/17121"}],"wp:attachment":[{"href":"https:\/\/karchershop.az\/az\/wp-json\/wp\/v2\/media?parent=17119"}],"wp:term":[{"taxonomy":"product_cat","embeddable":true,"href":"https:\/\/karchershop.az\/az\/wp-json\/wp\/v2\/product_cat?post=17119"},{"taxonomy":"product_tag","embeddable":true,"href":"https:\/\/karchershop.az\/az\/wp-json\/wp\/v2\/product_tag?post=17119"}],"curies":[{"name":"wp","href":"https:\/\/api.w.org\/{rel}","templated":true}]}}