{"id":17131,"date":"2026-05-10T14:36:07","date_gmt":"2026-05-10T10:36:07","guid":{"rendered":"https:\/\/karchershop.az\/?post_type=product&#038;p=17131"},"modified":"2026-05-10T14:54:27","modified_gmt":"2026-05-10T10:54:27","slug":"nasadka-dlya-pylesosa-dlya-uborki-v-avtomobile","status":"publish","type":"product","link":"https:\/\/karchershop.az\/az\/home-garden\/aksessuary\/aksessuary-dlya-pylesososov\/nasadka-dlya-pylesosa-dlya-uborki-v-avtomobile","title":{"rendered":"Avtomobilin t\u0259mizl\u0259nm\u0259si \u00fc\u00e7\u00fcn tozsoran ba\u015fl\u0131\u011f\u0131."},"content":{"rendered":"<div id=\"description\" class=\"row\" data-anchor=\"\u041e\u043f\u0438\u0441\u0430\u043d\u0438\u0435\">\n<div class=\"col-sm-12\">\n<p>T\u0259s\u0259rr\u00fcfat tozsoranlar\u0131na qura\u015fd\u0131r\u0131la bil\u0259n rahat avtomobil ba\u015fl\u0131\u011f\u0131 vasit\u0259sil\u0259 avtomobil salonundak\u0131 h\u0259r n\u00f6v tekstil s\u0259thl\u0259ri (oturacaq \u00fczl\u00fckl\u0259rini, xal\u00e7alar\u0131 v\u0259 s.) v\u0259 y\u00fck yerini asanl\u0131qla t\u0259mizl\u0259m\u0259k m\u00fcmk\u00fcnd\u00fcr. Bu ba\u015fl\u0131q h\u0259m\u00e7inin evd\u0259 t\u0259mizlik i\u015fl\u0259ri, m\u0259s\u0259l\u0259n, matraslar\u0131n v\u0259 yum\u015faq mebell\u0259rin t\u0259mizl\u0259nm\u0259si \u00fc\u00e7\u00fcn d\u0259 uy\u011fundur.<\/p>\n<\/div>\n<\/div>","protected":false},"excerpt":{"rendered":"<section id=\"ribbon\">\n<div class=\"container\">\n<div class=\"row\">\n<div class=\"col-sm-12 col-lg-9\">\n<p>S\u00fcr\u0259tli v\u0259 asan t\u0259mizl\u0259nm\u0259 z\u0259man\u0259ti: avtomobil \u00fc\u00e7\u00fcn ba\u015fl\u0131q h\u0259m avtomobil salonunda, h\u0259m d\u0259 evd\u0259 tekstil s\u0259thl\u0259rini rahat v\u0259 h\u0259rt\u0259r\u0259fli t\u0259mizl\u0259m\u0259y\u0259 imkan verir.<\/p>\n<\/div>\n<\/div>\n<\/div>\n<\/section>\n<div class=\"fg-products-details-stage\" data-kjs-app=\"products\/details\/stage\" data-kjs-entityid=\"9\">\n<div data-kjs-view=\"main\">\n<section class=\"container\">\n<div class=\"row fc-stage\">\n<div class=\"col-sm-7 col-md-8 fc-left\">\n<div class=\"fc-media\">\n<div class=\"fg-content-carousel fg-carousel-wrapper swiper swiper-initialized swiper-horizontal swiper-watch-progress swiper-backface-hidden\" data-kjs-app=\"content\/carousel\" data-kjs-entityid=\"15\">\n<div id=\"swiper-wrapper-f9809af849119652\" class=\"fc-carousel swiper-wrapper\" aria-live=\"polite\">\n<div class=\"fc-carousel-slide swiper-slide fc-image-loaded swiper-slide-next\" role=\"group\" data-kjs-slide=\"1\" aria-label=\"2 \/ 5\" data-swiper-slide-index=\"1\">\n<div data-kjs-app=\"content\/lightbox\" data-kjs-entityid=\"19\"><\/div>\n<\/div>\n<\/div>\n<\/div>\n<\/div>\n<\/div>\n<\/div>\n<\/section>\n<\/div>\n<\/div>","protected":false},"featured_media":17132,"comment_status":"open","ping_status":"closed","template":"","meta":[],"product_cat":[15,567,569],"product_tag":[],"class_list":{"0":"post-17131","1":"product","2":"type-product","3":"status-publish","4":"has-post-thumbnail","6":"product_cat-home-garden","7":"product_cat-aksessuary","8":"product_cat-aksessuary-dlya-pylesososov","10":"first","11":"instock","12":"shipping-taxable","13":"purchasable","14":"product-type-simple"},"_links":{"self":[{"href":"https:\/\/karchershop.az\/az\/wp-json\/wp\/v2\/product\/17131","targetHints":{"allow":["GET"]}}],"collection":[{"href":"https:\/\/karchershop.az\/az\/wp-json\/wp\/v2\/product"}],"about":[{"href":"https:\/\/karchershop.az\/az\/wp-json\/wp\/v2\/types\/product"}],"replies":[{"embeddable":true,"href":"https:\/\/karchershop.az\/az\/wp-json\/wp\/v2\/comments?post=17131"}],"wp:featuredmedia":[{"embeddable":true,"href":"https:\/\/karchershop.az\/az\/wp-json\/wp\/v2\/media\/17132"}],"wp:attachment":[{"href":"https:\/\/karchershop.az\/az\/wp-json\/wp\/v2\/media?parent=17131"}],"wp:term":[{"taxonomy":"product_cat","embeddable":true,"href":"https:\/\/karchershop.az\/az\/wp-json\/wp\/v2\/product_cat?post=17131"},{"taxonomy":"product_tag","embeddable":true,"href":"https:\/\/karchershop.az\/az\/wp-json\/wp\/v2\/product_tag?post=17131"}],"curies":[{"name":"wp","href":"https:\/\/api.w.org\/{rel}","templated":true}]}}