{"id":17139,"date":"2026-05-10T15:10:16","date_gmt":"2026-05-10T11:10:16","guid":{"rendered":"https:\/\/karchershop.az\/?post_type=product&#038;p=17139"},"modified":"2026-05-10T15:10:17","modified_gmt":"2026-05-10T11:10:17","slug":"salfetka","status":"publish","type":"product","link":"https:\/\/karchershop.az\/az\/home-garden\/aksessuary\/aksessuary-dlya-pylesososov\/salfetka","title":{"rendered":"RCV 2 \u00fc\u00e7\u00fcn mikrofiber t\u0259mizl\u0259yici bez"},"content":{"rendered":"<div id=\"description\" class=\"row\" data-anchor=\"\u041e\u043f\u0438\u0441\u0430\u043d\u0438\u0435\">\n<div class=\"col-sm-12\">\n<p>D\u0259st\u0259 RCV 2 robot tozsoran\u0131 \u00fc\u00e7\u00fcn 2 \u0259d\u0259d **t\u0259mizl\u0259yici bez** daxildir. Cihaz n\u0259m t\u0259mizl\u0259m\u0259 rejimind\u0259 i\u015fl\u0259y\u0259rk\u0259n, y\u00fcks\u0259kkeyfiyy\u0259tli mikrofiber bez h\u0259r n\u00f6v b\u0259rk d\u00f6\u015f\u0259m\u0259 \u00f6rt\u00fckl\u0259rinin (m\u0259s\u0259l\u0259n: keramika plit\u0259l\u0259r, a\u011fac, laminat, PVC v\u0259 ya linoleum) optimal t\u0259mizl\u0259nm\u0259sini t\u0259min edir. O, azac\u0131q qurumu\u015f \u00e7irkl\u0259ri effektiv \u015f\u0259kild\u0259 k\u0259narla\u015fd\u0131r\u0131r v\u0259 qal\u0131q tozlar\u0131 yax\u015f\u0131 tutur. Bezl\u0259r \"velkro\" (yapi\u015fqanl\u0131 lent) b\u0259rkidicisi say\u0259sind\u0259 asanl\u0131qla v\u0259 tez qura\u015fd\u0131r\u0131l\u0131r, el\u0259c\u0259 d\u0259 d\u0259yi\u015fdirilir.<\/p>\n<\/div>\n<\/div>\n<div id=\"featurebenefits\" data-anchor=\"\u041e\u0441\u043e\u0431\u0435\u043d\u043d\u043e\u0441\u0442\u0438 \u0438 \u043f\u0440\u0435\u0438\u043c\u0443\u0449\u0435\u0441\u0442\u0432\u0430\"><\/div>","protected":false},"excerpt":{"rendered":"<section id=\"ribbon\">\n<div class=\"container\">\n<div class=\"row\">\n<div class=\"col-sm-12 col-lg-9\">\n<p>T\u0259mizlikd\u0259 optimal n\u0259tic\u0259l\u0259r \u00fc\u00e7\u00fcn: RCV 2 robot tozsoran\u0131 \u00fc\u00e7\u00fcn y\u00fcks\u0259kkeyfiyy\u0259tli mikrofiber **t\u0259mizl\u0259yici bezl\u0259r** d\u0259sti. Bu d\u0259st cihaz\u0131 b\u0259rk d\u00f6\u015f\u0259m\u0259 \u00f6rt\u00fckl\u0259rinin n\u0259m t\u0259mizl\u0259nm\u0259si \u00fc\u00e7\u00fcn istifad\u0259 etm\u0259y\u0259 imkan verir.<\/p>\n<\/div>\n<\/div>\n<\/div>\n<\/section>\n<div class=\"fg-products-details-stage\" data-kjs-app=\"products\/details\/stage\" data-kjs-entityid=\"9\">\n<div data-kjs-view=\"main\">\n<section class=\"container\">\n<div class=\"row fc-stage\">\n<div class=\"col-sm-7 col-md-8 fc-left\">\n<div class=\"fc-media\">\n<div class=\"fg-content-carousel fg-carousel-wrapper swiper swiper-initialized swiper-horizontal swiper-watch-progress swiper-backface-hidden\" data-kjs-app=\"content\/carousel\" data-kjs-entityid=\"15\">\n<div id=\"swiper-wrapper-f134f3635df28fc9\" class=\"fc-carousel swiper-wrapper\" aria-live=\"polite\">\n<div class=\"fc-carousel-slide swiper-slide fc-visible swiper-slide-active fc-image-loaded\" role=\"group\" data-kjs-slide=\"0\" aria-label=\"1 \/ 6\" data-swiper-slide-index=\"0\">\n<div class=\"fg-wishlist-control\" data-kjs-app=\"wishlist\/control\" data-kjs-entityid=\"16\">\n<div data-kjs-view=\"controls\"><\/div>\n<\/div>\n<div data-kjs-app=\"content\/lightbox\" data-kjs-entityid=\"17\"><\/div>\n<\/div>\n<\/div>\n<\/div>\n<\/div>\n<\/div>\n<\/div>\n<\/section>\n<\/div>\n<\/div>","protected":false},"featured_media":17142,"comment_status":"open","ping_status":"closed","template":"","meta":[],"product_cat":[15,567,569],"product_tag":[],"class_list":{"0":"post-17139","1":"product","2":"type-product","3":"status-publish","4":"has-post-thumbnail","6":"product_cat-home-garden","7":"product_cat-aksessuary","8":"product_cat-aksessuary-dlya-pylesososov","10":"first","11":"instock","12":"shipping-taxable","13":"purchasable","14":"product-type-simple"},"_links":{"self":[{"href":"https:\/\/karchershop.az\/az\/wp-json\/wp\/v2\/product\/17139","targetHints":{"allow":["GET"]}}],"collection":[{"href":"https:\/\/karchershop.az\/az\/wp-json\/wp\/v2\/product"}],"about":[{"href":"https:\/\/karchershop.az\/az\/wp-json\/wp\/v2\/types\/product"}],"replies":[{"embeddable":true,"href":"https:\/\/karchershop.az\/az\/wp-json\/wp\/v2\/comments?post=17139"}],"wp:featuredmedia":[{"embeddable":true,"href":"https:\/\/karchershop.az\/az\/wp-json\/wp\/v2\/media\/17142"}],"wp:attachment":[{"href":"https:\/\/karchershop.az\/az\/wp-json\/wp\/v2\/media?parent=17139"}],"wp:term":[{"taxonomy":"product_cat","embeddable":true,"href":"https:\/\/karchershop.az\/az\/wp-json\/wp\/v2\/product_cat?post=17139"},{"taxonomy":"product_tag","embeddable":true,"href":"https:\/\/karchershop.az\/az\/wp-json\/wp\/v2\/product_tag?post=17139"}],"curies":[{"name":"wp","href":"https:\/\/api.w.org\/{rel}","templated":true}]}}