{"id":17148,"date":"2026-05-10T17:13:56","date_gmt":"2026-05-10T13:13:56","guid":{"rendered":"https:\/\/karchershop.az\/?post_type=product&#038;p=17148"},"modified":"2026-05-10T17:13:57","modified_gmt":"2026-05-10T13:13:57","slug":"filtruyushhie-meshki-iz-flisa-kfi-137","status":"publish","type":"product","link":"https:\/\/karchershop.az\/az\/home-garden\/aksessuary\/aksessuary-dlya-pylesososov\/filtruyushhie-meshki-iz-flisa-kfi-137","title":{"rendered":"KFI 137 flis filtr torbalar\u0131"},"content":{"rendered":"<div id=\"description\" class=\"row\" data-anchor=\"Description\">\n<div class=\"col-sm-12\">\n<p><span dir=\"auto\">WD 1 \/ WD 1 Classic \/ WD 1s Classic ya\u015f v\u0259 quru t\u0259mizl\u0259m\u0259 tozsoranlar\u0131 \u00fc\u00e7\u00fcn n\u0259z\u0259rd\u0259 tutulmu\u015fdur: \u00fc\u00e7qatl\u0131 flis filtr torbas\u0131 uzunm\u00fcdd\u0259tli sovurma g\u00fcc\u00fc v\u0259 y\u00fcks\u0259k toz saxlama d\u0259r\u0259c\u0259si t\u0259min edir.<\/span><\/p>\n<\/div>\n<\/div>\n<div id=\"featurebenefits\" data-anchor=\"Features and benefits\"><\/div>","protected":false},"excerpt":{"rendered":"<section id=\"ribbon\">\n<div class=\"container\">\n<div class=\"row\">\n<div class=\"col-sm-12 col-lg-9\">\n<p><span dir=\"auto\">WD 1 \/ WD 1 Classic \/ WD 1s Classic ya\u015f v\u0259 quru t\u0259mizl\u0259m\u0259 tozsoranlar\u0131 \u00fc\u00e7\u00fcn n\u0259z\u0259rd\u0259 tutulmu\u015fdur: \u00fc\u00e7qatl\u0131 flis filtr torbas\u0131 uzunm\u00fcdd\u0259tli sovurma g\u00fcc\u00fc v\u0259 y\u00fcks\u0259k toz saxlama d\u0259r\u0259c\u0259si t\u0259min edir.<\/span><\/p>\n<\/div>\n<\/div>\n<\/div>\n<\/section>\n<div class=\"fg-products-details-stage\" data-kjs-app=\"products\/details\/stage\" data-kjs-entityid=\"14\">\n<div data-kjs-view=\"main\">\n<section class=\"container\">\n<div class=\"fg-page-promotion fc-petrol\">\n<div class=\"col-xs-12\"><\/div>\n<\/div>\n<\/section>\n<\/div>\n<\/div>","protected":false},"featured_media":17150,"comment_status":"open","ping_status":"closed","template":"","meta":[],"product_cat":[15,567,569],"product_tag":[],"class_list":{"0":"post-17148","1":"product","2":"type-product","3":"status-publish","4":"has-post-thumbnail","6":"product_cat-home-garden","7":"product_cat-aksessuary","8":"product_cat-aksessuary-dlya-pylesososov","10":"first","11":"instock","12":"shipping-taxable","13":"purchasable","14":"product-type-simple"},"_links":{"self":[{"href":"https:\/\/karchershop.az\/az\/wp-json\/wp\/v2\/product\/17148","targetHints":{"allow":["GET"]}}],"collection":[{"href":"https:\/\/karchershop.az\/az\/wp-json\/wp\/v2\/product"}],"about":[{"href":"https:\/\/karchershop.az\/az\/wp-json\/wp\/v2\/types\/product"}],"replies":[{"embeddable":true,"href":"https:\/\/karchershop.az\/az\/wp-json\/wp\/v2\/comments?post=17148"}],"wp:featuredmedia":[{"embeddable":true,"href":"https:\/\/karchershop.az\/az\/wp-json\/wp\/v2\/media\/17150"}],"wp:attachment":[{"href":"https:\/\/karchershop.az\/az\/wp-json\/wp\/v2\/media?parent=17148"}],"wp:term":[{"taxonomy":"product_cat","embeddable":true,"href":"https:\/\/karchershop.az\/az\/wp-json\/wp\/v2\/product_cat?post=17148"},{"taxonomy":"product_tag","embeddable":true,"href":"https:\/\/karchershop.az\/az\/wp-json\/wp\/v2\/product_tag?post=17148"}],"curies":[{"name":"wp","href":"https:\/\/api.w.org\/{rel}","templated":true}]}}